{"id":25192,"date":"2017-08-29T10:17:19","date_gmt":"2017-08-29T08:17:19","guid":{"rendered":"https:\/\/www.autopistas.com\/avantatges\/"},"modified":"2018-01-11T14:47:33","modified_gmt":"2018-01-11T13:47:33","slug":"avantatges","status":"publish","type":"page","link":"https:\/\/www.autopistas.com\/ca\/serveis\/avantatges\/","title":{"rendered":"Avantatges"},"content":{"rendered":"<div class=\"wpb-content-wrapper\"><p>[vc_row full_width=&#8221;stretch_row&#8221; content_placement=&#8221;middle&#8221; css=&#8221;.vc_custom_1504792731185{background-image: url(https:\/\/www.autopistas.com\/wp-content\/uploads\/2017\/08\/ventajas-header-def.jpg?id=15295) !important;background-position: center !important;background-repeat: no-repeat !important;background-size: cover !important;}&#8221; el_class=&#8221;texto-blanco banner-principal&#8221;][vc_column css=&#8221;.vc_custom_1503505687108{padding-top: 20px !important;padding-bottom: 20px !important;}&#8221; offset=&#8221;vc_col-lg-7 vc_col-md-7 vc_col-xs-12&#8243;][vc_custom_heading text=&#8221;Avantatges&#8221; font_container=&#8221;tag:h1|text_align:left|color:%23ffffff&#8221; use_theme_fonts=&#8221;yes&#8221; el_class=&#8221;titulo6 sombra-titulo&#8221; css=&#8221;.vc_custom_1504001364839{margin-top: 0px !important;margin-bottom: 0px !important;}&#8221;][vc_column_text css=&#8221;.vc_custom_1504098459830{margin-bottom: 0px !important;}&#8221; el_class=&#8221;sombra-titulo titulo8 linea-estrecha&#8221;][\/vc_column_text][\/vc_column][\/vc_row][vc_row content_placement=&#8221;top&#8221; el_class=&#8221;migadepan hidden-xs&#8221;][vc_column css=&#8221;.vc_custom_1499096001229{padding-top: 18px !important;}&#8221;][vc_column_text css=&#8221;.vc_custom_1499095990112{margin-top: 0px !important;margin-bottom: 0px !important;}&#8221;]<ul id=\"migadepan\" class=\"migadepan\"><li class=\"item-home\"><a class=\"bread-link bread-home\" href=\"https:\/\/www.autopistas.com\/ca\/\" title=\"Home\">Home<\/a><\/li><li class=\"separator separator-home\"> <span class=\"glyphicon glyphicon-menu-right\"><\/span> <\/li><\/ul>[\/vc_column_text][\/vc_column][\/vc_row][vc_row full_width=&#8221;stretch_row&#8221; equal_height=&#8221;yes&#8221; content_placement=&#8221;top&#8221; el_class=&#8221;ventajas texto-cuerpo&#8221; css=&#8221;.vc_custom_1504025775592{padding-top: 40px !important;padding-bottom: 60px !important;}&#8221;][vc_column offset=&#8221;vc_col-lg-8 vc_col-md-8 vc_col-xs-12&#8243; css=&#8221;.vc_custom_1504026254673{padding-top: 20px !important;}&#8221;][vc_column_text el_class=&#8221;titulo5 linea-media texto-naranja&#8221; css=&#8221;.vc_custom_1504026344872{margin-bottom: 25px !important;}&#8221;]Via T, viatja c\u00f2modament i sense interrupcions[\/vc_column_text][vc_column_text css=&#8221;.vc_custom_1505391441963{margin-bottom: 10px !important;}&#8221; el_class=&#8221;texto-cuerpo2&#8243;]<strong>Via T<\/strong> \u00e9s el sistema de pagament per autopista m\u00e9s c\u00f2mode, r\u00e0pid i segur. Amb <strong>Via T<\/strong> no nom\u00e9s estalviar\u00e0s temps, tamb\u00e9 consumir\u00e0s menys combustible i contribuir\u00e0s a millorar el medi ambient reduint les emissions de CO2. Tamb\u00e9, amb <strong>Via T<\/strong>, t&#8217;oferim sempre m\u00e9s descomptes i avantatges especials.[\/vc_column_text][vc_raw_html css=&#8221;.vc_custom_1504025019278{margin-top: 15px !important;margin-bottom: 15px !important;}&#8221;]PGEgY2xhc3M9ImJ0biBidG4tcHJpbWFyeSBib3RvbjQiIGhyZWY9Imh0dHBzOi8vcHJvZC5hdXRvcGlzdGFzLnByZXByb2R1Y2Npb24uY29tL2NhL2xhLXRldmEtYXV0b3Bpc3RhL2F2YW50YXRnZXMvdmlhLXQvIj5EZXNjb2JyZWl4IFZpYSBUPGltZyBzcmM9Ii93cC1jb250ZW50L3RoZW1lcy9hdXRvcGlzdGFzL2ltZy9pY29ucy9mbGVjaGEtZGVyZWNoYS13aGl0ZS5wbmciIC8+PC9hPg==[\/vc_raw_html][\/vc_column][vc_column offset=&#8221;vc_col-lg-4 vc_col-md-4 vc_col-xs-12&#8243; css=&#8221;.vc_custom_1504026247462{padding-top: 30px !important;}&#8221;][vc_single_image image=&#8221;14781&#8243; img_size=&#8221;full&#8221; css=&#8221;.vc_custom_1504098481395{margin-bottom: 0px !important;}&#8221;][\/vc_column][\/vc_row][vc_row full_width=&#8221;stretch_row&#8221; equal_height=&#8221;yes&#8221; content_placement=&#8221;top&#8221; el_class=&#8221;ventajas texto-cuerpo&#8221; css=&#8221;.vc_custom_1504025801287{padding-top: 40px !important;padding-bottom: 60px !important;background-color: #f5f5f5 !important;}&#8221;][vc_column offset=&#8221;vc_col-lg-4 vc_col-md-4 vc_col-xs-12&#8243; css=&#8221;.vc_custom_1504026260681{padding-top: 30px !important;}&#8221;][vc_single_image image=&#8221;14784&#8243; img_size=&#8221;full&#8221; css=&#8221;.vc_custom_1504098499491{margin-bottom: 0px !important;}&#8221;][\/vc_column][vc_column offset=&#8221;vc_col-lg-8 vc_col-md-8 vc_col-xs-12&#8243; css=&#8221;.vc_custom_1504026186013{padding-top: 20px !important;}&#8221;][vc_column_text el_class=&#8221;titulo5 linea-media texto-naranja&#8221; css=&#8221;.vc_custom_1504026351616{margin-bottom: 25px !important;}&#8221;]Descomptes[\/vc_column_text][vc_column_text css=&#8221;.vc_custom_1515678257959{margin-bottom: 10px !important;}&#8221; el_class=&#8221;texto-cuerpo2&#8243;]Ara, estalviar en autopistes \u00e9s molt m\u00e9s f\u00e0cil. Si tens <strong>Via T<\/strong>, t&#8217;oferim diferents tipus de descomptes. Consulta el que s&#8217;adapta millor a les teves necessitats.[\/vc_column_text][vc_raw_html css=&#8221;.vc_custom_1513767519420{margin-top: 15px !important;margin-bottom: 15px !important;}&#8221;]PGEgY2xhc3M9ImJ0biBidG4tcHJpbWFyeSBib3RvbjQiIGhyZWY9Imh0dHBzOi8vcHJvZC5hdXRvcGlzdGFzLnByZXByb2R1Y2Npb24uY29tL2NhL2xhLXRldmEtYXV0b3Bpc3RhL2F2YW50YXRnZXMvZGVzY29tcHRlcy8iPkRlc2NvYnJlaXggZWxzIGRlc2NvbXB0ZXMgZCdBdXRvcGlzdGFzPGltZyBjbGFzcz0iaGlkZGVuLXhzIiBzcmM9Ii93cC1jb250ZW50L3RoZW1lcy9hdXRvcGlzdGFzL2ltZy9pY29ucy9mbGVjaGEtZGVyZWNoYS13aGl0ZS5wbmciIC8+PC9hPg==[\/vc_raw_html][\/vc_column][\/vc_row][vc_row equal_height=&#8221;yes&#8221; content_placement=&#8221;top&#8221; el_class=&#8221;ventajas texto-cuerpo&#8221; css=&#8221;.vc_custom_1504025831858{padding-top: 40px !important;padding-bottom: 60px !important;}&#8221;][vc_column offset=&#8221;vc_col-lg-8 vc_col-md-8 vc_col-xs-12&#8243; css=&#8221;.vc_custom_1504026192980{padding-top: 20px !important;}&#8221;][vc_column_text el_class=&#8221;titulo5 linea-media texto-naranja&#8221; css=&#8221;.vc_custom_1504026357524{margin-bottom: 25px !important;}&#8221;]Simulador de descomptes[\/vc_column_text][vc_column_text css=&#8221;.vc_custom_1505391378610{margin-bottom: 10px !important;}&#8221; el_class=&#8221;texto-cuerpo2&#8243;]<strong>Quin import em puc estalviar?<\/strong> Indica&#8217;ns els teus h\u00e0bits de viatge i et facilitem els descomptes que pots obtenir a les nostres autopistes.<br \/>\nEl Simulador de descomptes t&#8217;ajuda a planificar els teus viatges.[\/vc_column_text][vc_raw_html css=&#8221;.vc_custom_1504028647065{margin-top: 15px !important;margin-bottom: 15px !important;}&#8221;]PGEgY2xhc3M9ImJ0biBidG4tcHJpbWFyeSBib3RvbjQiIGhyZWY9Imh0dHBzOi8vcHJvZC5hdXRvcGlzdGFzLnByZXByb2R1Y2Npb24uY29tL2NhL2xhLXRldmEtYXV0b3Bpc3RhL2F2YW50YXRnZXMvc2ltdWxhZG9yLWRlLWRlc2NvbXB0ZXMvIj5Db21lbmNldSBhcmE8aW1nIHNyYz0iL3dwLWNvbnRlbnQvdGhlbWVzL2F1dG9waXN0YXMvaW1nL2ljb25zL2ZsZWNoYS1kZXJlY2hhLXdoaXRlLnBuZyIgLz48L2E+[\/vc_raw_html][\/vc_column][vc_column offset=&#8221;vc_col-lg-4 vc_col-md-4 vc_col-xs-12&#8243; css=&#8221;.vc_custom_1504026199658{padding-top: 30px !important;}&#8221;][vc_single_image image=&#8221;14788&#8243; img_size=&#8221;full&#8221; css=&#8221;.vc_custom_1504098567335{margin-bottom: 0px !important;}&#8221;][\/vc_column][\/vc_row][vc_row content_placement=&#8221;top&#8221; el_class=&#8221;banner-footer&#8221;][vc_column][atpbanners banner_id=&#8221;random&#8221; full_width=&#8221;true&#8221; columns_number=&#8221;12&#8243;][\/vc_column][\/vc_row]<\/p>\n<\/div>","protected":false},"excerpt":{"rendered":"<p>[vc_row full_width=&#8221;stretch_row&#8221; content_placement=&#8221;middle&#8221; css=&#8221;.vc_custom_1504792731185{background-image: url(https:\/\/www.autopistas.com\/wp-content\/uploads\/2017\/08\/ventajas-header-def.jpg?id=15295) !important;background-position: center !important;background-repeat: no-repeat !important;background-size: cover !important;}&#8221; el_class=&#8221;texto-blanco banner-principal&#8221;][vc_column css=&#8221;.vc_custom_1503505687108{padding-top: 20px !important;padding-bottom: 20px !important;}&#8221; offset=&#8221;vc_col-lg-7 vc_col-md-7 vc_col-xs-12&#8243;][vc_custom_heading text=&#8221;Avantatges&#8221; font_container=&#8221;tag:h1|text_align:left|color:%23ffffff&#8221; use_theme_fonts=&#8221;yes&#8221; el_class=&#8221;titulo6 sombra-titulo&#8221; css=&#8221;.vc_custom_1504001364839{margin-top: 0px !important;margin-bottom: 0px !important;}&#8221;][vc_column_text css=&#8221;.vc_custom_1504098459830{margin-bottom: 0px !important;}&#8221; el_class=&#8221;sombra-titulo titulo8 linea-estrecha&#8221;][\/vc_column_text][\/vc_column][\/vc_row][vc_row content_placement=&#8221;top&#8221; el_class=&#8221;migadepan hidden-xs&#8221;][vc_column css=&#8221;.vc_custom_1499096001229{padding-top: 18px !important;}&#8221;][vc_column_text css=&#8221;.vc_custom_1499095990112{margin-top: 0px !important;margin-bottom: 0px !important;}&#8221;][\/vc_column_text][\/vc_column][\/vc_row][vc_row full_width=&#8221;stretch_row&#8221; equal_height=&#8221;yes&#8221; content_placement=&#8221;top&#8221; el_class=&#8221;ventajas texto-cuerpo&#8221; css=&#8221;.vc_custom_1504025775592{padding-top: &#8230;<\/p>\n","protected":false},"author":1,"featured_media":0,"parent":26407,"menu_order":0,"comment_status":"closed","ping_status":"closed","template":"","meta":{"footnotes":""},"yoast_head":"<!-- This site is optimized with the Yoast SEO Premium plugin v19.5 (Yoast SEO v19.10) - https:\/\/yoast.com\/wordpress\/plugins\/seo\/ -->\n<title>Espai Avantatges Autopistas<\/title>\n<meta name=\"description\" content=\"Troba tot el que necessites saber sobre el sistema de pagament Via T i descobreix una manera f\u00e0cil de trobar tots els descomptes de les teves trajectes habituals.\" \/>\n<meta name=\"robots\" content=\"index, follow, max-snippet:-1, max-image-preview:large, max-video-preview:-1\" \/>\n<link rel=\"canonical\" href=\"https:\/\/www.autopistas.com\/ca\/serveis\/avantatges\/\" \/>\n<meta property=\"og:locale\" content=\"ca_ES\" \/>\n<meta property=\"og:type\" content=\"article\" \/>\n<meta property=\"og:title\" content=\"Avantatges\" \/>\n<meta property=\"og:description\" content=\"Troba tot el que necessites saber sobre el sistema de pagament Via T i descobreix una manera f\u00e0cil de trobar tots els descomptes de les teves trajectes habituals.\" \/>\n<meta property=\"og:url\" content=\"https:\/\/www.autopistas.com\/ca\/serveis\/avantatges\/\" \/>\n<meta property=\"og:site_name\" content=\"Autopistas\" \/>\n<meta property=\"article:modified_time\" content=\"2018-01-11T13:47:33+00:00\" \/>\n<meta name=\"twitter:card\" content=\"summary_large_image\" \/>\n<meta name=\"twitter:label1\" content=\"Temps estimat de lectura\" \/>\n\t<meta name=\"twitter:data1\" content=\"4 minuts\" \/>\n<script type=\"application\/ld+json\" class=\"yoast-schema-graph\">{\"@context\":\"https:\/\/schema.org\",\"@graph\":[{\"@type\":\"WebPage\",\"@id\":\"https:\/\/www.autopistas.com\/ca\/serveis\/avantatges\/\",\"url\":\"https:\/\/www.autopistas.com\/ca\/serveis\/avantatges\/\",\"name\":\"Espai Avantatges Autopistas\",\"isPartOf\":{\"@id\":\"https:\/\/www.autopistas.com\/ca\/#website\"},\"datePublished\":\"2017-08-29T08:17:19+00:00\",\"dateModified\":\"2018-01-11T13:47:33+00:00\",\"description\":\"Troba tot el que necessites saber sobre el sistema de pagament Via T i descobreix una manera f\u00e0cil de trobar tots els descomptes de les teves trajectes habituals.\",\"breadcrumb\":{\"@id\":\"https:\/\/www.autopistas.com\/ca\/serveis\/avantatges\/#breadcrumb\"},\"inLanguage\":\"ca\",\"potentialAction\":[{\"@type\":\"ReadAction\",\"target\":[\"https:\/\/www.autopistas.com\/ca\/serveis\/avantatges\/\"]}]},{\"@type\":\"BreadcrumbList\",\"@id\":\"https:\/\/www.autopistas.com\/ca\/serveis\/avantatges\/#breadcrumb\",\"itemListElement\":[{\"@type\":\"ListItem\",\"position\":1,\"name\":\"Portada\",\"item\":\"https:\/\/www.autopistas.com\/ca\/\"},{\"@type\":\"ListItem\",\"position\":2,\"name\":\"Serveis\",\"item\":\"https:\/\/www.autopistas.com\/ca\/serveis\/\"},{\"@type\":\"ListItem\",\"position\":3,\"name\":\"Avantatges\"}]},{\"@type\":\"WebSite\",\"@id\":\"https:\/\/www.autopistas.com\/ca\/#website\",\"url\":\"https:\/\/www.autopistas.com\/ca\/\",\"name\":\"Autopistas\",\"description\":\"Autopistas, Contigo Hasta Donde Quieras Llegar\",\"potentialAction\":[{\"@type\":\"SearchAction\",\"target\":{\"@type\":\"EntryPoint\",\"urlTemplate\":\"https:\/\/www.autopistas.com\/ca\/?s={search_term_string}\"},\"query-input\":\"required name=search_term_string\"}],\"inLanguage\":\"ca\"}]}<\/script>\n<!-- \/ Yoast SEO Premium plugin. -->","yoast_head_json":{"title":"Espai Avantatges Autopistas","description":"Troba tot el que necessites saber sobre el sistema de pagament Via T i descobreix una manera f\u00e0cil de trobar tots els descomptes de les teves trajectes habituals.","robots":{"index":"index","follow":"follow","max-snippet":"max-snippet:-1","max-image-preview":"max-image-preview:large","max-video-preview":"max-video-preview:-1"},"canonical":"https:\/\/www.autopistas.com\/ca\/serveis\/avantatges\/","og_locale":"ca_ES","og_type":"article","og_title":"Avantatges","og_description":"Troba tot el que necessites saber sobre el sistema de pagament Via T i descobreix una manera f\u00e0cil de trobar tots els descomptes de les teves trajectes habituals.","og_url":"https:\/\/www.autopistas.com\/ca\/serveis\/avantatges\/","og_site_name":"Autopistas","article_modified_time":"2018-01-11T13:47:33+00:00","twitter_card":"summary_large_image","twitter_misc":{"Temps estimat de lectura":"4 minuts"},"schema":{"@context":"https:\/\/schema.org","@graph":[{"@type":"WebPage","@id":"https:\/\/www.autopistas.com\/ca\/serveis\/avantatges\/","url":"https:\/\/www.autopistas.com\/ca\/serveis\/avantatges\/","name":"Espai Avantatges Autopistas","isPartOf":{"@id":"https:\/\/www.autopistas.com\/ca\/#website"},"datePublished":"2017-08-29T08:17:19+00:00","dateModified":"2018-01-11T13:47:33+00:00","description":"Troba tot el que necessites saber sobre el sistema de pagament Via T i descobreix una manera f\u00e0cil de trobar tots els descomptes de les teves trajectes habituals.","breadcrumb":{"@id":"https:\/\/www.autopistas.com\/ca\/serveis\/avantatges\/#breadcrumb"},"inLanguage":"ca","potentialAction":[{"@type":"ReadAction","target":["https:\/\/www.autopistas.com\/ca\/serveis\/avantatges\/"]}]},{"@type":"BreadcrumbList","@id":"https:\/\/www.autopistas.com\/ca\/serveis\/avantatges\/#breadcrumb","itemListElement":[{"@type":"ListItem","position":1,"name":"Portada","item":"https:\/\/www.autopistas.com\/ca\/"},{"@type":"ListItem","position":2,"name":"Serveis","item":"https:\/\/www.autopistas.com\/ca\/serveis\/"},{"@type":"ListItem","position":3,"name":"Avantatges"}]},{"@type":"WebSite","@id":"https:\/\/www.autopistas.com\/ca\/#website","url":"https:\/\/www.autopistas.com\/ca\/","name":"Autopistas","description":"Autopistas, Contigo Hasta Donde Quieras Llegar","potentialAction":[{"@type":"SearchAction","target":{"@type":"EntryPoint","urlTemplate":"https:\/\/www.autopistas.com\/ca\/?s={search_term_string}"},"query-input":"required name=search_term_string"}],"inLanguage":"ca"}]}},"_links":{"self":[{"href":"https:\/\/www.autopistas.com\/ca\/wp-json\/wp\/v2\/pages\/25192"}],"collection":[{"href":"https:\/\/www.autopistas.com\/ca\/wp-json\/wp\/v2\/pages"}],"about":[{"href":"https:\/\/www.autopistas.com\/ca\/wp-json\/wp\/v2\/types\/page"}],"author":[{"embeddable":true,"href":"https:\/\/www.autopistas.com\/ca\/wp-json\/wp\/v2\/users\/1"}],"replies":[{"embeddable":true,"href":"https:\/\/www.autopistas.com\/ca\/wp-json\/wp\/v2\/comments?post=25192"}],"version-history":[{"count":36,"href":"https:\/\/www.autopistas.com\/ca\/wp-json\/wp\/v2\/pages\/25192\/revisions"}],"predecessor-version":[{"id":29339,"href":"https:\/\/www.autopistas.com\/ca\/wp-json\/wp\/v2\/pages\/25192\/revisions\/29339"}],"up":[{"embeddable":true,"href":"https:\/\/www.autopistas.com\/ca\/wp-json\/wp\/v2\/pages\/26407"}],"wp:attachment":[{"href":"https:\/\/www.autopistas.com\/ca\/wp-json\/wp\/v2\/media?parent=25192"}],"curies":[{"name":"wp","href":"https:\/\/api.w.org\/{rel}","templated":true}]}}