{"id":25227,"date":"2017-09-04T07:47:43","date_gmt":"2017-09-04T05:47:43","guid":{"rendered":"https:\/\/www.autopistas.com\/el-meu-espai\/"},"modified":"2018-06-25T16:49:28","modified_gmt":"2018-06-25T14:49:28","slug":"el-meu-espai","status":"publish","type":"page","link":"https:\/\/www.autopistas.com\/ca\/serveis\/el-meu-espai\/","title":{"rendered":"El meu espai"},"content":{"rendered":"<div class=\"wpb-content-wrapper\"><p>[vc_row full_width=&#8221;stretch_row&#8221; content_placement=&#8221;middle&#8221; css=&#8221;.vc_custom_1504792960973{background-image: url(https:\/\/www.autopistas.com\/wp-content\/uploads\/2017\/09\/mi-espacio-header-def.jpg?id=15299) !important;background-position: center !important;background-repeat: no-repeat !important;background-size: cover !important;}&#8221; el_class=&#8221;texto-blanco banner-principal&#8221;][vc_column css=&#8221;.vc_custom_1503505687108{padding-top: 20px !important;padding-bottom: 20px !important;}&#8221; offset=&#8221;vc_col-lg-7 vc_col-md-7 vc_col-xs-12&#8243;][vc_custom_heading text=&#8221;El meu espai&#8221; font_container=&#8221;tag:h1|text_align:left|color:%23ffffff&#8221; use_theme_fonts=&#8221;yes&#8221; el_class=&#8221;titulo6 sombra-titulo&#8221; css=&#8221;.vc_custom_1504027251708{margin-top: 0px !important;margin-bottom: 0px !important;}&#8221;][vc_column_text css=&#8221;.vc_custom_1504098351844{margin-bottom: 0px !important;}&#8221; el_class=&#8221;sombra-titulo titulo8 linea-estrecha&#8221;][\/vc_column_text][\/vc_column][\/vc_row][vc_row content_placement=&#8221;top&#8221; el_class=&#8221;migadepan hidden-xs&#8221;][vc_column css=&#8221;.vc_custom_1499096001229{padding-top: 18px !important;}&#8221;][vc_column_text css=&#8221;.vc_custom_1499095990112{margin-top: 0px !important;margin-bottom: 0px !important;}&#8221;]<ul id=\"migadepan\" class=\"migadepan\"><li class=\"item-home\"><a class=\"bread-link bread-home\" href=\"https:\/\/www.autopistas.com\/ca\/\" title=\"Home\">Home<\/a><\/li><li class=\"separator separator-home\"> <span class=\"glyphicon glyphicon-menu-right\"><\/span> <\/li><\/ul>[\/vc_column_text][\/vc_column][\/vc_row][vc_row full_width=&#8221;stretch_row&#8221; equal_height=&#8221;yes&#8221; content_placement=&#8221;top&#8221; el_class=&#8221;ventajas texto-cuerpo&#8221; css=&#8221;.vc_custom_1504025775592{padding-top: 40px !important;padding-bottom: 60px !important;}&#8221;][vc_column offset=&#8221;vc_col-lg-8 vc_col-md-8 vc_col-xs-12&#8243; css=&#8221;.vc_custom_1504026254673{padding-top: 20px !important;}&#8221;][vc_column_text el_class=&#8221;titulo5 linea-media texto-naranja&#8221; css=&#8221;.vc_custom_1504027276353{margin-bottom: 25px !important;}&#8221;]E-factura[\/vc_column_text][vc_column_text css=&#8221;.vc_custom_1505393099366{margin-bottom: 10px !important;}&#8221; el_class=&#8221;texto-cuerpo2&#8243;]M\u00e9s c\u00f2moda, m\u00e9s r\u00e0pida, m\u00e9s ecol\u00f2gica, m\u00e9s segura, igual de v\u00e0lida&#8230; Encara no has sol\u00b7licitat la teva factura electr\u00f2nica? Passa&#8217;t a l&#8217;e-factura i oblida&#8217;t del paper. L&#8217;e-factura \u00e9s el servei que posem a la teva disposici\u00f3 perqu\u00e8 puguis obtenir c\u00f2modament les factures en format digital.[\/vc_column_text][vc_raw_html css=&#8221;.vc_custom_1504027328314{margin-top: 15px !important;margin-bottom: 15px !important;}&#8221;]PGEgY2xhc3M9ImJ0biBidG4tcHJpbWFyeSBib3RvbjQiIGhyZWY9Imh0dHBzOi8vcHJvZC5hdXRvcGlzdGFzLnByZXByb2R1Y2Npb24uY29tL2NhL3NlcnZlaXMvZS1mYWN0dXJhLyI+UGVyIHNhYmVyIG3DqXMgc29icmUgbCdlLWZhY3R1cmE8aW1nIHNyYz0iL3dwLWNvbnRlbnQvdGhlbWVzL2F1dG9waXN0YXMvaW1nL2ljb25zL2ZsZWNoYS1kZXJlY2hhLXdoaXRlLnBuZyIgLz48L2E+[\/vc_raw_html][\/vc_column][vc_column offset=&#8221;vc_col-lg-4 vc_col-md-4 vc_col-xs-12&#8243; css=&#8221;.vc_custom_1504026247462{padding-top: 30px !important;}&#8221;][vc_single_image image=&#8221;14773&#8243; img_size=&#8221;full&#8221; css=&#8221;.vc_custom_1504098290280{margin-bottom: 0px !important;}&#8221;][\/vc_column][\/vc_row][vc_row full_width=&#8221;stretch_row&#8221; equal_height=&#8221;yes&#8221; content_placement=&#8221;top&#8221; el_class=&#8221;ventajas texto-cuerpo&#8221; css=&#8221;.vc_custom_1504025801287{padding-top: 40px !important;padding-bottom: 60px !important;background-color: #f5f5f5 !important;}&#8221;][vc_column offset=&#8221;vc_col-lg-4 vc_col-md-4 vc_col-xs-12&#8243; css=&#8221;.vc_custom_1504026260681{padding-top: 30px !important;}&#8221;][vc_single_image image=&#8221;14776&#8243; img_size=&#8221;full&#8221; css=&#8221;.vc_custom_1504098309510{margin-bottom: 0px !important;}&#8221;][\/vc_column][vc_column offset=&#8221;vc_col-lg-8 vc_col-md-8 vc_col-xs-12&#8243; css=&#8221;.vc_custom_1504026186013{padding-top: 20px !important;}&#8221;][vc_column_text el_class=&#8221;titulo5 linea-media texto-naranja&#8221; css=&#8221;.vc_custom_1504027374434{margin-bottom: 25px !important;}&#8221;]Sol\u00b7licitud de factures[\/vc_column_text][vc_column_text css=&#8221;.vc_custom_1507710179129{margin-bottom: 10px !important;}&#8221; el_class=&#8221;texto-cuerpo2&#8243;]Sol\u00b7licita la factura dels peatges pagats en efectiu.[\/vc_column_text][vc_raw_html css=&#8221;.vc_custom_1511362316028{margin-top: 15px !important;margin-bottom: 15px !important;}&#8221;]PGEgY2xhc3M9ImJ0biBidG4tcHJpbWFyeSBib3RvbjQiIGhyZWY9Imh0dHBzOi8vcHJvZC5hdXRvcGlzdGFzLnByZXByb2R1Y2Npb24uY29tL2NhL3NlcnZlaXMvZS1mYWN0dXJhL3NvbCVjMiViN2xpY2l0dWQtZGUtZmFjdHVyZXMvIj5EZXNjb2JyZWl4IGNvbSBzb2zCt2xpY2l0YXIgbGVzIGZhY3R1cmVzPGltZyBzcmM9Ii93cC1jb250ZW50L3RoZW1lcy9hdXRvcGlzdGFzL2ltZy9pY29ucy9mbGVjaGEtZGVyZWNoYS13aGl0ZS5wbmciIC8+PC9hPg==[\/vc_raw_html][\/vc_column][\/vc_row][vc_row equal_height=&#8221;yes&#8221; content_placement=&#8221;top&#8221; el_class=&#8221;ventajas texto-cuerpo&#8221; css=&#8221;.vc_custom_1504025831858{padding-top: 40px !important;padding-bottom: 60px !important;}&#8221;][vc_column offset=&#8221;vc_col-lg-8 vc_col-md-8 vc_col-xs-12&#8243; css=&#8221;.vc_custom_1504026192980{padding-top: 20px !important;}&#8221;][vc_column_text el_class=&#8221;titulo5 linea-media texto-naranja&#8221; css=&#8221;.vc_custom_1504027442582{margin-bottom: 25px !important;}&#8221;]Ticket eXpress[\/vc_column_text][vc_column_text css=&#8221;.vc_custom_1504027461531{margin-bottom: 10px !important;}&#8221; el_class=&#8221;texto-cuerpo2&#8243;]Un servei per gaudir c\u00f2modament del teu\u00a0<strong>Via T<\/strong> i no hagis d&#8217;aturar-te a recollir el teu justificant de pas.<\/p>\n<p>Despr\u00e9s de passar pel peatge, reps immediatament el rebut, que s&#8217;envia al teu correu electr\u00f2nic i estar\u00e0 disponible, al moment, al teu smartphone.[\/vc_column_text][vc_raw_html css=&#8221;.vc_custom_1504027483928{margin-top: 15px !important;margin-bottom: 15px !important;}&#8221;]PGEgY2xhc3M9ImJ0biBidG4tcHJpbWFyeSBib3RvbjQiIGhyZWY9Imh0dHBzOi8vcHJvZC5hdXRvcGlzdGFzLnByZXByb2R1Y2Npb24uY29tL2NhL3NlcnZlaXMvdGlja2V0LWV4cHJlc3MvIj5EZXNjb2JyZWl4IFRpY2tldCBlWHByZXNzPGltZyBzcmM9Ii93cC1jb250ZW50L3RoZW1lcy9hdXRvcGlzdGFzL2ltZy9pY29ucy9mbGVjaGEtZGVyZWNoYS13aGl0ZS5wbmciIC8+PC9hPg==[\/vc_raw_html][\/vc_column][vc_column offset=&#8221;vc_col-lg-4 vc_col-md-4 vc_col-xs-12&#8243; css=&#8221;.vc_custom_1504026199658{padding-top: 30px !important;}&#8221;][vc_single_image image=&#8221;14693&#8243; img_size=&#8221;full&#8221;][\/vc_column][\/vc_row][vc_row full_width=&#8221;stretch_row&#8221; equal_height=&#8221;yes&#8221; content_placement=&#8221;top&#8221; el_class=&#8221;ventajas texto-cuerpo&#8221; css=&#8221;.vc_custom_1504025801287{padding-top: 40px !important;padding-bottom: 60px !important;background-color: #f5f5f5 !important;}&#8221;][vc_column offset=&#8221;vc_col-lg-4 vc_col-md-4 vc_col-xs-12&#8243; css=&#8221;.vc_custom_1504026260681{padding-top: 30px !important;}&#8221;][vc_single_image image=&#8221;24449&#8243; img_size=&#8221;full&#8221; css=&#8221;.vc_custom_1508149172875{margin-bottom: 0px !important;}&#8221;][\/vc_column][vc_column offset=&#8221;vc_col-lg-8 vc_col-md-8 vc_col-xs-12&#8243; css=&#8221;.vc_custom_1504026186013{padding-top: 20px !important;}&#8221;][vc_column_text el_class=&#8221;titulo5 linea-media texto-naranja&#8221; css=&#8221;.vc_custom_1504027570762{margin-bottom: 25px !important;}&#8221;]El meu consum[\/vc_column_text][vc_column_text css=&#8221;.vc_custom_1507710202302{margin-bottom: 10px !important;}&#8221; el_class=&#8221;texto-cuerpo2&#8243;]Dona&#8217;t d&#8217;alta a l&#8217;Oficina Virtual i consulta els teus consums i\/o descarrega&#8217;t els rebuts dels viatges que has fet a l&#8217;instant[\/vc_column_text][vc_raw_html css=&#8221;.vc_custom_1516270146982{margin-top: 15px !important;margin-bottom: 15px !important;}&#8221;]PGEgY2xhc3M9ImJ0biBidG4tcHJpbWFyeSBib3RvbjQiIGhyZWY9Imh0dHBzOi8vd3d3LmF1dG9waXN0YXMuY29tL2VzL21pcy1jb25zdW1vcyI+U8OgcGlndWVzIHF1aW4gaGEgZXN0YXQgZWwgdGV1IGNvbnN1bTxpbWcgc3JjPSIvd3AtY29udGVudC90aGVtZXMvYXV0b3Bpc3Rhcy9pbWcvaWNvbnMvZmxlY2hhLWRlcmVjaGEtd2hpdGUucG5nIiAvPjwvYT4=[\/vc_raw_html][\/vc_column][\/vc_row][vc_row content_placement=&#8221;top&#8221; el_class=&#8221;banner-footer&#8221;][vc_column][atpbanners banner_id=&#8221;random&#8221; full_width=&#8221;true&#8221; columns_number=&#8221;12&#8243;][\/vc_column][\/vc_row]<\/p>\n<\/div>","protected":false},"excerpt":{"rendered":"<p>[vc_row full_width=&#8221;stretch_row&#8221; content_placement=&#8221;middle&#8221; css=&#8221;.vc_custom_1504792960973{background-image: url(https:\/\/www.autopistas.com\/wp-content\/uploads\/2017\/09\/mi-espacio-header-def.jpg?id=15299) !important;background-position: center !important;background-repeat: no-repeat !important;background-size: cover !important;}&#8221; el_class=&#8221;texto-blanco banner-principal&#8221;][vc_column css=&#8221;.vc_custom_1503505687108{padding-top: 20px !important;padding-bottom: 20px !important;}&#8221; offset=&#8221;vc_col-lg-7 vc_col-md-7 vc_col-xs-12&#8243;][vc_custom_heading text=&#8221;El meu espai&#8221; font_container=&#8221;tag:h1|text_align:left|color:%23ffffff&#8221; use_theme_fonts=&#8221;yes&#8221; el_class=&#8221;titulo6 sombra-titulo&#8221; css=&#8221;.vc_custom_1504027251708{margin-top: 0px !important;margin-bottom: 0px !important;}&#8221;][vc_column_text css=&#8221;.vc_custom_1504098351844{margin-bottom: 0px !important;}&#8221; el_class=&#8221;sombra-titulo titulo8 linea-estrecha&#8221;][\/vc_column_text][\/vc_column][\/vc_row][vc_row content_placement=&#8221;top&#8221; el_class=&#8221;migadepan hidden-xs&#8221;][vc_column css=&#8221;.vc_custom_1499096001229{padding-top: 18px !important;}&#8221;][vc_column_text css=&#8221;.vc_custom_1499095990112{margin-top: 0px !important;margin-bottom: 0px !important;}&#8221;][\/vc_column_text][\/vc_column][\/vc_row][vc_row full_width=&#8221;stretch_row&#8221; equal_height=&#8221;yes&#8221; content_placement=&#8221;top&#8221; el_class=&#8221;ventajas &#8230;<\/p>\n","protected":false},"author":1,"featured_media":0,"parent":26407,"menu_order":0,"comment_status":"closed","ping_status":"closed","template":"","meta":{"footnotes":""},"yoast_head":"<!-- This site is optimized with the Yoast SEO Premium plugin v19.5 (Yoast SEO v19.10) - https:\/\/yoast.com\/wordpress\/plugins\/seo\/ -->\n<title>El meu espai | Autopistas<\/title>\n<meta name=\"robots\" content=\"index, follow, max-snippet:-1, max-image-preview:large, max-video-preview:-1\" \/>\n<link rel=\"canonical\" href=\"https:\/\/www.autopistas.com\/ca\/serveis\/el-meu-espai\/\" \/>\n<meta property=\"og:locale\" content=\"ca_ES\" \/>\n<meta property=\"og:type\" content=\"article\" \/>\n<meta property=\"og:title\" content=\"El meu espai\" \/>\n<meta property=\"og:description\" content=\"[vc_row full_width=&#8221;stretch_row&#8221; content_placement=&#8221;middle&#8221; css=&#8221;.vc_custom_1504792960973{background-image: url(https:\/\/www.autopistas.com\/wp-content\/uploads\/2017\/09\/mi-espacio-header-def.jpg?id=15299) !important;background-position: center !important;background-repeat: no-repeat !important;background-size: cover !important;}&#8221; el_class=&#8221;texto-blanco banner-principal&#8221;][vc_column css=&#8221;.vc_custom_1503505687108{padding-top: 20px !important;padding-bottom: 20px !important;}&#8221; offset=&#8221;vc_col-lg-7 vc_col-md-7 vc_col-xs-12&#8243;][vc_custom_heading text=&#8221;El meu espai&#8221; font_container=&#8221;tag:h1|text_align:left|color:%23ffffff&#8221; use_theme_fonts=&#8221;yes&#8221; el_class=&#8221;titulo6 sombra-titulo&#8221; css=&#8221;.vc_custom_1504027251708{margin-top: 0px !important;margin-bottom: 0px !important;}&#8221;][vc_column_text css=&#8221;.vc_custom_1504098351844{margin-bottom: 0px !important;}&#8221; el_class=&#8221;sombra-titulo titulo8 linea-estrecha&#8221;][\/vc_column_text][\/vc_column][\/vc_row][vc_row content_placement=&#8221;top&#8221; el_class=&#8221;migadepan hidden-xs&#8221;][vc_column css=&#8221;.vc_custom_1499096001229{padding-top: 18px !important;}&#8221;][vc_column_text css=&#8221;.vc_custom_1499095990112{margin-top: 0px !important;margin-bottom: 0px !important;}&#8221;][\/vc_column_text][\/vc_column][\/vc_row][vc_row full_width=&#8221;stretch_row&#8221; equal_height=&#8221;yes&#8221; content_placement=&#8221;top&#8221; el_class=&#8221;ventajas ...\" \/>\n<meta property=\"og:url\" content=\"https:\/\/www.autopistas.com\/ca\/serveis\/el-meu-espai\/\" \/>\n<meta property=\"og:site_name\" content=\"Autopistas\" \/>\n<meta property=\"article:modified_time\" content=\"2018-06-25T14:49:28+00:00\" \/>\n<meta name=\"twitter:card\" content=\"summary_large_image\" \/>\n<meta name=\"twitter:label1\" content=\"Temps estimat de lectura\" \/>\n\t<meta name=\"twitter:data1\" content=\"5 minuts\" \/>\n<script type=\"application\/ld+json\" class=\"yoast-schema-graph\">{\"@context\":\"https:\/\/schema.org\",\"@graph\":[{\"@type\":\"WebPage\",\"@id\":\"https:\/\/www.autopistas.com\/ca\/serveis\/el-meu-espai\/\",\"url\":\"https:\/\/www.autopistas.com\/ca\/serveis\/el-meu-espai\/\",\"name\":\"El meu espai | Autopistas\",\"isPartOf\":{\"@id\":\"https:\/\/www.autopistas.com\/ca\/#website\"},\"datePublished\":\"2017-09-04T05:47:43+00:00\",\"dateModified\":\"2018-06-25T14:49:28+00:00\",\"breadcrumb\":{\"@id\":\"https:\/\/www.autopistas.com\/ca\/serveis\/el-meu-espai\/#breadcrumb\"},\"inLanguage\":\"ca\",\"potentialAction\":[{\"@type\":\"ReadAction\",\"target\":[\"https:\/\/www.autopistas.com\/ca\/serveis\/el-meu-espai\/\"]}]},{\"@type\":\"BreadcrumbList\",\"@id\":\"https:\/\/www.autopistas.com\/ca\/serveis\/el-meu-espai\/#breadcrumb\",\"itemListElement\":[{\"@type\":\"ListItem\",\"position\":1,\"name\":\"Portada\",\"item\":\"https:\/\/www.autopistas.com\/ca\/\"},{\"@type\":\"ListItem\",\"position\":2,\"name\":\"Serveis\",\"item\":\"https:\/\/www.autopistas.com\/ca\/serveis\/\"},{\"@type\":\"ListItem\",\"position\":3,\"name\":\"El meu espai\"}]},{\"@type\":\"WebSite\",\"@id\":\"https:\/\/www.autopistas.com\/ca\/#website\",\"url\":\"https:\/\/www.autopistas.com\/ca\/\",\"name\":\"Autopistas\",\"description\":\"Autopistas, Contigo Hasta Donde Quieras Llegar\",\"potentialAction\":[{\"@type\":\"SearchAction\",\"target\":{\"@type\":\"EntryPoint\",\"urlTemplate\":\"https:\/\/www.autopistas.com\/ca\/?s={search_term_string}\"},\"query-input\":\"required name=search_term_string\"}],\"inLanguage\":\"ca\"}]}<\/script>\n<!-- \/ Yoast SEO Premium plugin. -->","yoast_head_json":{"title":"El meu espai | Autopistas","robots":{"index":"index","follow":"follow","max-snippet":"max-snippet:-1","max-image-preview":"max-image-preview:large","max-video-preview":"max-video-preview:-1"},"canonical":"https:\/\/www.autopistas.com\/ca\/serveis\/el-meu-espai\/","og_locale":"ca_ES","og_type":"article","og_title":"El meu espai","og_description":"[vc_row full_width=&#8221;stretch_row&#8221; content_placement=&#8221;middle&#8221; css=&#8221;.vc_custom_1504792960973{background-image: url(https:\/\/www.autopistas.com\/wp-content\/uploads\/2017\/09\/mi-espacio-header-def.jpg?id=15299) !important;background-position: center !important;background-repeat: no-repeat !important;background-size: cover !important;}&#8221; el_class=&#8221;texto-blanco banner-principal&#8221;][vc_column css=&#8221;.vc_custom_1503505687108{padding-top: 20px !important;padding-bottom: 20px !important;}&#8221; offset=&#8221;vc_col-lg-7 vc_col-md-7 vc_col-xs-12&#8243;][vc_custom_heading text=&#8221;El meu espai&#8221; font_container=&#8221;tag:h1|text_align:left|color:%23ffffff&#8221; use_theme_fonts=&#8221;yes&#8221; el_class=&#8221;titulo6 sombra-titulo&#8221; css=&#8221;.vc_custom_1504027251708{margin-top: 0px !important;margin-bottom: 0px !important;}&#8221;][vc_column_text css=&#8221;.vc_custom_1504098351844{margin-bottom: 0px !important;}&#8221; el_class=&#8221;sombra-titulo titulo8 linea-estrecha&#8221;][\/vc_column_text][\/vc_column][\/vc_row][vc_row content_placement=&#8221;top&#8221; el_class=&#8221;migadepan hidden-xs&#8221;][vc_column css=&#8221;.vc_custom_1499096001229{padding-top: 18px !important;}&#8221;][vc_column_text css=&#8221;.vc_custom_1499095990112{margin-top: 0px !important;margin-bottom: 0px !important;}&#8221;][\/vc_column_text][\/vc_column][\/vc_row][vc_row full_width=&#8221;stretch_row&#8221; equal_height=&#8221;yes&#8221; content_placement=&#8221;top&#8221; el_class=&#8221;ventajas ...","og_url":"https:\/\/www.autopistas.com\/ca\/serveis\/el-meu-espai\/","og_site_name":"Autopistas","article_modified_time":"2018-06-25T14:49:28+00:00","twitter_card":"summary_large_image","twitter_misc":{"Temps estimat de lectura":"5 minuts"},"schema":{"@context":"https:\/\/schema.org","@graph":[{"@type":"WebPage","@id":"https:\/\/www.autopistas.com\/ca\/serveis\/el-meu-espai\/","url":"https:\/\/www.autopistas.com\/ca\/serveis\/el-meu-espai\/","name":"El meu espai | Autopistas","isPartOf":{"@id":"https:\/\/www.autopistas.com\/ca\/#website"},"datePublished":"2017-09-04T05:47:43+00:00","dateModified":"2018-06-25T14:49:28+00:00","breadcrumb":{"@id":"https:\/\/www.autopistas.com\/ca\/serveis\/el-meu-espai\/#breadcrumb"},"inLanguage":"ca","potentialAction":[{"@type":"ReadAction","target":["https:\/\/www.autopistas.com\/ca\/serveis\/el-meu-espai\/"]}]},{"@type":"BreadcrumbList","@id":"https:\/\/www.autopistas.com\/ca\/serveis\/el-meu-espai\/#breadcrumb","itemListElement":[{"@type":"ListItem","position":1,"name":"Portada","item":"https:\/\/www.autopistas.com\/ca\/"},{"@type":"ListItem","position":2,"name":"Serveis","item":"https:\/\/www.autopistas.com\/ca\/serveis\/"},{"@type":"ListItem","position":3,"name":"El meu espai"}]},{"@type":"WebSite","@id":"https:\/\/www.autopistas.com\/ca\/#website","url":"https:\/\/www.autopistas.com\/ca\/","name":"Autopistas","description":"Autopistas, Contigo Hasta Donde Quieras Llegar","potentialAction":[{"@type":"SearchAction","target":{"@type":"EntryPoint","urlTemplate":"https:\/\/www.autopistas.com\/ca\/?s={search_term_string}"},"query-input":"required name=search_term_string"}],"inLanguage":"ca"}]}},"_links":{"self":[{"href":"https:\/\/www.autopistas.com\/ca\/wp-json\/wp\/v2\/pages\/25227"}],"collection":[{"href":"https:\/\/www.autopistas.com\/ca\/wp-json\/wp\/v2\/pages"}],"about":[{"href":"https:\/\/www.autopistas.com\/ca\/wp-json\/wp\/v2\/types\/page"}],"author":[{"embeddable":true,"href":"https:\/\/www.autopistas.com\/ca\/wp-json\/wp\/v2\/users\/1"}],"replies":[{"embeddable":true,"href":"https:\/\/www.autopistas.com\/ca\/wp-json\/wp\/v2\/comments?post=25227"}],"version-history":[{"count":40,"href":"https:\/\/www.autopistas.com\/ca\/wp-json\/wp\/v2\/pages\/25227\/revisions"}],"predecessor-version":[{"id":30833,"href":"https:\/\/www.autopistas.com\/ca\/wp-json\/wp\/v2\/pages\/25227\/revisions\/30833"}],"up":[{"embeddable":true,"href":"https:\/\/www.autopistas.com\/ca\/wp-json\/wp\/v2\/pages\/26407"}],"wp:attachment":[{"href":"https:\/\/www.autopistas.com\/ca\/wp-json\/wp\/v2\/media?parent=25227"}],"curies":[{"name":"wp","href":"https:\/\/api.w.org\/{rel}","templated":true}]}}