{"id":25310,"date":"2017-08-02T12:40:51","date_gmt":"2017-08-02T10:40:51","guid":{"rendered":"https:\/\/www.autopistas.com\/autopistas-seguretat-viaria\/"},"modified":"2023-07-24T11:48:43","modified_gmt":"2023-07-24T09:48:43","slug":"autopistas-seguretat-viaria","status":"publish","type":"page","link":"https:\/\/www.autopistas.com\/ca\/seguretat-viaria\/autopistas-seguretat-viaria\/","title":{"rendered":"Autopistas Seguretat Vi\u00e0ria"},"content":{"rendered":"<div class=\"wpb-content-wrapper\"><p>[vc_row full_width=&#8221;stretch_row&#8221; content_placement=&#8221;middle&#8221; css=&#8221;.vc_custom_1614874605903{padding-top: 20px !important;padding-bottom: 20px !important;background-image: url(https:\/\/www.autopistas.com\/wp-content\/uploads\/2021\/02\/shutterstock_523500343-scaled.jpg?id=59013) !important;background-position: center !important;background-repeat: no-repeat !important;background-size: cover !important;}&#8221; el_class=&#8221;texto-blanco banner-principal&#8221;][vc_column width=&#8221;7\/12&#8243; css=&#8221;.vc_custom_1501672502501{padding-top: 0px !important;}&#8221;][vc_custom_heading text=&#8221;Autopistas Seguretat Vi\u00e0ria&#8221; font_container=&#8221;tag:h1|text_align:left|color:%23ffffff&#8221; use_theme_fonts=&#8221;yes&#8221; el_class=&#8221;titulo6 sombra-titulo&#8221; css=&#8221;.vc_custom_1511363990401{margin-top: 0px !important;margin-bottom: 0px !important;}&#8221;][vc_column_text css=&#8221;.vc_custom_1503923860984{margin-bottom: 0px !important;}&#8221; el_class=&#8221;sombra-titulo titulo8 linea-estrecha&#8221;][\/vc_column_text][\/vc_column][\/vc_row][vc_row content_placement=&#8221;top&#8221; el_class=&#8221;migadepan hidden-xs&#8221;][vc_column css=&#8221;.vc_custom_1499096001229{padding-top: 18px !important;}&#8221;][vc_column_text css=&#8221;.vc_custom_1499095990112{margin-top: 0px !important;margin-bottom: 0px !important;}&#8221;]<ul id=\"migadepan\" class=\"migadepan\"><li class=\"item-home\"><a class=\"bread-link bread-home\" href=\"https:\/\/www.autopistas.com\/ca\/\" title=\"Home\">Home<\/a><\/li><li class=\"separator separator-home\"> <span class=\"glyphicon glyphicon-menu-right\"><\/span> <\/li><\/ul>[\/vc_column_text][\/vc_column][\/vc_row][vc_row el_class=&#8221;texto-cuerpo&#8221; css=&#8221;.vc_custom_1503511556820{margin-top: 35px !important;}&#8221;][vc_column][vc_column_text el_class=&#8221;titulo5 linea-media texto-naranja&#8221; css=&#8221;.vc_custom_1501677860052{margin-bottom: 30px !important;}&#8221;]Autopistas crea el Centre de Seguretat Vi\u00e0ria[\/vc_column_text][vc_row_inner][vc_column_inner width=&#8221;1\/2&#8243;][vc_column_text css=&#8221;.vc_custom_1505393609688{margin-bottom: 10px !important;}&#8221; el_class=&#8221;texto-cuerpo2&#8243;]A <strong>Autopistas<\/strong>, l\u2019eix de la nostra activitat \u00e9s gestionar vies d\u2019alta capacitat de manera segura i efica\u00e7. Per aix\u00f2, totes les \u00e0rees de la companyia s\u2019orienten a millorar la seguretat i potenciar el servei dels conductors a l\u2019autopista.[\/vc_column_text][vc_column_text el_class=&#8221;texto-cuerpo2&#8243; css=&#8221;.vc_custom_1501677923214{margin-bottom: 10px !important;}&#8221;]El Centre de Seguretat Vi\u00e0ria neix de la <strong>nostra voluntat de compartir amb la societat la nostra experi\u00e8ncia i coneixement<\/strong>, i \u00e9s responsable de l\u2019an\u00e0lisi de dades i dels indicadors de les incid\u00e8ncies i dels accidents registrats a l\u2019autopista.[\/vc_column_text][vc_column_text el_class=&#8221;texto-cuerpo2&#8243;]Som un <a href=\"https:\/\/blog.autopistas.com\/autopistas-seguridad-vial-partner-experto-seguridad-vial\/\" target=\"_blank\" rel=\"noopener noreferrer\"><strong>partner expert en la seguretat de les autopistes<\/strong><\/a> i, partint del nostre coneixement, promovem la cultura vi\u00e0ria comen\u00e7ant per cada un dels nostres col\u00b7laboradors, als quals certifiquem com a \u201ccomprom\u00e8s en la seguretat vi\u00e0ria de les autopistes\u201d, i tractem d\u2019arribar a tots els conductors que puguin circular per l\u2019autopista.[\/vc_column_text][\/vc_column_inner][vc_column_inner width=&#8221;1\/2&#8243;][vc_column_text css=&#8221;.vc_custom_1516977026941{margin-bottom: 10px !important;}&#8221; el_class=&#8221;texto-cuerpo2&#8243;]A <strong>Autopistas<\/strong> hem assumit el comprom\u00eds adquirit a escala mundial per les Nacions Unides en la D\u00e8cada de l\u2019Acci\u00f3 per a la Seguretat Vi\u00e0ria, de reduir en un 50% el nombre de morts al m\u00f3n per al 2020.[\/vc_column_text][vc_column_text css=&#8221;.vc_custom_1511363914408{margin-bottom: 10px !important;}&#8221; el_class=&#8221;texto-cuerpo2&#8243;]Aix\u00ed mateix, estem orgullosos de tenir la certificaci\u00f3 UNE-ISO 39001, que avala la nostra excel\u00b7l\u00e8ncia en la gesti\u00f3 de la seguretat vi\u00e0ria dels serveis que presten els professionals d\u2019Autopistas en totes les infraestructures que gestionem.[\/vc_column_text][vc_column_text el_class=&#8221;texto-cuerpo2&#8243;]De resultes de la nostra experi\u00e8ncia, dissenyem activitats i campanyes orientades a crear i potenciar la cultura de la seguretat vi\u00e0ria. I ho fem a l&#8217;autopista.[\/vc_column_text][\/vc_column_inner][\/vc_row_inner][\/vc_column][\/vc_row][vc_row el_class=&#8221;texto-cuerpo&#8221; css=&#8221;.vc_custom_1503511556820{margin-top: 35px !important;}&#8221;][vc_column][vc_column_text el_class=&#8221;titulo5 linea-media texto-naranja&#8221; css=&#8221;.vc_custom_1587720941350{margin-bottom: 30px !important;}&#8221;]Aprende jugando[\/vc_column_text][vc_row_inner][vc_column_inner width=&#8221;1\/2&#8243;][vc_column_text css=&#8221;.vc_custom_1690192117051{margin-bottom: 10px !important;}&#8221; el_class=&#8221;texto-cuerpo2&#8243;]Des d\u2019Autopistas volem contribuir en la formaci\u00f3 en Seguretat Vi\u00e0ria dels m\u00e9s petits.[\/vc_column_text][vc_column_text el_class=&#8221;texto-cuerpo2&#8243; css=&#8221;.vc_custom_1690192073492{margin-bottom: 10px !important;}&#8221;]Per aix\u00f2 t\u2019oferim aquests continguts de Seguretat Vi\u00e0ria descarregables per a aprendre al mateix temps que els nens es diverteixen.[\/vc_column_text][vc_raw_html]PGEgaHJlZj0iL3dwLWNvbnRlbnQvdXBsb2Fkcy8yMDIwLzA0LzIwXzA4NF9BcHJlbmRlX0p1Z2FuZG9fRmljaGFfMS5wZGYiIGNsYXNzPSJidG4gYnRuLXByaW1hcnkgYnRuLWxnIGJvdG9uNiBidG4tZG93bmxvYWQgdGV4dG8tY3VlcnBvIiB0YXJnZXQ9Il9ibGFuayI+DQogIDxkaXY+DQogICAgPGltZyBzcmM9Ii93cC1jb250ZW50L3RoZW1lcy9hdXRvcGlzdGFzL2ltZy9pY29ucy9wZGYtaWNvbi5wbmciLz4NCiAgPC9kaXY+DQogIDxkaXY+DQogICAgRml0eGEgMTxicj48c3Bhbj5EZXNjYXJyZWdhcjwvc3Bhbj7CoMKgwqDCoMKgDQogIDwvZGl2Pg0KICA8ZGl2Pg0KICAgIDxpbWcgc3JjPSIvd3AtY29udGVudC90aGVtZXMvYXV0b3Bpc3Rhcy9pbWcvaWNvbnMvZmxlY2hhLWFiYWpvMi5wbmciLz4NCiAgPC9kaXY+DQo8L2E+[\/vc_raw_html][vc_raw_html]PGEgaHJlZj0iL3dwLWNvbnRlbnQvdXBsb2Fkcy8yMDIwLzA0LzIwXzA4NF9BcHJlbmRlX0p1Z2FuZG9fRmljaGFfMi5wZGYiIGNsYXNzPSJidG4gYnRuLXByaW1hcnkgYnRuLWxnIGJvdG9uNiBidG4tZG93bmxvYWQgdGV4dG8tY3VlcnBvIiB0YXJnZXQ9Il9ibGFuayI+DQogIDxkaXY+DQogICAgPGltZyBzcmM9Ii93cC1jb250ZW50L3RoZW1lcy9hdXRvcGlzdGFzL2ltZy9pY29ucy9wZGYtaWNvbi5wbmciLz4NCiAgPC9kaXY+DQogIDxkaXY+DQogICAgRml0eGEgMjxicj48c3Bhbj5EZXNjYXJyZWdhcjwvc3Bhbj7CoMKgwqDCoMKgDQogIDwvZGl2Pg0KICA8ZGl2Pg0KICAgIDxpbWcgc3JjPSIvd3AtY29udGVudC90aGVtZXMvYXV0b3Bpc3Rhcy9pbWcvaWNvbnMvZmxlY2hhLWFiYWpvMi5wbmciLz4NCiAgPC9kaXY+DQo8L2E+[\/vc_raw_html][vc_raw_html]PGEgaHJlZj0iL3dwLWNvbnRlbnQvdXBsb2Fkcy8yMDIwLzA0LzIwXzA4NF9BcHJlbmRlX0p1Z2FuZG9fRmljaGFfMy5wZGYiIGNsYXNzPSJidG4gYnRuLXByaW1hcnkgYnRuLWxnIGJvdG9uNiBidG4tZG93bmxvYWQgdGV4dG8tY3VlcnBvIiB0YXJnZXQ9Il9ibGFuayI+DQogIDxkaXY+DQogICAgPGltZyBzcmM9Ii93cC1jb250ZW50L3RoZW1lcy9hdXRvcGlzdGFzL2ltZy9pY29ucy9wZGYtaWNvbi5wbmciLz4NCiAgPC9kaXY+DQogIDxkaXY+DQogICAgRml0eGEgMzxicj48c3Bhbj5EZXNjYXJyZWdhcjwvc3Bhbj7CoMKgwqDCoMKgDQogIDwvZGl2Pg0KICA8ZGl2Pg0KICAgIDxpbWcgc3JjPSIvd3AtY29udGVudC90aGVtZXMvYXV0b3Bpc3Rhcy9pbWcvaWNvbnMvZmxlY2hhLWFiYWpvMi5wbmciLz4NCiAgPC9kaXY+DQo8L2E+[\/vc_raw_html][vc_raw_html]PGEgaHJlZj0iL3dwLWNvbnRlbnQvdXBsb2Fkcy8yMDIwLzA0LzIwXzA4NF9BcHJlbmRlX0p1Z2FuZG9fRmljaGFfNC5wZGYiIGNsYXNzPSJidG4gYnRuLXByaW1hcnkgYnRuLWxnIGJvdG9uNiBidG4tZG93bmxvYWQgdGV4dG8tY3VlcnBvIiB0YXJnZXQ9Il9ibGFuayI+DQogIDxkaXY+DQogICAgPGltZyBzcmM9Ii93cC1jb250ZW50L3RoZW1lcy9hdXRvcGlzdGFzL2ltZy9pY29ucy9wZGYtaWNvbi5wbmciLz4NCiAgPC9kaXY+DQogIDxkaXY+DQogICAgRml0eGEgNDxicj48c3Bhbj5EZXNjYXJyZWdhcjwvc3Bhbj7CoMKgwqDCoMKgDQogIDwvZGl2Pg0KICA8ZGl2Pg0KICAgIDxpbWcgc3JjPSIvd3AtY29udGVudC90aGVtZXMvYXV0b3Bpc3Rhcy9pbWcvaWNvbnMvZmxlY2hhLWFiYWpvMi5wbmciLz4NCiAgPC9kaXY+DQo8L2E+[\/vc_raw_html][\/vc_column_inner][vc_column_inner width=&#8221;1\/2&#8243;][vc_single_image image=&#8221;57930&#8243; img_size=&#8221;full&#8221;][\/vc_column_inner][\/vc_row_inner][\/vc_column][\/vc_row][vc_row full_width=&#8221;stretch_row_content_no_spaces&#8221; disable_element=&#8221;yes&#8221; css=&#8221;.vc_custom_1515412698047{margin-top: 35px !important;}&#8221;][vc_column][atpbanners banner_id=&#8221;2192&#8243; full_width=&#8221;true&#8221; columns_number=&#8221;6&#8243; dark_background=&#8221;true&#8221;][\/vc_column][\/vc_row][vc_row content_placement=&#8221;top&#8221; el_class=&#8221;banner-footer&#8221;][vc_column][atpbanners banner_id=&#8221;random&#8221; full_width=&#8221;true&#8221; columns_number=&#8221;12&#8243;][\/vc_column][\/vc_row]<\/p>\n<\/div>","protected":false},"excerpt":{"rendered":"<p>[vc_row full_width=&#8221;stretch_row&#8221; content_placement=&#8221;middle&#8221; css=&#8221;.vc_custom_1614874605903{padding-top: 20px !important;padding-bottom: 20px !important;background-image: url(https:\/\/www.autopistas.com\/wp-content\/uploads\/2021\/02\/shutterstock_523500343-scaled.jpg?id=59013) !important;background-position: center !important;background-repeat: no-repeat !important;background-size: cover !important;}&#8221; el_class=&#8221;texto-blanco banner-principal&#8221;][vc_column width=&#8221;7\/12&#8243; css=&#8221;.vc_custom_1501672502501{padding-top: 0px !important;}&#8221;][vc_custom_heading text=&#8221;Autopistas Seguretat Vi\u00e0ria&#8221; font_container=&#8221;tag:h1|text_align:left|color:%23ffffff&#8221; use_theme_fonts=&#8221;yes&#8221; el_class=&#8221;titulo6 sombra-titulo&#8221; css=&#8221;.vc_custom_1511363990401{margin-top: 0px !important;margin-bottom: 0px !important;}&#8221;][vc_column_text css=&#8221;.vc_custom_1503923860984{margin-bottom: 0px !important;}&#8221; el_class=&#8221;sombra-titulo titulo8 linea-estrecha&#8221;][\/vc_column_text][\/vc_column][\/vc_row][vc_row content_placement=&#8221;top&#8221; el_class=&#8221;migadepan hidden-xs&#8221;][vc_column css=&#8221;.vc_custom_1499096001229{padding-top: 18px !important;}&#8221;][vc_column_text css=&#8221;.vc_custom_1499095990112{margin-top: 0px !important;margin-bottom: 0px !important;}&#8221;][\/vc_column_text][\/vc_column][\/vc_row][vc_row el_class=&#8221;texto-cuerpo&#8221; css=&#8221;.vc_custom_1503511556820{margin-top: 35px !important;}&#8221;][vc_column][vc_column_text &#8230;<\/p>\n","protected":false},"author":1,"featured_media":0,"parent":26408,"menu_order":0,"comment_status":"closed","ping_status":"closed","template":"","meta":{"footnotes":""},"yoast_head":"<!-- This site is optimized with the Yoast SEO Premium plugin v19.5 (Yoast SEO v19.10) - https:\/\/yoast.com\/wordpress\/plugins\/seo\/ -->\n<title>Centre de Seguretat Vi\u00e0ria | Autopistas Seguretat Vi\u00e0ria<\/title>\n<meta name=\"description\" content=\"El CESVI sorgeix de la nostra voluntat de compartir amb la societat la nostra experi\u00e8ncia, informaci\u00f3 i coneixement, vital per a la prevenci\u00f3 d&#039;accidents.\" \/>\n<meta name=\"robots\" content=\"index, follow, max-snippet:-1, max-image-preview:large, max-video-preview:-1\" \/>\n<link rel=\"canonical\" href=\"https:\/\/www.autopistas.com\/ca\/seguretat-viaria\/autopistas-seguretat-viaria\/\" \/>\n<meta property=\"og:locale\" content=\"ca_ES\" \/>\n<meta property=\"og:type\" content=\"article\" \/>\n<meta property=\"og:title\" content=\"Autopistas Seguretat Vi\u00e0ria\" \/>\n<meta property=\"og:description\" content=\"El CESVI sorgeix de la nostra voluntat de compartir amb la societat la nostra experi\u00e8ncia, informaci\u00f3 i coneixement, vital per a la prevenci\u00f3 d&#039;accidents.\" \/>\n<meta property=\"og:url\" content=\"https:\/\/www.autopistas.com\/ca\/seguretat-viaria\/autopistas-seguretat-viaria\/\" \/>\n<meta property=\"og:site_name\" content=\"Autopistas\" \/>\n<meta property=\"article:modified_time\" content=\"2023-07-24T09:48:43+00:00\" \/>\n<meta name=\"twitter:card\" content=\"summary_large_image\" \/>\n<meta name=\"twitter:label1\" content=\"Temps estimat de lectura\" \/>\n\t<meta name=\"twitter:data1\" content=\"2 minuts\" \/>\n<script type=\"application\/ld+json\" class=\"yoast-schema-graph\">{\"@context\":\"https:\/\/schema.org\",\"@graph\":[{\"@type\":\"WebPage\",\"@id\":\"https:\/\/www.autopistas.com\/ca\/seguretat-viaria\/autopistas-seguretat-viaria\/\",\"url\":\"https:\/\/www.autopistas.com\/ca\/seguretat-viaria\/autopistas-seguretat-viaria\/\",\"name\":\"Centre de Seguretat Vi\u00e0ria | Autopistas Seguretat Vi\u00e0ria\",\"isPartOf\":{\"@id\":\"https:\/\/www.autopistas.com\/ca\/#website\"},\"datePublished\":\"2017-08-02T10:40:51+00:00\",\"dateModified\":\"2023-07-24T09:48:43+00:00\",\"description\":\"El CESVI sorgeix de la nostra voluntat de compartir amb la societat la nostra experi\u00e8ncia, informaci\u00f3 i coneixement, vital per a la prevenci\u00f3 d'accidents.\",\"breadcrumb\":{\"@id\":\"https:\/\/www.autopistas.com\/ca\/seguretat-viaria\/autopistas-seguretat-viaria\/#breadcrumb\"},\"inLanguage\":\"ca\",\"potentialAction\":[{\"@type\":\"ReadAction\",\"target\":[\"https:\/\/www.autopistas.com\/ca\/seguretat-viaria\/autopistas-seguretat-viaria\/\"]}]},{\"@type\":\"BreadcrumbList\",\"@id\":\"https:\/\/www.autopistas.com\/ca\/seguretat-viaria\/autopistas-seguretat-viaria\/#breadcrumb\",\"itemListElement\":[{\"@type\":\"ListItem\",\"position\":1,\"name\":\"Portada\",\"item\":\"https:\/\/www.autopistas.com\/ca\/\"},{\"@type\":\"ListItem\",\"position\":2,\"name\":\"Seguretat Vi\u00e0ria\",\"item\":\"https:\/\/www.autopistas.com\/ca\/seguretat-viaria\/\"},{\"@type\":\"ListItem\",\"position\":3,\"name\":\"Autopistas Seguretat Vi\u00e0ria\"}]},{\"@type\":\"WebSite\",\"@id\":\"https:\/\/www.autopistas.com\/ca\/#website\",\"url\":\"https:\/\/www.autopistas.com\/ca\/\",\"name\":\"Autopistas\",\"description\":\"Autopistas, Contigo Hasta Donde Quieras Llegar\",\"potentialAction\":[{\"@type\":\"SearchAction\",\"target\":{\"@type\":\"EntryPoint\",\"urlTemplate\":\"https:\/\/www.autopistas.com\/ca\/?s={search_term_string}\"},\"query-input\":\"required name=search_term_string\"}],\"inLanguage\":\"ca\"}]}<\/script>\n<!-- \/ Yoast SEO Premium plugin. -->","yoast_head_json":{"title":"Centre de Seguretat Vi\u00e0ria | Autopistas Seguretat Vi\u00e0ria","description":"El CESVI sorgeix de la nostra voluntat de compartir amb la societat la nostra experi\u00e8ncia, informaci\u00f3 i coneixement, vital per a la prevenci\u00f3 d'accidents.","robots":{"index":"index","follow":"follow","max-snippet":"max-snippet:-1","max-image-preview":"max-image-preview:large","max-video-preview":"max-video-preview:-1"},"canonical":"https:\/\/www.autopistas.com\/ca\/seguretat-viaria\/autopistas-seguretat-viaria\/","og_locale":"ca_ES","og_type":"article","og_title":"Autopistas Seguretat Vi\u00e0ria","og_description":"El CESVI sorgeix de la nostra voluntat de compartir amb la societat la nostra experi\u00e8ncia, informaci\u00f3 i coneixement, vital per a la prevenci\u00f3 d'accidents.","og_url":"https:\/\/www.autopistas.com\/ca\/seguretat-viaria\/autopistas-seguretat-viaria\/","og_site_name":"Autopistas","article_modified_time":"2023-07-24T09:48:43+00:00","twitter_card":"summary_large_image","twitter_misc":{"Temps estimat de lectura":"2 minuts"},"schema":{"@context":"https:\/\/schema.org","@graph":[{"@type":"WebPage","@id":"https:\/\/www.autopistas.com\/ca\/seguretat-viaria\/autopistas-seguretat-viaria\/","url":"https:\/\/www.autopistas.com\/ca\/seguretat-viaria\/autopistas-seguretat-viaria\/","name":"Centre de Seguretat Vi\u00e0ria | Autopistas Seguretat Vi\u00e0ria","isPartOf":{"@id":"https:\/\/www.autopistas.com\/ca\/#website"},"datePublished":"2017-08-02T10:40:51+00:00","dateModified":"2023-07-24T09:48:43+00:00","description":"El CESVI sorgeix de la nostra voluntat de compartir amb la societat la nostra experi\u00e8ncia, informaci\u00f3 i coneixement, vital per a la prevenci\u00f3 d'accidents.","breadcrumb":{"@id":"https:\/\/www.autopistas.com\/ca\/seguretat-viaria\/autopistas-seguretat-viaria\/#breadcrumb"},"inLanguage":"ca","potentialAction":[{"@type":"ReadAction","target":["https:\/\/www.autopistas.com\/ca\/seguretat-viaria\/autopistas-seguretat-viaria\/"]}]},{"@type":"BreadcrumbList","@id":"https:\/\/www.autopistas.com\/ca\/seguretat-viaria\/autopistas-seguretat-viaria\/#breadcrumb","itemListElement":[{"@type":"ListItem","position":1,"name":"Portada","item":"https:\/\/www.autopistas.com\/ca\/"},{"@type":"ListItem","position":2,"name":"Seguretat Vi\u00e0ria","item":"https:\/\/www.autopistas.com\/ca\/seguretat-viaria\/"},{"@type":"ListItem","position":3,"name":"Autopistas Seguretat Vi\u00e0ria"}]},{"@type":"WebSite","@id":"https:\/\/www.autopistas.com\/ca\/#website","url":"https:\/\/www.autopistas.com\/ca\/","name":"Autopistas","description":"Autopistas, Contigo Hasta Donde Quieras Llegar","potentialAction":[{"@type":"SearchAction","target":{"@type":"EntryPoint","urlTemplate":"https:\/\/www.autopistas.com\/ca\/?s={search_term_string}"},"query-input":"required name=search_term_string"}],"inLanguage":"ca"}]}},"_links":{"self":[{"href":"https:\/\/www.autopistas.com\/ca\/wp-json\/wp\/v2\/pages\/25310"}],"collection":[{"href":"https:\/\/www.autopistas.com\/ca\/wp-json\/wp\/v2\/pages"}],"about":[{"href":"https:\/\/www.autopistas.com\/ca\/wp-json\/wp\/v2\/types\/page"}],"author":[{"embeddable":true,"href":"https:\/\/www.autopistas.com\/ca\/wp-json\/wp\/v2\/users\/1"}],"replies":[{"embeddable":true,"href":"https:\/\/www.autopistas.com\/ca\/wp-json\/wp\/v2\/comments?post=25310"}],"version-history":[{"count":54,"href":"https:\/\/www.autopistas.com\/ca\/wp-json\/wp\/v2\/pages\/25310\/revisions"}],"predecessor-version":[{"id":61185,"href":"https:\/\/www.autopistas.com\/ca\/wp-json\/wp\/v2\/pages\/25310\/revisions\/61185"}],"up":[{"embeddable":true,"href":"https:\/\/www.autopistas.com\/ca\/wp-json\/wp\/v2\/pages\/26408"}],"wp:attachment":[{"href":"https:\/\/www.autopistas.com\/ca\/wp-json\/wp\/v2\/media?parent=25310"}],"curies":[{"name":"wp","href":"https:\/\/api.w.org\/{rel}","templated":true}]}}