{"id":25315,"date":"2017-09-01T10:38:08","date_gmt":"2017-09-01T08:38:08","guid":{"rendered":"https:\/\/www.autopistas.com\/consells-autopistas\/"},"modified":"2021-03-04T17:29:17","modified_gmt":"2021-03-04T16:29:17","slug":"consells-autopistas","status":"publish","type":"page","link":"https:\/\/www.autopistas.com\/ca\/seguretat-viaria\/consells-autopistas\/","title":{"rendered":"Consells Autopistas"},"content":{"rendered":"<div class=\"wpb-content-wrapper\"><p>[vc_row full_width=&#8221;stretch_row&#8221; content_placement=&#8221;middle&#8221; css=&#8221;.vc_custom_1614875291285{background-image: url(https:\/\/www.autopistas.com\/wp-content\/uploads\/2021\/02\/shutterstock_566362597-1-scaled.jpg?id=58995) !important;background-position: center !important;background-repeat: no-repeat !important;background-size: cover !important;}&#8221; el_class=&#8221;texto-blanco banner-principal&#8221;][vc_column css=&#8221;.vc_custom_1504536753576{padding-top: 0px !important;}&#8221; offset=&#8221;vc_col-lg-8 vc_col-md-8 vc_col-xs-12&#8243;][vc_custom_heading text=&#8221;Consells Autopistas&#8221; font_container=&#8221;tag:h1|text_align:left|color:%23ffffff&#8221; use_theme_fonts=&#8221;yes&#8221; el_class=&#8221;titulo6 sombra-titulo&#8221; css=&#8221;.vc_custom_1504262975290{margin-top: 0px !important;margin-bottom: 0px !important;}&#8221;][vc_column_text css=&#8221;.vc_custom_1529569344795{margin-bottom: 0px !important;}&#8221; el_class=&#8221;sombra-titulo titulo8 linea-estrecha&#8221;]Viatja segur[\/vc_column_text][\/vc_column][\/vc_row][vc_row equal_height=&#8221;yes&#8221; content_placement=&#8221;top&#8221; el_class=&#8221;migadepan hidden-xs linea-media&#8221;][vc_column css=&#8221;.vc_custom_1503512173887{padding-top: 20px !important;}&#8221;][vc_column_text css=&#8221;.vc_custom_1499095679580{margin-top: 0px !important;margin-bottom: 0px !important;}&#8221;]<ul id=\"migadepan\" class=\"migadepan\"><li class=\"item-home\"><a class=\"bread-link bread-home\" href=\"https:\/\/www.autopistas.com\/ca\/\" title=\"Home\">Home<\/a><\/li><li class=\"separator separator-home\"> <span class=\"glyphicon glyphicon-menu-right\"><\/span> <\/li><\/ul>[\/vc_column_text][\/vc_column][\/vc_row][vc_row content_placement=&#8221;top&#8221; el_class=&#8221;somos-autopistas texto-cuerpo&#8221; css=&#8221;.vc_custom_1510230236807{margin-top: 35px !important;}&#8221;][vc_column width=&#8221;7\/12&#8243; offset=&#8221;vc_col-lg-6 vc_col-md-6 vc_col-xs-12&#8243; el_class=&#8221;texto-cuerpo2&#8243;][vc_column_text el_class=&#8221;titulo5 linea-estrecha texto-naranja&#8221; css=&#8221;.vc_custom_1505393725715{margin-bottom: 15px !important;}&#8221;]Gaudeix de cada viatge apostant per la seguretat de la m\u00e0 d&#8217;Autopistas[\/vc_column_text][vc_column_text css=&#8221;.vc_custom_1504266823275{margin-bottom: 15px !important;}&#8221;]La planificaci\u00f3 del viatge, el bon estat del vehicle, les condicions f\u00edsiques del conductor i la conducta responsable a la carretera, entre altres aspectes, t&#8217;ajudaran a arribar a la teva destinaci\u00f3 de manera segura i gaudint de cada quil\u00f2metre recorregut.[\/vc_column_text][vc_column_text el_class=&#8221;texto-cuerpo2&#8243; css=&#8221;.vc_custom_1511361329828{margin-bottom: 10px !important;}&#8221;]Nosaltres t&#8217;hi ajudem.[\/vc_column_text][\/vc_column][vc_column width=&#8221;5\/12&#8243; offset=&#8221;vc_col-lg-6 vc_col-md-6 vc_col-xs-12&#8243;][vc_single_image image=&#8221;29862&#8243; img_size=&#8221;full&#8221; alignment=&#8221;center&#8221; css=&#8221;.vc_custom_1504267707965{margin-top: 5px !important;margin-bottom: 0px !important;border-top-width: 0px !important;border-right-width: 0px !important;border-bottom-width: 0px !important;border-left-width: 0px !important;}&#8221;][\/vc_column][\/vc_row][vc_row full_width=&#8221;stretch_row&#8221; css=&#8221;.vc_custom_1504537546391{margin-top: 55px !important;background-color: #f5f5f5 !important;}&#8221;][vc_column][vc_custom_heading text=&#8221;Consells Autopistas&#8221; font_container=&#8221;tag:h2|font_size:26px|text_align:center|color:%235d6770&#8243; use_theme_fonts=&#8221;yes&#8221; el_class=&#8221;texto-cuerpo titulo14&#8243; css=&#8221;.vc_custom_1504263452028{margin-top: 10px !important;}&#8221;][atptips][\/vc_column][\/vc_row][vc_row content_placement=&#8221;top&#8221; el_class=&#8221;banner-footer&#8221;][vc_column][atpbanners banner_id=&#8221;random&#8221; full_width=&#8221;true&#8221; columns_number=&#8221;12&#8243;][\/vc_column][\/vc_row]<\/p>\n<\/div>","protected":false},"excerpt":{"rendered":"<p>[vc_row full_width=&#8221;stretch_row&#8221; content_placement=&#8221;middle&#8221; css=&#8221;.vc_custom_1614875291285{background-image: url(https:\/\/www.autopistas.com\/wp-content\/uploads\/2021\/02\/shutterstock_566362597-1-scaled.jpg?id=58995) !important;background-position: center !important;background-repeat: no-repeat !important;background-size: cover !important;}&#8221; el_class=&#8221;texto-blanco banner-principal&#8221;][vc_column css=&#8221;.vc_custom_1504536753576{padding-top: 0px !important;}&#8221; offset=&#8221;vc_col-lg-8 vc_col-md-8 vc_col-xs-12&#8243;][vc_custom_heading text=&#8221;Consells Autopistas&#8221; font_container=&#8221;tag:h1|text_align:left|color:%23ffffff&#8221; use_theme_fonts=&#8221;yes&#8221; el_class=&#8221;titulo6 sombra-titulo&#8221; css=&#8221;.vc_custom_1504262975290{margin-top: 0px !important;margin-bottom: 0px !important;}&#8221;][vc_column_text css=&#8221;.vc_custom_1529569344795{margin-bottom: 0px !important;}&#8221; el_class=&#8221;sombra-titulo titulo8 linea-estrecha&#8221;]Viatja segur[\/vc_column_text][\/vc_column][\/vc_row][vc_row equal_height=&#8221;yes&#8221; content_placement=&#8221;top&#8221; el_class=&#8221;migadepan hidden-xs linea-media&#8221;][vc_column css=&#8221;.vc_custom_1503512173887{padding-top: 20px !important;}&#8221;][vc_column_text css=&#8221;.vc_custom_1499095679580{margin-top: 0px !important;margin-bottom: 0px !important;}&#8221;][\/vc_column_text][\/vc_column][\/vc_row][vc_row content_placement=&#8221;top&#8221; el_class=&#8221;somos-autopistas texto-cuerpo&#8221; css=&#8221;.vc_custom_1510230236807{margin-top: &#8230;<\/p>\n","protected":false},"author":1,"featured_media":0,"parent":26408,"menu_order":0,"comment_status":"closed","ping_status":"closed","template":"","meta":{"footnotes":""},"yoast_head":"<!-- This site is optimized with the Yoast SEO Premium plugin v19.5 (Yoast SEO v19.10) - https:\/\/yoast.com\/wordpress\/plugins\/seo\/ -->\n<title>Consells Autopistes | Centre de Seguretat Vial<\/title>\n<meta name=\"description\" content=\"Sigue nuestros consejos de seguridad vial y ay\u00fadanos a conseguir nuestro objetivo de reducir las v\u00edctimas de accidentes de tr\u00e1fico en autopistas.\" \/>\n<meta name=\"robots\" content=\"index, follow, max-snippet:-1, max-image-preview:large, max-video-preview:-1\" \/>\n<link rel=\"canonical\" href=\"https:\/\/www.autopistas.com\/ca\/seguretat-viaria\/consells-autopistas\/\" \/>\n<meta property=\"og:locale\" content=\"ca_ES\" \/>\n<meta property=\"og:type\" content=\"article\" \/>\n<meta property=\"og:title\" content=\"Consells Autopistas\" \/>\n<meta property=\"og:description\" content=\"Sigue nuestros consejos de seguridad vial y ay\u00fadanos a conseguir nuestro objetivo de reducir las v\u00edctimas de accidentes de tr\u00e1fico en autopistas.\" \/>\n<meta property=\"og:url\" content=\"https:\/\/www.autopistas.com\/ca\/seguretat-viaria\/consells-autopistas\/\" \/>\n<meta property=\"og:site_name\" content=\"Autopistas\" \/>\n<meta property=\"article:modified_time\" content=\"2021-03-04T16:29:17+00:00\" \/>\n<meta name=\"twitter:card\" content=\"summary_large_image\" \/>\n<meta name=\"twitter:label1\" content=\"Temps estimat de lectura\" \/>\n\t<meta name=\"twitter:data1\" content=\"2 minuts\" \/>\n<script type=\"application\/ld+json\" class=\"yoast-schema-graph\">{\"@context\":\"https:\/\/schema.org\",\"@graph\":[{\"@type\":\"WebPage\",\"@id\":\"https:\/\/www.autopistas.com\/ca\/seguretat-viaria\/consells-autopistas\/\",\"url\":\"https:\/\/www.autopistas.com\/ca\/seguretat-viaria\/consells-autopistas\/\",\"name\":\"Consells Autopistes | Centre de Seguretat Vial\",\"isPartOf\":{\"@id\":\"https:\/\/www.autopistas.com\/ca\/#website\"},\"datePublished\":\"2017-09-01T08:38:08+00:00\",\"dateModified\":\"2021-03-04T16:29:17+00:00\",\"description\":\"Sigue nuestros consejos de seguridad vial y ay\u00fadanos a conseguir nuestro objetivo de reducir las v\u00edctimas de accidentes de tr\u00e1fico en autopistas.\",\"breadcrumb\":{\"@id\":\"https:\/\/www.autopistas.com\/ca\/seguretat-viaria\/consells-autopistas\/#breadcrumb\"},\"inLanguage\":\"ca\",\"potentialAction\":[{\"@type\":\"ReadAction\",\"target\":[\"https:\/\/www.autopistas.com\/ca\/seguretat-viaria\/consells-autopistas\/\"]}]},{\"@type\":\"BreadcrumbList\",\"@id\":\"https:\/\/www.autopistas.com\/ca\/seguretat-viaria\/consells-autopistas\/#breadcrumb\",\"itemListElement\":[{\"@type\":\"ListItem\",\"position\":1,\"name\":\"Portada\",\"item\":\"https:\/\/www.autopistas.com\/ca\/\"},{\"@type\":\"ListItem\",\"position\":2,\"name\":\"Seguretat Vi\u00e0ria\",\"item\":\"https:\/\/www.autopistas.com\/ca\/seguretat-viaria\/\"},{\"@type\":\"ListItem\",\"position\":3,\"name\":\"Consells Autopistas\"}]},{\"@type\":\"WebSite\",\"@id\":\"https:\/\/www.autopistas.com\/ca\/#website\",\"url\":\"https:\/\/www.autopistas.com\/ca\/\",\"name\":\"Autopistas\",\"description\":\"Autopistas, Contigo Hasta Donde Quieras Llegar\",\"potentialAction\":[{\"@type\":\"SearchAction\",\"target\":{\"@type\":\"EntryPoint\",\"urlTemplate\":\"https:\/\/www.autopistas.com\/ca\/?s={search_term_string}\"},\"query-input\":\"required name=search_term_string\"}],\"inLanguage\":\"ca\"}]}<\/script>\n<!-- \/ Yoast SEO Premium plugin. -->","yoast_head_json":{"title":"Consells Autopistes | Centre de Seguretat Vial","description":"Sigue nuestros consejos de seguridad vial y ay\u00fadanos a conseguir nuestro objetivo de reducir las v\u00edctimas de accidentes de tr\u00e1fico en autopistas.","robots":{"index":"index","follow":"follow","max-snippet":"max-snippet:-1","max-image-preview":"max-image-preview:large","max-video-preview":"max-video-preview:-1"},"canonical":"https:\/\/www.autopistas.com\/ca\/seguretat-viaria\/consells-autopistas\/","og_locale":"ca_ES","og_type":"article","og_title":"Consells Autopistas","og_description":"Sigue nuestros consejos de seguridad vial y ay\u00fadanos a conseguir nuestro objetivo de reducir las v\u00edctimas de accidentes de tr\u00e1fico en autopistas.","og_url":"https:\/\/www.autopistas.com\/ca\/seguretat-viaria\/consells-autopistas\/","og_site_name":"Autopistas","article_modified_time":"2021-03-04T16:29:17+00:00","twitter_card":"summary_large_image","twitter_misc":{"Temps estimat de lectura":"2 minuts"},"schema":{"@context":"https:\/\/schema.org","@graph":[{"@type":"WebPage","@id":"https:\/\/www.autopistas.com\/ca\/seguretat-viaria\/consells-autopistas\/","url":"https:\/\/www.autopistas.com\/ca\/seguretat-viaria\/consells-autopistas\/","name":"Consells Autopistes | Centre de Seguretat Vial","isPartOf":{"@id":"https:\/\/www.autopistas.com\/ca\/#website"},"datePublished":"2017-09-01T08:38:08+00:00","dateModified":"2021-03-04T16:29:17+00:00","description":"Sigue nuestros consejos de seguridad vial y ay\u00fadanos a conseguir nuestro objetivo de reducir las v\u00edctimas de accidentes de tr\u00e1fico en autopistas.","breadcrumb":{"@id":"https:\/\/www.autopistas.com\/ca\/seguretat-viaria\/consells-autopistas\/#breadcrumb"},"inLanguage":"ca","potentialAction":[{"@type":"ReadAction","target":["https:\/\/www.autopistas.com\/ca\/seguretat-viaria\/consells-autopistas\/"]}]},{"@type":"BreadcrumbList","@id":"https:\/\/www.autopistas.com\/ca\/seguretat-viaria\/consells-autopistas\/#breadcrumb","itemListElement":[{"@type":"ListItem","position":1,"name":"Portada","item":"https:\/\/www.autopistas.com\/ca\/"},{"@type":"ListItem","position":2,"name":"Seguretat Vi\u00e0ria","item":"https:\/\/www.autopistas.com\/ca\/seguretat-viaria\/"},{"@type":"ListItem","position":3,"name":"Consells Autopistas"}]},{"@type":"WebSite","@id":"https:\/\/www.autopistas.com\/ca\/#website","url":"https:\/\/www.autopistas.com\/ca\/","name":"Autopistas","description":"Autopistas, Contigo Hasta Donde Quieras Llegar","potentialAction":[{"@type":"SearchAction","target":{"@type":"EntryPoint","urlTemplate":"https:\/\/www.autopistas.com\/ca\/?s={search_term_string}"},"query-input":"required name=search_term_string"}],"inLanguage":"ca"}]}},"_links":{"self":[{"href":"https:\/\/www.autopistas.com\/ca\/wp-json\/wp\/v2\/pages\/25315"}],"collection":[{"href":"https:\/\/www.autopistas.com\/ca\/wp-json\/wp\/v2\/pages"}],"about":[{"href":"https:\/\/www.autopistas.com\/ca\/wp-json\/wp\/v2\/types\/page"}],"author":[{"embeddable":true,"href":"https:\/\/www.autopistas.com\/ca\/wp-json\/wp\/v2\/users\/1"}],"replies":[{"embeddable":true,"href":"https:\/\/www.autopistas.com\/ca\/wp-json\/wp\/v2\/comments?post=25315"}],"version-history":[{"count":15,"href":"https:\/\/www.autopistas.com\/ca\/wp-json\/wp\/v2\/pages\/25315\/revisions"}],"predecessor-version":[{"id":59184,"href":"https:\/\/www.autopistas.com\/ca\/wp-json\/wp\/v2\/pages\/25315\/revisions\/59184"}],"up":[{"embeddable":true,"href":"https:\/\/www.autopistas.com\/ca\/wp-json\/wp\/v2\/pages\/26408"}],"wp:attachment":[{"href":"https:\/\/www.autopistas.com\/ca\/wp-json\/wp\/v2\/media?parent=25315"}],"curies":[{"name":"wp","href":"https:\/\/api.w.org\/{rel}","templated":true}]}}