{"id":25346,"date":"2017-08-10T15:36:04","date_gmt":"2017-08-10T13:36:04","guid":{"rendered":"https:\/\/www.autopistas.com\/faqs\/"},"modified":"2018-06-19T17:06:52","modified_gmt":"2018-06-19T15:06:52","slug":"informacio-util","status":"publish","type":"page","link":"https:\/\/www.autopistas.com\/ca\/tajudem\/informacio-util\/","title":{"rendered":"Informaci\u00f3 \u00fatil"},"content":{"rendered":"<div class=\"wpb-content-wrapper\"><p>[vc_row full_width=&#8221;stretch_row&#8221; content_placement=&#8221;middle&#8221; css=&#8221;.vc_custom_1504794400767{background-image: url(https:\/\/www.autopistas.com\/wp-content\/uploads\/2017\/08\/faqs-header2-def.jpg?id=15325) !important;background-position: center !important;background-repeat: no-repeat !important;background-size: cover !important;}&#8221; el_class=&#8221;texto-blanco banner-principal&#8221;][vc_column width=&#8221;7\/12&#8243; css=&#8221;.vc_custom_1499093045258{padding-top: 0px !important;}&#8221;][vc_custom_heading text=&#8221;Informaci\u00f3 \u00fatil&#8221; font_container=&#8221;tag:h1|text_align:left|color:%23ffffff&#8221; use_theme_fonts=&#8221;yes&#8221; el_class=&#8221;titulo6 sombra-titulo&#8221; css=&#8221;.vc_custom_1526636821408{margin-top: 0px !important;margin-bottom: 0px !important;}&#8221;][vc_column_text css=&#8221;.vc_custom_1528468263930{margin-bottom: 0px !important;}&#8221; el_class=&#8221;sombra-titulo titulo8 linea-estrecha&#8221;][\/vc_column_text][\/vc_column][\/vc_row][vc_row][vc_column css=&#8221;.vc_custom_1499078577091{padding-top: 20px !important;}&#8221;][vc_column_text css=&#8221;.vc_custom_1499078637339{margin-bottom: 0px !important;}&#8221;]<ul id=\"migadepan\" class=\"migadepan\"><li class=\"item-home\"><a class=\"bread-link bread-home\" href=\"https:\/\/www.autopistas.com\/ca\/\" title=\"Home\">Home<\/a><\/li><li class=\"separator separator-home\"> <span class=\"glyphicon glyphicon-menu-right\"><\/span> <\/li><\/ul>[\/vc_column_text][\/vc_column][\/vc_row][vc_row el_class=&#8221;texto-cuerpo center-text&#8221;][vc_column css=&#8221;.vc_custom_1499683684753{padding-top: 50px !important;}&#8221;][vc_custom_heading text=&#8221;Accedeix a les preguntes m\u00e9s freq\u00fcents sobre els nostres productes i serveis&#8221; font_container=&#8221;tag:h2|text_align:center&#8221; use_theme_fonts=&#8221;yes&#8221; el_class=&#8221;titulo14&#8243;][\/vc_column][\/vc_row][vc_row][vc_column][atpfaqs][\/vc_column][\/vc_row]<span data-mce-type=\"bookmark\" style=\"display: inline-block; width: 0px; overflow: hidden; line-height: 0;\" class=\"mce_SELRES_start\">\ufeff<\/span>[vc_row css=&#8221;.vc_custom_1505216945836{padding-bottom: 150px !important;}&#8221;][vc_column css=&#8221;.vc_custom_1505216963220{padding-top: 0px !important;}&#8221;][atpdoubts vistazo_links=&#8221;\u00a1{&#8220;tag&#8220;:&#8220;\u00c0rea Clients&#8220;,&#8220;url&#8220;:&#8220;https:\/\/www.autopistas.com\/ca\/faq\/alta-oficina\/&#8220;,&#8220;custom&#8220;:true},{&#8220;tag&#8220;:&#8220;Productes i Serveis&#8220;,&#8220;url&#8220;:&#8220;https:\/\/www.autopistas.com\/ca\/faq\/productes\/&#8220;,&#8220;custom&#8220;:true},{&#8220;tag&#8220;:&#8220;E-factura&#8220;,&#8220;url&#8220;:&#8220;https:\/\/www.autopistas.com\/ca\/faq\/e-factura\/&#8220;,&#8220;custom&#8220;:true},{&#8220;tag&#8220;:&#8220;Ticket eXpress&#8220;,&#8220;url&#8220;:&#8220;https:\/\/www.autopistas.com\/ca\/faq\/ticket-express\/&#8220;,&#8220;custom&#8220;:true},{&#8220;tag&#8220;:&#8220;Via T&#8220;,&#8220;url&#8220;:&#8220;https:\/\/www.autopistas.com\/ca\/faq\/via-t\/&#8220;,&#8220;custom&#8220;:true},{&#8220;tag&#8220;:&#8220;App&#8220;,&#8220;url&#8220;:&#8220;https:\/\/www.autopistas.com\/ca\/faq\/autopistas-en-ruta\/&#8220;,&#8220;custom&#8220;:true}!&#8221;][\/vc_column][\/vc_row]<span data-mce-type=\"bookmark\" style=\"display: inline-block; width: 0px; overflow: hidden; line-height: 0;\" class=\"mce_SELRES_end\">\ufeff<\/span>[vc_row content_placement=&#8221;top&#8221; el_class=&#8221;banner-footer&#8221;][vc_column][atpbanners banner_id=&#8221;random&#8221; full_width=&#8221;true&#8221; columns_number=&#8221;12&#8243;][\/vc_column][\/vc_row]<\/p>\n<\/div>","protected":false},"excerpt":{"rendered":"<p>[vc_row full_width=&#8221;stretch_row&#8221; content_placement=&#8221;middle&#8221; css=&#8221;.vc_custom_1504794400767{background-image: url(https:\/\/www.autopistas.com\/wp-content\/uploads\/2017\/08\/faqs-header2-def.jpg?id=15325) !important;background-position: center !important;background-repeat: no-repeat !important;background-size: cover !important;}&#8221; el_class=&#8221;texto-blanco banner-principal&#8221;][vc_column width=&#8221;7\/12&#8243; css=&#8221;.vc_custom_1499093045258{padding-top: 0px !important;}&#8221;][vc_custom_heading text=&#8221;Informaci\u00f3 \u00fatil&#8221; font_container=&#8221;tag:h1|text_align:left|color:%23ffffff&#8221; use_theme_fonts=&#8221;yes&#8221; el_class=&#8221;titulo6 sombra-titulo&#8221; css=&#8221;.vc_custom_1526636821408{margin-top: 0px !important;margin-bottom: 0px !important;}&#8221;][vc_column_text css=&#8221;.vc_custom_1528468263930{margin-bottom: 0px !important;}&#8221; el_class=&#8221;sombra-titulo titulo8 linea-estrecha&#8221;][\/vc_column_text][\/vc_column][\/vc_row][vc_row][vc_column css=&#8221;.vc_custom_1499078577091{padding-top: 20px !important;}&#8221;][vc_column_text css=&#8221;.vc_custom_1499078637339{margin-bottom: 0px !important;}&#8221;][\/vc_column_text][\/vc_column][\/vc_row][vc_row el_class=&#8221;texto-cuerpo center-text&#8221;][vc_column css=&#8221;.vc_custom_1499683684753{padding-top: 50px !important;}&#8221;][vc_custom_heading text=&#8221;Accedeix a les preguntes m\u00e9s freq\u00fcents sobre els nostres &#8230;<\/p>\n","protected":false},"author":1,"featured_media":0,"parent":26413,"menu_order":0,"comment_status":"closed","ping_status":"closed","template":"","meta":{"footnotes":""},"yoast_head":"<!-- This site is optimized with the Yoast SEO Premium plugin v19.5 (Yoast SEO v19.10) - https:\/\/yoast.com\/wordpress\/plugins\/seo\/ -->\n<title>Informaci\u00f3 \u00fatil | Contacte Autopistas<\/title>\n<meta name=\"description\" content=\"Accedeix a les preguntes m\u00e9s freq\u00fcents sobre els nostres productes i serveis\" \/>\n<meta name=\"robots\" content=\"index, follow, max-snippet:-1, max-image-preview:large, max-video-preview:-1\" \/>\n<link rel=\"canonical\" href=\"https:\/\/www.autopistas.com\/ca\/tajudem\/informacio-util\/\" \/>\n<meta property=\"og:locale\" content=\"ca_ES\" \/>\n<meta property=\"og:type\" content=\"article\" \/>\n<meta property=\"og:title\" content=\"Informaci\u00f3 \u00fatil\" \/>\n<meta property=\"og:description\" content=\"Accedeix a les preguntes m\u00e9s freq\u00fcents sobre els nostres productes i serveis\" \/>\n<meta property=\"og:url\" content=\"https:\/\/www.autopistas.com\/ca\/tajudem\/informacio-util\/\" \/>\n<meta property=\"og:site_name\" content=\"Autopistas\" \/>\n<meta property=\"article:modified_time\" content=\"2018-06-19T15:06:52+00:00\" \/>\n<meta name=\"twitter:card\" content=\"summary_large_image\" \/>\n<meta name=\"twitter:label1\" content=\"Temps estimat de lectura\" \/>\n\t<meta name=\"twitter:data1\" content=\"2 minuts\" \/>\n<script type=\"application\/ld+json\" class=\"yoast-schema-graph\">{\"@context\":\"https:\/\/schema.org\",\"@graph\":[{\"@type\":\"WebPage\",\"@id\":\"https:\/\/www.autopistas.com\/ca\/tajudem\/informacio-util\/\",\"url\":\"https:\/\/www.autopistas.com\/ca\/tajudem\/informacio-util\/\",\"name\":\"Informaci\u00f3 \u00fatil | Contacte Autopistas\",\"isPartOf\":{\"@id\":\"https:\/\/www.autopistas.com\/ca\/#website\"},\"datePublished\":\"2017-08-10T13:36:04+00:00\",\"dateModified\":\"2018-06-19T15:06:52+00:00\",\"description\":\"Accedeix a les preguntes m\u00e9s freq\u00fcents sobre els nostres productes i serveis\",\"breadcrumb\":{\"@id\":\"https:\/\/www.autopistas.com\/ca\/tajudem\/informacio-util\/#breadcrumb\"},\"inLanguage\":\"ca\",\"potentialAction\":[{\"@type\":\"ReadAction\",\"target\":[\"https:\/\/www.autopistas.com\/ca\/tajudem\/informacio-util\/\"]}]},{\"@type\":\"BreadcrumbList\",\"@id\":\"https:\/\/www.autopistas.com\/ca\/tajudem\/informacio-util\/#breadcrumb\",\"itemListElement\":[{\"@type\":\"ListItem\",\"position\":1,\"name\":\"Portada\",\"item\":\"https:\/\/www.autopistas.com\/ca\/\"},{\"@type\":\"ListItem\",\"position\":2,\"name\":\"T&#8217;ajudem\",\"item\":\"https:\/\/www.autopistas.com\/ca\/tajudem\/\"},{\"@type\":\"ListItem\",\"position\":3,\"name\":\"Informaci\u00f3 \u00fatil\"}]},{\"@type\":\"WebSite\",\"@id\":\"https:\/\/www.autopistas.com\/ca\/#website\",\"url\":\"https:\/\/www.autopistas.com\/ca\/\",\"name\":\"Autopistas\",\"description\":\"Autopistas, Contigo Hasta Donde Quieras Llegar\",\"potentialAction\":[{\"@type\":\"SearchAction\",\"target\":{\"@type\":\"EntryPoint\",\"urlTemplate\":\"https:\/\/www.autopistas.com\/ca\/?s={search_term_string}\"},\"query-input\":\"required name=search_term_string\"}],\"inLanguage\":\"ca\"}]}<\/script>\n<!-- \/ Yoast SEO Premium plugin. -->","yoast_head_json":{"title":"Informaci\u00f3 \u00fatil | Contacte Autopistas","description":"Accedeix a les preguntes m\u00e9s freq\u00fcents sobre els nostres productes i serveis","robots":{"index":"index","follow":"follow","max-snippet":"max-snippet:-1","max-image-preview":"max-image-preview:large","max-video-preview":"max-video-preview:-1"},"canonical":"https:\/\/www.autopistas.com\/ca\/tajudem\/informacio-util\/","og_locale":"ca_ES","og_type":"article","og_title":"Informaci\u00f3 \u00fatil","og_description":"Accedeix a les preguntes m\u00e9s freq\u00fcents sobre els nostres productes i serveis","og_url":"https:\/\/www.autopistas.com\/ca\/tajudem\/informacio-util\/","og_site_name":"Autopistas","article_modified_time":"2018-06-19T15:06:52+00:00","twitter_card":"summary_large_image","twitter_misc":{"Temps estimat de lectura":"2 minuts"},"schema":{"@context":"https:\/\/schema.org","@graph":[{"@type":"WebPage","@id":"https:\/\/www.autopistas.com\/ca\/tajudem\/informacio-util\/","url":"https:\/\/www.autopistas.com\/ca\/tajudem\/informacio-util\/","name":"Informaci\u00f3 \u00fatil | Contacte Autopistas","isPartOf":{"@id":"https:\/\/www.autopistas.com\/ca\/#website"},"datePublished":"2017-08-10T13:36:04+00:00","dateModified":"2018-06-19T15:06:52+00:00","description":"Accedeix a les preguntes m\u00e9s freq\u00fcents sobre els nostres productes i serveis","breadcrumb":{"@id":"https:\/\/www.autopistas.com\/ca\/tajudem\/informacio-util\/#breadcrumb"},"inLanguage":"ca","potentialAction":[{"@type":"ReadAction","target":["https:\/\/www.autopistas.com\/ca\/tajudem\/informacio-util\/"]}]},{"@type":"BreadcrumbList","@id":"https:\/\/www.autopistas.com\/ca\/tajudem\/informacio-util\/#breadcrumb","itemListElement":[{"@type":"ListItem","position":1,"name":"Portada","item":"https:\/\/www.autopistas.com\/ca\/"},{"@type":"ListItem","position":2,"name":"T&#8217;ajudem","item":"https:\/\/www.autopistas.com\/ca\/tajudem\/"},{"@type":"ListItem","position":3,"name":"Informaci\u00f3 \u00fatil"}]},{"@type":"WebSite","@id":"https:\/\/www.autopistas.com\/ca\/#website","url":"https:\/\/www.autopistas.com\/ca\/","name":"Autopistas","description":"Autopistas, Contigo Hasta Donde Quieras Llegar","potentialAction":[{"@type":"SearchAction","target":{"@type":"EntryPoint","urlTemplate":"https:\/\/www.autopistas.com\/ca\/?s={search_term_string}"},"query-input":"required name=search_term_string"}],"inLanguage":"ca"}]}},"_links":{"self":[{"href":"https:\/\/www.autopistas.com\/ca\/wp-json\/wp\/v2\/pages\/25346"}],"collection":[{"href":"https:\/\/www.autopistas.com\/ca\/wp-json\/wp\/v2\/pages"}],"about":[{"href":"https:\/\/www.autopistas.com\/ca\/wp-json\/wp\/v2\/types\/page"}],"author":[{"embeddable":true,"href":"https:\/\/www.autopistas.com\/ca\/wp-json\/wp\/v2\/users\/1"}],"replies":[{"embeddable":true,"href":"https:\/\/www.autopistas.com\/ca\/wp-json\/wp\/v2\/comments?post=25346"}],"version-history":[{"count":24,"href":"https:\/\/www.autopistas.com\/ca\/wp-json\/wp\/v2\/pages\/25346\/revisions"}],"predecessor-version":[{"id":30509,"href":"https:\/\/www.autopistas.com\/ca\/wp-json\/wp\/v2\/pages\/25346\/revisions\/30509"}],"up":[{"embeddable":true,"href":"https:\/\/www.autopistas.com\/ca\/wp-json\/wp\/v2\/pages\/26413"}],"wp:attachment":[{"href":"https:\/\/www.autopistas.com\/ca\/wp-json\/wp\/v2\/media?parent=25346"}],"curies":[{"name":"wp","href":"https:\/\/api.w.org\/{rel}","templated":true}]}}