{"id":25369,"date":"2017-06-28T12:27:00","date_gmt":"2017-06-28T10:27:00","guid":{"rendered":"https:\/\/www.autopistas.com\/avantatges\/descomptes\/"},"modified":"2024-07-22T12:55:14","modified_gmt":"2024-07-22T10:55:14","slug":"descomptes","status":"publish","type":"page","link":"https:\/\/www.autopistas.com\/ca\/tarifes-i-descomptes\/descomptes\/","title":{"rendered":"Descomptes"},"content":{"rendered":"<div class=\"wpb-content-wrapper\"><p>[vc_row full_width=&#8221;stretch_row&#8221; content_placement=&#8221;middle&#8221; css=&#8221;.vc_custom_1614873918571{background-image: url(https:\/\/www.autopistas.com\/wp-content\/uploads\/2021\/03\/DESCUENTOS_OK.jpg?id=59101) !important;background-position: center !important;background-repeat: no-repeat !important;background-size: cover !important;}&#8221; el_class=&#8221;texto-blanco banner-principal&#8221;][vc_column width=&#8221;7\/12&#8243; css=&#8221;.vc_custom_1499093903276{padding-top: 0px !important;}&#8221;][vc_custom_heading text=&#8221;Descomptes&#8221; font_container=&#8221;tag:h1|text_align:left|color:%23ffffff&#8221; use_theme_fonts=&#8221;yes&#8221; css=&#8221;.vc_custom_1504018564230{margin-top: 0px !important;margin-bottom: 0px !important;}&#8221; el_class=&#8221;titulo6 sombra-titulo&#8221;][vc_column_text css=&#8221;.vc_custom_1677713882696{margin-bottom: 0px !important;}&#8221; el_class=&#8221;sombra-titulo titulo8 linea-estrecha&#8221;]Descobreix tots els descomptes[\/vc_column_text][\/vc_column][\/vc_row][vc_row el_class=&#8221;migadepan hidden-xs&#8221;][vc_column css=&#8221;.vc_custom_1498722016024{padding-top: 20px !important;padding-bottom: 35px !important;}&#8221;][vc_column_text css=&#8221;.vc_custom_1498721904988{margin-bottom: 0px !important;}&#8221;]<ul id=\"migadepan\" class=\"migadepan\"><li class=\"item-home\"><a class=\"bread-link bread-home\" href=\"https:\/\/www.autopistas.com\/ca\/\" title=\"Home\">Home<\/a><\/li><li class=\"separator separator-home\"> <span class=\"glyphicon glyphicon-menu-right\"><\/span> <\/li><\/ul>[\/vc_column_text][\/vc_column][\/vc_row][vc_row equal_height=&#8221;yes&#8221; el_class=&#8221;texto-cuerpo&#8221; css=&#8221;.vc_custom_1530813760785{margin-top: 35px !important;}&#8221;][vc_column width=&#8221;1\/2&#8243; offset=&#8221;vc_col-lg-9 vc_col-md-9 vc_col-xs-12&#8243;][vc_column_text css=&#8221;.vc_custom_1509713930046{margin-bottom: 20px !important;}&#8221; el_class=&#8221;titulo8 linea-estrecha&#8221;]<span style=\"color: #f58220;\">Descobreix els descomptes d\u2019Autopistas<\/span>[\/vc_column_text][vc_column_text el_class=&#8221;texto-cuerpo2&#8243;]Ara estalviar per autopista \u00e9s molt m\u00e9s f\u00e0cil. Si tens <span class=\"texto-cuerpo5\">Via T<\/span>, t\u2019oferim diversos tipus de descomptes.<br \/>\nConsulta el que s\u2019adapta millor a les teves necessitats.[\/vc_column_text][\/vc_column][vc_column width=&#8221;1\/2&#8243; offset=&#8221;vc_col-lg-3 vc_col-md-3 vc_col-xs-12&#8243;][atpbanners banner_id=&#8221;2126&#8243;][\/vc_column][\/vc_row][vc_row full_width=&#8221;stretch_row&#8221; content_placement=&#8221;top&#8221; css=&#8221;.vc_custom_1509363312172{margin-top: 50px !important;padding-bottom: 75px !important;background-image: url(https:\/\/www.autopistas.com\/wp-content\/uploads\/2017\/06\/fondo-descuentos-destacados.jpg?id=24675) !important;background-position: center !important;background-repeat: no-repeat !important;background-size: cover !important;}&#8221; el_class=&#8221;featured-discounts&#8221;][vc_column][vc_custom_heading text=&#8221;Descomptes destacats&#8221; font_container=&#8221;tag:h2|font_size:36px|text_align:center|color:%23ffffff&#8221; use_theme_fonts=&#8221;yes&#8221; css=&#8221;.vc_custom_1499763746408{margin-top: 10px !important;margin-bottom: 40px !important;}&#8221; el_class=&#8221;titulo8 texto-blanco&#8221;][atpfeatureddiscounts][\/vc_column][\/vc_row][vc_row disable_element=&#8221;yes&#8221;][vc_column][vc_cta h2=&#8221;&#8221; txt_align=&#8221;center&#8221; shape=&#8221;square&#8221; style=&#8221;flat&#8221;]Durante el estado de alarma, y teniendo en cuenta el levantamiento temporal \u00a0de \u00a0las restricciones de circulaci\u00f3n a veh\u00edculos pesados en Catalu\u00f1a,\u00a0 las Administraciones P\u00fablicas han suspendido temporalmente desde las 00 horas del d\u00eda 20 de Abril de 2020 los descuentos y bonificaciones\u00a0 a veh\u00edculos pesados en los tramos de AP-7 Vilafranca Sur- Altafulla,\u00a0 AP-7 Ma\u00e7anet &#8211; La Jonquera y\u00a0 AP-2 Les Borges Blanques -El\u00a0 Pla de Santa Mar\u00eda.[\/vc_cta][\/vc_column][\/vc_row][vc_row disable_element=&#8221;yes&#8221;][vc_column][vc_cta h2=&#8221;&#8221; txt_align=&#8221;center&#8221; shape=&#8221;square&#8221; style=&#8221;flat&#8221;]Las administraciones p\u00fablicas han reactivado desde las 00 horas del d\u00eda 15 de junio de 2020 los descuentos a veh\u00edculos pesados en los tramos de AP-7 Vilafranca Sud- Altafulla y AP-2 Les Borges Blanques -El Pla de Santa Mar\u00eda. En el tramo AP-7 Ma\u00e7anet-La Jonquera, las bonificaciones entrar\u00e1n en vigor una vez se apruebe el nuevo convenio.[\/vc_cta][\/vc_column][\/vc_row][vc_row disable_element=&#8221;yes&#8221;][vc_column][vc_cta h2=&#8221;&#8221; txt_align=&#8221;center&#8221; shape=&#8221;square&#8221; style=&#8221;flat&#8221;]Las administraciones p\u00fablicas han reactivado desde las 00 horas del d\u00eda 25 de junio de 2020 los descuentos a veh\u00edculos pesados en el tramo AP-7 Ma\u00e7anet-La Jonquera[\/vc_cta][\/vc_column][\/vc_row][vc_row disable_element=&#8221;yes&#8221;][vc_column][vc_cta h2=&#8221;&#8221; txt_align=&#8221;center&#8221; shape=&#8221;square&#8221; style=&#8221;flat&#8221;]<\/p>\n<p style=\"text-align: center;\">A partir de les 00:00 hores del 30 de setembre finalitzen els descomptes de l&#8217;autopista AP68 AVASA:<\/p>\n<p style=\"text-align: center;\">Tudela \u2013 Saragossa (professionals)<br \/>\nAnada i tornada Saragossa \u2013 Gallur (turismes)<\/p>\n<p>[\/vc_cta][\/vc_column][\/vc_row][vc_row el_class=&#8221;texto-cuerpo&#8221;][vc_column][vc_raw_html]PGEgaWQ9ImRpc2NvdW50cy1zZWN0aW9uIj48L2E+[\/vc_raw_html][vc_custom_heading text=&#8221;Altres descomptes a les nostres autopistes&#8221; font_container=&#8221;tag:h2|font_size:26px|text_align:center|color:%235d6770&#8243; use_theme_fonts=&#8221;yes&#8221; css=&#8221;.vc_custom_1511361983630{margin-bottom: 30px !important;}&#8221; el_class=&#8221;titulo14&#8243;][atpalldiscounts][\/vc_column][\/vc_row][vc_row content_placement=&#8221;top&#8221; el_class=&#8221;banner-footer&#8221;][vc_column][atpbanners banner_id=&#8221;random&#8221; full_width=&#8221;true&#8221; columns_number=&#8221;12&#8243;][\/vc_column][\/vc_row]<\/p>\n<\/div>","protected":false},"excerpt":{"rendered":"<p>[vc_row full_width=&#8221;stretch_row&#8221; content_placement=&#8221;middle&#8221; css=&#8221;.vc_custom_1614873918571{background-image: url(https:\/\/www.autopistas.com\/wp-content\/uploads\/2021\/03\/DESCUENTOS_OK.jpg?id=59101) !important;background-position: center !important;background-repeat: no-repeat !important;background-size: cover !important;}&#8221; el_class=&#8221;texto-blanco banner-principal&#8221;][vc_column width=&#8221;7\/12&#8243; css=&#8221;.vc_custom_1499093903276{padding-top: 0px !important;}&#8221;][vc_custom_heading text=&#8221;Descomptes&#8221; font_container=&#8221;tag:h1|text_align:left|color:%23ffffff&#8221; use_theme_fonts=&#8221;yes&#8221; css=&#8221;.vc_custom_1504018564230{margin-top: 0px !important;margin-bottom: 0px !important;}&#8221; el_class=&#8221;titulo6 sombra-titulo&#8221;][vc_column_text css=&#8221;.vc_custom_1677713882696{margin-bottom: 0px !important;}&#8221; el_class=&#8221;sombra-titulo titulo8 linea-estrecha&#8221;]Descobreix tots els descomptes[\/vc_column_text][\/vc_column][\/vc_row][vc_row el_class=&#8221;migadepan hidden-xs&#8221;][vc_column css=&#8221;.vc_custom_1498722016024{padding-top: 20px !important;padding-bottom: 35px !important;}&#8221;][vc_column_text css=&#8221;.vc_custom_1498721904988{margin-bottom: 0px !important;}&#8221;][\/vc_column_text][\/vc_column][\/vc_row][vc_row equal_height=&#8221;yes&#8221; el_class=&#8221;texto-cuerpo&#8221; css=&#8221;.vc_custom_1530813760785{margin-top: 35px !important;}&#8221;][vc_column width=&#8221;1\/2&#8243; offset=&#8221;vc_col-lg-9 vc_col-md-9 &#8230;<\/p>\n","protected":false},"author":1,"featured_media":0,"parent":30192,"menu_order":0,"comment_status":"closed","ping_status":"closed","template":"","meta":{"footnotes":""},"yoast_head":"<!-- This site is optimized with the Yoast SEO Premium plugin v19.5 (Yoast SEO v19.10) - https:\/\/yoast.com\/wordpress\/plugins\/seo\/ -->\n<title>Descomptes | Avantatges Autopistas<\/title>\n<meta name=\"description\" content=\"Ara estalviar per autopista \u00e9s molt f\u00e0cil, t&#039;oferim m\u00faltiples descomptes que s&#039;ajusten als teus trajectes m\u00e9s habituals. Descobreix com beneficiar-te d&#039;ells.\" \/>\n<meta name=\"robots\" content=\"index, follow, max-snippet:-1, max-image-preview:large, max-video-preview:-1\" \/>\n<link rel=\"canonical\" href=\"https:\/\/www.autopistas.com\/ca\/tarifes-i-descomptes\/descomptes\/\" \/>\n<meta property=\"og:locale\" content=\"ca_ES\" \/>\n<meta property=\"og:type\" content=\"article\" \/>\n<meta property=\"og:title\" content=\"Descomptes\" \/>\n<meta property=\"og:description\" content=\"Ara estalviar per autopista \u00e9s molt f\u00e0cil, t&#039;oferim m\u00faltiples descomptes que s&#039;ajusten als teus trajectes m\u00e9s habituals. Descobreix com beneficiar-te d&#039;ells.\" \/>\n<meta property=\"og:url\" content=\"https:\/\/www.autopistas.com\/ca\/tarifes-i-descomptes\/descomptes\/\" \/>\n<meta property=\"og:site_name\" content=\"Autopistas\" \/>\n<meta property=\"article:modified_time\" content=\"2024-07-22T10:55:14+00:00\" \/>\n<meta name=\"twitter:card\" content=\"summary_large_image\" \/>\n<meta name=\"twitter:label1\" content=\"Temps estimat de lectura\" \/>\n\t<meta name=\"twitter:data1\" content=\"3 minuts\" \/>\n<script type=\"application\/ld+json\" class=\"yoast-schema-graph\">{\"@context\":\"https:\/\/schema.org\",\"@graph\":[{\"@type\":\"WebPage\",\"@id\":\"https:\/\/www.autopistas.com\/ca\/tarifes-i-descomptes\/descomptes\/\",\"url\":\"https:\/\/www.autopistas.com\/ca\/tarifes-i-descomptes\/descomptes\/\",\"name\":\"Descomptes | Avantatges Autopistas\",\"isPartOf\":{\"@id\":\"https:\/\/www.autopistas.com\/ca\/#website\"},\"datePublished\":\"2017-06-28T10:27:00+00:00\",\"dateModified\":\"2024-07-22T10:55:14+00:00\",\"description\":\"Ara estalviar per autopista \u00e9s molt f\u00e0cil, t'oferim m\u00faltiples descomptes que s'ajusten als teus trajectes m\u00e9s habituals. Descobreix com beneficiar-te d'ells.\",\"breadcrumb\":{\"@id\":\"https:\/\/www.autopistas.com\/ca\/tarifes-i-descomptes\/descomptes\/#breadcrumb\"},\"inLanguage\":\"ca\",\"potentialAction\":[{\"@type\":\"ReadAction\",\"target\":[\"https:\/\/www.autopistas.com\/ca\/tarifes-i-descomptes\/descomptes\/\"]}]},{\"@type\":\"BreadcrumbList\",\"@id\":\"https:\/\/www.autopistas.com\/ca\/tarifes-i-descomptes\/descomptes\/#breadcrumb\",\"itemListElement\":[{\"@type\":\"ListItem\",\"position\":1,\"name\":\"Portada\",\"item\":\"https:\/\/www.autopistas.com\/ca\/\"},{\"@type\":\"ListItem\",\"position\":2,\"name\":\"Tarifes i descomptes\",\"item\":\"https:\/\/www.autopistas.com\/ca\/tarifes-i-descomptes\/\"},{\"@type\":\"ListItem\",\"position\":3,\"name\":\"Descomptes\"}]},{\"@type\":\"WebSite\",\"@id\":\"https:\/\/www.autopistas.com\/ca\/#website\",\"url\":\"https:\/\/www.autopistas.com\/ca\/\",\"name\":\"Autopistas\",\"description\":\"Autopistas, Contigo Hasta Donde Quieras Llegar\",\"potentialAction\":[{\"@type\":\"SearchAction\",\"target\":{\"@type\":\"EntryPoint\",\"urlTemplate\":\"https:\/\/www.autopistas.com\/ca\/?s={search_term_string}\"},\"query-input\":\"required name=search_term_string\"}],\"inLanguage\":\"ca\"}]}<\/script>\n<!-- \/ Yoast SEO Premium plugin. -->","yoast_head_json":{"title":"Descomptes | Avantatges Autopistas","description":"Ara estalviar per autopista \u00e9s molt f\u00e0cil, t'oferim m\u00faltiples descomptes que s'ajusten als teus trajectes m\u00e9s habituals. Descobreix com beneficiar-te d'ells.","robots":{"index":"index","follow":"follow","max-snippet":"max-snippet:-1","max-image-preview":"max-image-preview:large","max-video-preview":"max-video-preview:-1"},"canonical":"https:\/\/www.autopistas.com\/ca\/tarifes-i-descomptes\/descomptes\/","og_locale":"ca_ES","og_type":"article","og_title":"Descomptes","og_description":"Ara estalviar per autopista \u00e9s molt f\u00e0cil, t'oferim m\u00faltiples descomptes que s'ajusten als teus trajectes m\u00e9s habituals. Descobreix com beneficiar-te d'ells.","og_url":"https:\/\/www.autopistas.com\/ca\/tarifes-i-descomptes\/descomptes\/","og_site_name":"Autopistas","article_modified_time":"2024-07-22T10:55:14+00:00","twitter_card":"summary_large_image","twitter_misc":{"Temps estimat de lectura":"3 minuts"},"schema":{"@context":"https:\/\/schema.org","@graph":[{"@type":"WebPage","@id":"https:\/\/www.autopistas.com\/ca\/tarifes-i-descomptes\/descomptes\/","url":"https:\/\/www.autopistas.com\/ca\/tarifes-i-descomptes\/descomptes\/","name":"Descomptes | Avantatges Autopistas","isPartOf":{"@id":"https:\/\/www.autopistas.com\/ca\/#website"},"datePublished":"2017-06-28T10:27:00+00:00","dateModified":"2024-07-22T10:55:14+00:00","description":"Ara estalviar per autopista \u00e9s molt f\u00e0cil, t'oferim m\u00faltiples descomptes que s'ajusten als teus trajectes m\u00e9s habituals. Descobreix com beneficiar-te d'ells.","breadcrumb":{"@id":"https:\/\/www.autopistas.com\/ca\/tarifes-i-descomptes\/descomptes\/#breadcrumb"},"inLanguage":"ca","potentialAction":[{"@type":"ReadAction","target":["https:\/\/www.autopistas.com\/ca\/tarifes-i-descomptes\/descomptes\/"]}]},{"@type":"BreadcrumbList","@id":"https:\/\/www.autopistas.com\/ca\/tarifes-i-descomptes\/descomptes\/#breadcrumb","itemListElement":[{"@type":"ListItem","position":1,"name":"Portada","item":"https:\/\/www.autopistas.com\/ca\/"},{"@type":"ListItem","position":2,"name":"Tarifes i descomptes","item":"https:\/\/www.autopistas.com\/ca\/tarifes-i-descomptes\/"},{"@type":"ListItem","position":3,"name":"Descomptes"}]},{"@type":"WebSite","@id":"https:\/\/www.autopistas.com\/ca\/#website","url":"https:\/\/www.autopistas.com\/ca\/","name":"Autopistas","description":"Autopistas, Contigo Hasta Donde Quieras Llegar","potentialAction":[{"@type":"SearchAction","target":{"@type":"EntryPoint","urlTemplate":"https:\/\/www.autopistas.com\/ca\/?s={search_term_string}"},"query-input":"required name=search_term_string"}],"inLanguage":"ca"}]}},"_links":{"self":[{"href":"https:\/\/www.autopistas.com\/ca\/wp-json\/wp\/v2\/pages\/25369"}],"collection":[{"href":"https:\/\/www.autopistas.com\/ca\/wp-json\/wp\/v2\/pages"}],"about":[{"href":"https:\/\/www.autopistas.com\/ca\/wp-json\/wp\/v2\/types\/page"}],"author":[{"embeddable":true,"href":"https:\/\/www.autopistas.com\/ca\/wp-json\/wp\/v2\/users\/1"}],"replies":[{"embeddable":true,"href":"https:\/\/www.autopistas.com\/ca\/wp-json\/wp\/v2\/comments?post=25369"}],"version-history":[{"count":30,"href":"https:\/\/www.autopistas.com\/ca\/wp-json\/wp\/v2\/pages\/25369\/revisions"}],"predecessor-version":[{"id":61998,"href":"https:\/\/www.autopistas.com\/ca\/wp-json\/wp\/v2\/pages\/25369\/revisions\/61998"}],"up":[{"embeddable":true,"href":"https:\/\/www.autopistas.com\/ca\/wp-json\/wp\/v2\/pages\/30192"}],"wp:attachment":[{"href":"https:\/\/www.autopistas.com\/ca\/wp-json\/wp\/v2\/media?parent=25369"}],"curies":[{"name":"wp","href":"https:\/\/api.w.org\/{rel}","templated":true}]}}