{"id":25399,"date":"2017-07-03T12:48:40","date_gmt":"2017-07-03T10:48:40","guid":{"rendered":"https:\/\/www.autopistas.com\/avantatges\/simulador-de-descomptes\/"},"modified":"2023-09-14T14:37:37","modified_gmt":"2023-09-14T12:37:37","slug":"simulador-de-descomptes","status":"publish","type":"page","link":"https:\/\/www.autopistas.com\/ca\/tarifes-i-descomptes\/simulador-de-descomptes\/","title":{"rendered":"Simulador de descomptes"},"content":{"rendered":"<div class=\"wpb-content-wrapper\"><p>[vc_row full_width=&#8221;stretch_row&#8221; content_placement=&#8221;middle&#8221; css=&#8221;.vc_custom_1504016299560{background-image: url(https:\/\/www.autopistas.com\/wp-content\/uploads\/2017\/07\/simulador-descuentos-header-def.jpg?id=14552) !important;background-position: center !important;background-repeat: no-repeat !important;background-size: cover !important;}&#8221; el_class=&#8221;texto-blanco banner-principal&#8221;][vc_column width=&#8221;7\/12&#8243; el_class=&#8221;linea-estrecha&#8221;][vc_custom_heading text=&#8221;Simulador<br \/>\nde descuentos&#8221; font_container=&#8221;tag:h1|text_align:left|color:%23ffffff&#8221; use_theme_fonts=&#8221;yes&#8221; el_class=&#8221;titulo6 sombra-titulo linea-s-estrecha&#8221; css=&#8221;.vc_custom_1504605567486{margin-top: 0px !important;margin-bottom: 0px !important;}&#8221;][vc_column_text el_class=&#8221;sombra-titulo titulo8 linea-estrecha&#8221; css=&#8221;.vc_custom_1677714016277{margin-top: 10px !important;}&#8221;]Descobreix tots els descomptes[\/vc_column_text][\/vc_column][\/vc_row][vc_row el_class=&#8221;hidden-xs&#8221;][vc_column css=&#8221;.vc_custom_1504030122295{padding-top: 20px !important;}&#8221;][vc_column_text css=&#8221;.vc_custom_1498721904988{margin-bottom: 0px !important;}&#8221;]<ul id=\"migadepan\" class=\"migadepan\"><li class=\"item-home\"><a class=\"bread-link bread-home\" href=\"https:\/\/www.autopistas.com\/ca\/\" title=\"Home\">Home<\/a><\/li><li class=\"separator separator-home\"> <span class=\"glyphicon glyphicon-menu-right\"><\/span> <\/li><\/ul>[\/vc_column_text][\/vc_column][\/vc_row][vc_row el_class=&#8221;texto-cuerpo&#8221; css=&#8221;.vc_custom_1504030475945{margin-top: 35px !important;}&#8221;][vc_column width=&#8221;2\/3&#8243; el_class=&#8221;simulador-descripcion&#8221; offset=&#8221;vc_col-lg-9 vc_col-md-8 vc_col-xs-12&#8243;][vc_custom_heading text=&#8221;Quin import em puc estalviar?&#8221; font_container=&#8221;tag:h2|text_align:left|color:%23f58220&#8243; use_theme_fonts=&#8221;yes&#8221; el_class=&#8221;titulo5 tesxto-naranja&#8221; css=&#8221;.vc_custom_1527164983813{margin-top: 0px !important;margin-bottom: 0px !important;}&#8221;][vc_empty_space height=&#8221;10px&#8221;][vc_column_text css=&#8221;.vc_custom_1511362086907{margin-bottom: 30px !important;}&#8221; el_class=&#8221;texto-cuerpo2&#8243;]<\/p>\n<p>Ind\u00edcanos tus h\u00e1bitos de viaje y te facilitaremos los descuentos que puedes obtener en nuestras autopistas.<\/p>\n<p>El Simulador de descuentos te puede ayudar a planificar tus viajes.<\/p>\n<p>[\/vc_column_text][vc_column_text el_class=&#8221;texto-cuerpo2&#8243; css=&#8221;.vc_custom_1504020880852{margin-bottom: 15px !important;}&#8221;]<strong>Podr\u00e0s con\u00e8ixer:<\/strong>[\/vc_column_text][vc_raw_html css=&#8221;.vc_custom_1504020673790{margin-bottom: 10px !important;}&#8221; el_class=&#8221;texto-cuerpo2&#8243;]PGltZyBzcmM9Ii93cC1jb250ZW50L3RoZW1lcy9hdXRvcGlzdGFzL2ltZy9pY29ucy9mbGVjaGEtZGVyZWNoYS5wbmciIC8+IEVsIHBlcmNlbnRhdGdlIGRlIGRlc2NvbXB0ZSBxdWUgcG90cyBhY29uc2VndWlyIGVuIGZ1bmNpw7MgZGVscyB0ZXVzIHRyYWplY3RlcyBwZXIgbCdhdXRvcGlzdGE=[\/vc_raw_html][vc_raw_html el_class=&#8221;texto-cuerpo2&#8243;]PGltZyBzcmM9Ii93cC1jb250ZW50L3RoZW1lcy9hdXRvcGlzdGFzL2ltZy9pY29ucy9mbGVjaGEtZGVyZWNoYS5wbmciIC8+IEVsIHByb2dyYW1hIGRlIGRlc2NvbXB0ZSBtw6lzIGFkZXF1YXQgYSBsZXMgdGV2ZXMgbmVjZXNzaXRhdHM=[\/vc_raw_html][\/vc_column][vc_column width=&#8221;1\/3&#8243; el_class=&#8221;texto-blanco&#8221; css=&#8221;.vc_custom_1504030544598{padding-top: 0px !important;background-position: center !important;background-repeat: no-repeat !important;background-size: cover !important;}&#8221; offset=&#8221;vc_col-lg-3 vc_col-md-4 vc_col-xs-12&#8243;][atpbanners banner_id=&#8221;30802&#8243;][\/vc_column][\/vc_row][vc_row full_width=&#8221;stretch_row&#8221; css=&#8221;.vc_custom_1500895924973{margin-top: 50px !important;background-color: #f5f5f5 !important;}&#8221; el_class=&#8221;texto-cuerpo simulador-descuentos&#8221;][vc_column css=&#8221;.vc_custom_1499099739517{padding-top: 45px !important;}&#8221;][vc_custom_heading text=&#8221;Descobreix els teus descomptes&#8221; font_container=&#8221;tag:h2|font_size:26px|text_align:center&#8221; use_theme_fonts=&#8221;yes&#8221; el_class=&#8221;titulo14&#8243;][\/vc_column][\/vc_row][vc_row full_width=&#8221;stretch_row_content_no_spaces&#8221; css=&#8221;.vc_custom_1507048736045{padding-top: 20px !important;background-color: #f5f5f5 !important;}&#8221; el_class=&#8221;texto-cuerpo simulador-descuentos&#8221;][vc_column][atpsimulatordiscounts][\/vc_column][\/vc_row][vc_row el_class=&#8221;texto-cuerpo center-text&#8221;][vc_column css=&#8221;.vc_custom_1499250259598{padding-top: 55px !important;padding-right: 60px !important;padding-left: 60px !important;}&#8221;][vc_column_text css=&#8221;.vc_custom_1511376525401{margin-bottom: 0px !important;}&#8221;]Els resultats obtinguts en aquesta cerca s\u00f3n orientatius i no impliquen l&#8217;alta en el programa de descomptes. Les pol\u00edtiques comercials vigents a Autopistas les trobar\u00e0s a la secci\u00f3 de <a href=\"https:\/\/www.autopistas.com\/ca\/la-teva-autopista\/avantatges\/descomptes\/\">Descomptes<\/a>.[\/vc_column_text][\/vc_column][\/vc_row][vc_row content_placement=&#8221;top&#8221; el_class=&#8221;banner-footer&#8221;][vc_column][atpbanners banner_id=&#8221;random&#8221; full_width=&#8221;true&#8221; columns_number=&#8221;12&#8243;][\/vc_column][\/vc_row]<\/p>\n<\/div>","protected":false},"excerpt":{"rendered":"<p>[vc_row full_width=&#8221;stretch_row&#8221; content_placement=&#8221;middle&#8221; css=&#8221;.vc_custom_1504016299560{background-image: url(https:\/\/www.autopistas.com\/wp-content\/uploads\/2017\/07\/simulador-descuentos-header-def.jpg?id=14552) !important;background-position: center !important;background-repeat: no-repeat !important;background-size: cover !important;}&#8221; el_class=&#8221;texto-blanco banner-principal&#8221;][vc_column width=&#8221;7\/12&#8243; el_class=&#8221;linea-estrecha&#8221;][vc_custom_heading text=&#8221;Simulador de descuentos&#8221; font_container=&#8221;tag:h1|text_align:left|color:%23ffffff&#8221; use_theme_fonts=&#8221;yes&#8221; el_class=&#8221;titulo6 sombra-titulo linea-s-estrecha&#8221; css=&#8221;.vc_custom_1504605567486{margin-top: 0px !important;margin-bottom: 0px !important;}&#8221;][vc_column_text el_class=&#8221;sombra-titulo titulo8 linea-estrecha&#8221; css=&#8221;.vc_custom_1677714016277{margin-top: 10px !important;}&#8221;]Descobreix tots els descomptes[\/vc_column_text][\/vc_column][\/vc_row][vc_row el_class=&#8221;hidden-xs&#8221;][vc_column css=&#8221;.vc_custom_1504030122295{padding-top: 20px !important;}&#8221;][vc_column_text css=&#8221;.vc_custom_1498721904988{margin-bottom: 0px !important;}&#8221;][\/vc_column_text][\/vc_column][\/vc_row][vc_row el_class=&#8221;texto-cuerpo&#8221; css=&#8221;.vc_custom_1504030475945{margin-top: 35px !important;}&#8221;][vc_column width=&#8221;2\/3&#8243; el_class=&#8221;simulador-descripcion&#8221; offset=&#8221;vc_col-lg-9 vc_col-md-8 vc_col-xs-12&#8243;][vc_custom_heading text=&#8221;Quin &#8230;<\/p>\n","protected":false},"author":1,"featured_media":0,"parent":30192,"menu_order":0,"comment_status":"closed","ping_status":"closed","template":"","meta":{"footnotes":""},"yoast_head":"<!-- This site is optimized with the Yoast SEO Premium plugin v19.5 (Yoast SEO v19.10) - https:\/\/yoast.com\/wordpress\/plugins\/seo\/ -->\n<title>Simulador | Avantatges Autopistas<\/title>\n<meta name=\"description\" content=\"El Simulador de descomptes t&#039;ajuda a planificar els teus viatges. Prova-ho i troba els descomptes i el sistema de pagament que m\u00e9s s&#039;ajustin a les teves necessitats.\" \/>\n<meta name=\"robots\" content=\"index, follow, max-snippet:-1, max-image-preview:large, max-video-preview:-1\" \/>\n<link rel=\"canonical\" href=\"https:\/\/www.autopistas.com\/ca\/tarifes-i-descomptes\/simulador-de-descomptes\/\" \/>\n<meta property=\"og:locale\" content=\"ca_ES\" \/>\n<meta property=\"og:type\" content=\"article\" \/>\n<meta property=\"og:title\" content=\"Simulador de descomptes\" \/>\n<meta property=\"og:description\" content=\"El Simulador de descomptes t&#039;ajuda a planificar els teus viatges. Prova-ho i troba els descomptes i el sistema de pagament que m\u00e9s s&#039;ajustin a les teves necessitats.\" \/>\n<meta property=\"og:url\" content=\"https:\/\/www.autopistas.com\/ca\/tarifes-i-descomptes\/simulador-de-descomptes\/\" \/>\n<meta property=\"og:site_name\" content=\"Autopistas\" \/>\n<meta property=\"article:modified_time\" content=\"2023-09-14T12:37:37+00:00\" \/>\n<meta name=\"twitter:card\" content=\"summary_large_image\" \/>\n<meta name=\"twitter:label1\" content=\"Temps estimat de lectura\" \/>\n\t<meta name=\"twitter:data1\" content=\"1 minut\" \/>\n<script type=\"application\/ld+json\" class=\"yoast-schema-graph\">{\"@context\":\"https:\/\/schema.org\",\"@graph\":[{\"@type\":\"WebPage\",\"@id\":\"https:\/\/www.autopistas.com\/ca\/tarifes-i-descomptes\/simulador-de-descomptes\/\",\"url\":\"https:\/\/www.autopistas.com\/ca\/tarifes-i-descomptes\/simulador-de-descomptes\/\",\"name\":\"Simulador | Avantatges Autopistas\",\"isPartOf\":{\"@id\":\"https:\/\/www.autopistas.com\/ca\/#website\"},\"datePublished\":\"2017-07-03T10:48:40+00:00\",\"dateModified\":\"2023-09-14T12:37:37+00:00\",\"description\":\"El Simulador de descomptes t'ajuda a planificar els teus viatges. Prova-ho i troba els descomptes i el sistema de pagament que m\u00e9s s'ajustin a les teves necessitats.\",\"breadcrumb\":{\"@id\":\"https:\/\/www.autopistas.com\/ca\/tarifes-i-descomptes\/simulador-de-descomptes\/#breadcrumb\"},\"inLanguage\":\"ca\",\"potentialAction\":[{\"@type\":\"ReadAction\",\"target\":[\"https:\/\/www.autopistas.com\/ca\/tarifes-i-descomptes\/simulador-de-descomptes\/\"]}]},{\"@type\":\"BreadcrumbList\",\"@id\":\"https:\/\/www.autopistas.com\/ca\/tarifes-i-descomptes\/simulador-de-descomptes\/#breadcrumb\",\"itemListElement\":[{\"@type\":\"ListItem\",\"position\":1,\"name\":\"Portada\",\"item\":\"https:\/\/www.autopistas.com\/ca\/\"},{\"@type\":\"ListItem\",\"position\":2,\"name\":\"Tarifes i descomptes\",\"item\":\"https:\/\/www.autopistas.com\/ca\/tarifes-i-descomptes\/\"},{\"@type\":\"ListItem\",\"position\":3,\"name\":\"Simulador de descomptes\"}]},{\"@type\":\"WebSite\",\"@id\":\"https:\/\/www.autopistas.com\/ca\/#website\",\"url\":\"https:\/\/www.autopistas.com\/ca\/\",\"name\":\"Autopistas\",\"description\":\"Autopistas, Contigo Hasta Donde Quieras Llegar\",\"potentialAction\":[{\"@type\":\"SearchAction\",\"target\":{\"@type\":\"EntryPoint\",\"urlTemplate\":\"https:\/\/www.autopistas.com\/ca\/?s={search_term_string}\"},\"query-input\":\"required name=search_term_string\"}],\"inLanguage\":\"ca\"}]}<\/script>\n<!-- \/ Yoast SEO Premium plugin. -->","yoast_head_json":{"title":"Simulador | Avantatges Autopistas","description":"El Simulador de descomptes t'ajuda a planificar els teus viatges. Prova-ho i troba els descomptes i el sistema de pagament que m\u00e9s s'ajustin a les teves necessitats.","robots":{"index":"index","follow":"follow","max-snippet":"max-snippet:-1","max-image-preview":"max-image-preview:large","max-video-preview":"max-video-preview:-1"},"canonical":"https:\/\/www.autopistas.com\/ca\/tarifes-i-descomptes\/simulador-de-descomptes\/","og_locale":"ca_ES","og_type":"article","og_title":"Simulador de descomptes","og_description":"El Simulador de descomptes t'ajuda a planificar els teus viatges. Prova-ho i troba els descomptes i el sistema de pagament que m\u00e9s s'ajustin a les teves necessitats.","og_url":"https:\/\/www.autopistas.com\/ca\/tarifes-i-descomptes\/simulador-de-descomptes\/","og_site_name":"Autopistas","article_modified_time":"2023-09-14T12:37:37+00:00","twitter_card":"summary_large_image","twitter_misc":{"Temps estimat de lectura":"1 minut"},"schema":{"@context":"https:\/\/schema.org","@graph":[{"@type":"WebPage","@id":"https:\/\/www.autopistas.com\/ca\/tarifes-i-descomptes\/simulador-de-descomptes\/","url":"https:\/\/www.autopistas.com\/ca\/tarifes-i-descomptes\/simulador-de-descomptes\/","name":"Simulador | Avantatges Autopistas","isPartOf":{"@id":"https:\/\/www.autopistas.com\/ca\/#website"},"datePublished":"2017-07-03T10:48:40+00:00","dateModified":"2023-09-14T12:37:37+00:00","description":"El Simulador de descomptes t'ajuda a planificar els teus viatges. Prova-ho i troba els descomptes i el sistema de pagament que m\u00e9s s'ajustin a les teves necessitats.","breadcrumb":{"@id":"https:\/\/www.autopistas.com\/ca\/tarifes-i-descomptes\/simulador-de-descomptes\/#breadcrumb"},"inLanguage":"ca","potentialAction":[{"@type":"ReadAction","target":["https:\/\/www.autopistas.com\/ca\/tarifes-i-descomptes\/simulador-de-descomptes\/"]}]},{"@type":"BreadcrumbList","@id":"https:\/\/www.autopistas.com\/ca\/tarifes-i-descomptes\/simulador-de-descomptes\/#breadcrumb","itemListElement":[{"@type":"ListItem","position":1,"name":"Portada","item":"https:\/\/www.autopistas.com\/ca\/"},{"@type":"ListItem","position":2,"name":"Tarifes i descomptes","item":"https:\/\/www.autopistas.com\/ca\/tarifes-i-descomptes\/"},{"@type":"ListItem","position":3,"name":"Simulador de descomptes"}]},{"@type":"WebSite","@id":"https:\/\/www.autopistas.com\/ca\/#website","url":"https:\/\/www.autopistas.com\/ca\/","name":"Autopistas","description":"Autopistas, Contigo Hasta Donde Quieras Llegar","potentialAction":[{"@type":"SearchAction","target":{"@type":"EntryPoint","urlTemplate":"https:\/\/www.autopistas.com\/ca\/?s={search_term_string}"},"query-input":"required name=search_term_string"}],"inLanguage":"ca"}]}},"_links":{"self":[{"href":"https:\/\/www.autopistas.com\/ca\/wp-json\/wp\/v2\/pages\/25399"}],"collection":[{"href":"https:\/\/www.autopistas.com\/ca\/wp-json\/wp\/v2\/pages"}],"about":[{"href":"https:\/\/www.autopistas.com\/ca\/wp-json\/wp\/v2\/types\/page"}],"author":[{"embeddable":true,"href":"https:\/\/www.autopistas.com\/ca\/wp-json\/wp\/v2\/users\/1"}],"replies":[{"embeddable":true,"href":"https:\/\/www.autopistas.com\/ca\/wp-json\/wp\/v2\/comments?post=25399"}],"version-history":[{"count":32,"href":"https:\/\/www.autopistas.com\/ca\/wp-json\/wp\/v2\/pages\/25399\/revisions"}],"predecessor-version":[{"id":61300,"href":"https:\/\/www.autopistas.com\/ca\/wp-json\/wp\/v2\/pages\/25399\/revisions\/61300"}],"up":[{"embeddable":true,"href":"https:\/\/www.autopistas.com\/ca\/wp-json\/wp\/v2\/pages\/30192"}],"wp:attachment":[{"href":"https:\/\/www.autopistas.com\/ca\/wp-json\/wp\/v2\/media?parent=25399"}],"curies":[{"name":"wp","href":"https:\/\/api.w.org\/{rel}","templated":true}]}}