{"id":25625,"date":"2017-08-03T12:44:24","date_gmt":"2017-08-03T10:44:24","guid":{"rendered":"https:\/\/www.autopistas.com\/el-meu-espai\/e-factura\/"},"modified":"2021-03-04T19:52:56","modified_gmt":"2021-03-04T18:52:56","slug":"e-factura","status":"publish","type":"page","link":"https:\/\/www.autopistas.com\/ca\/serveis\/e-factura\/","title":{"rendered":"E-factura"},"content":{"rendered":"<div class=\"wpb-content-wrapper\"><p>[vc_row full_width=&#8221;stretch_row&#8221; content_placement=&#8221;middle&#8221; css=&#8221;.vc_custom_1614869157808{background-image: url(https:\/\/www.autopistas.com\/wp-content\/uploads\/2021\/03\/E-FACTURA_OK.jpg?id=59104) !important;background-position: center !important;background-repeat: no-repeat !important;background-size: cover !important;}&#8221; el_class=&#8221;texto-blanco banner-principal&#8221;][vc_column width=&#8221;7\/12&#8243; css=&#8221;.vc_custom_1499094512168{padding-top: 0px !important;}&#8221;][vc_custom_heading text=&#8221;E-factura&#8221; font_container=&#8221;tag:h1|text_align:left|color:%23ffffff&#8221; use_theme_fonts=&#8221;yes&#8221; el_class=&#8221;titulo6 sombra-titulo&#8221; css=&#8221;.vc_custom_1527761910162{margin-top: 0px !important;margin-bottom: 0px !important;}&#8221;][vc_column_text css=&#8221;.vc_custom_1526470302364{margin-bottom: 0px !important;}&#8221; el_class=&#8221;sombra-titulo titulo8 linea-estrecha&#8221;]Passa\u2019t a la E-factura i oblida\u2019t del paper[\/vc_column_text][\/vc_column][\/vc_row][vc_row content_placement=&#8221;top&#8221; el_class=&#8221;migadepan hidden-xs&#8221;][vc_column css=&#8221;.vc_custom_1499096001229{padding-top: 18px !important;}&#8221;][vc_column_text css=&#8221;.vc_custom_1499095990112{margin-top: 0px !important;margin-bottom: 0px !important;}&#8221;]<ul id=\"migadepan\" class=\"migadepan\"><li class=\"item-home\"><a class=\"bread-link bread-home\" href=\"https:\/\/www.autopistas.com\/ca\/\" title=\"Home\">Home<\/a><\/li><li class=\"separator separator-home\"> <span class=\"glyphicon glyphicon-menu-right\"><\/span> <\/li><\/ul>[\/vc_column_text][\/vc_column][\/vc_row][vc_row full_width=&#8221;stretch_row&#8221; content_placement=&#8221;middle&#8221; disable_element=&#8221;yes&#8221; css=&#8221;.vc_custom_1532600052153{margin-top: 35px !important;margin-bottom: 20px !important;}&#8221;][vc_column offset=&#8221;vc_col-lg-12 vc_col-md-12 vc_col-xs-12&#8243;][vc_custom_heading text=&#8221;Accedeix ara mateix a les teves factures&#8221; font_container=&#8221;tag:h2|text_align:center|color:%23f58220&#8243; use_theme_fonts=&#8221;yes&#8221; el_class=&#8221;titulo5 tesxto-naranja&#8221; css=&#8221;.vc_custom_1527082503891{margin-top: 0px !important;margin-bottom: 20px !important;}&#8221;][\/vc_column][\/vc_row][vc_row full_width=&#8221;stretch_row_content_no_spaces&#8221; css=&#8221;.vc_custom_1532600086803{margin-top: 50px !important;margin-bottom: 50px !important;}&#8221;][vc_column][atpbanners banner_id=&#8221;31092&#8243; full_width=&#8221;true&#8221; columns_number=&#8221;12&#8243;][\/vc_column][\/vc_row][vc_row full_width=&#8221;stretch_row&#8221; el_class=&#8221;center-text texto-cuerpo&#8221; css=&#8221;.vc_custom_1532600092868{background-color: #f5f5f5 !important;}&#8221;][vc_column css=&#8221;.vc_custom_1506678696909{padding-bottom: 35px !important;}&#8221;][vc_column_text el_class=&#8221;titulo9&#8243; css=&#8221;.vc_custom_1501776895762{margin-bottom: 0px !important;}&#8221;]<strong>AVANTATGES:<\/strong> AMB E-FACTURA TOT SER\u00c0\u2026[\/vc_column_text][\/vc_column][\/vc_row][vc_row full_width=&#8221;stretch_row&#8221; gap=&#8221;35&#8243; equal_height=&#8221;yes&#8221; css=&#8221;.vc_custom_1501773651301{background-color: #f5f5f5 !important;}&#8221; el_class=&#8221;center-text texto-cuerpo texto-cuerpo4&#8243;][vc_column width=&#8221;1\/2&#8243; offset=&#8221;vc_col-lg-4 vc_col-md-4 vc_col-xs-12 vc_hidden-xs&#8221; css=&#8221;.vc_custom_1515427203341{padding-top: 0px !important;}&#8221;][vc_single_image source=&#8221;external_link&#8221; alignment=&#8221;center&#8221; custom_src=&#8221;\/wp-content\/themes\/autopistas\/img\/icons\/sofa-icon.png&#8221; css=&#8221;.vc_custom_1501772855322{margin-bottom: 15px !important;}&#8221;][vc_column_text css=&#8221;.vc_custom_1614883829763{margin-bottom: 0px !important;}&#8221;]<span class=\"texto-cuerpo5 texto-cuerpo8\">M\u00e9s c\u00f2mode<\/span><br \/>\nPots consultar les teves factures en el moment que vulguis i des de qualsevol lloc.[\/vc_column_text][\/vc_column][vc_column width=&#8221;1\/2&#8243; offset=&#8221;vc_col-lg-4 vc_col-md-4 vc_col-xs-12 vc_hidden-xs&#8221; css=&#8221;.vc_custom_1515427210360{padding-top: 0px !important;}&#8221;][vc_single_image image=&#8221;30007&#8243; alignment=&#8221;center&#8221; css=&#8221;.vc_custom_1528705572963{margin-bottom: 15px !important;}&#8221;][vc_column_text css=&#8221;.vc_custom_1614883856008{margin-bottom: 0px !important;}&#8221;]<span class=\"texto-cuerpo5 texto-cuerpo8\">M\u00e9s r\u00e0pid<\/span><br \/>\nT\u2019informarem en el moment d\u2019emetre la factura.[\/vc_column_text][\/vc_column][vc_column width=&#8221;1\/2&#8243; offset=&#8221;vc_col-lg-offset-0 vc_col-lg-4 vc_col-md-offset-0 vc_col-md-4 vc_col-sm-offset-3 vc_col-xs-12 vc_hidden-xs&#8221; css=&#8221;.vc_custom_1515427215730{padding-top: 0px !important;}&#8221;][vc_single_image image=&#8221;30004&#8243; alignment=&#8221;center&#8221; css=&#8221;.vc_custom_1528705584843{margin-bottom: 15px !important;}&#8221;][vc_column_text css=&#8221;.vc_custom_1614883881130{margin-bottom: 0px !important;}&#8221;]<span class=\"texto-cuerpo5 texto-cuerpo8\">M\u00e9s ecol\u00f2gic<\/span><br \/>\nRedueix l\u2019\u00fas de paper estalviant-te l\u2019enviament postal.[\/vc_column_text][\/vc_column][\/vc_row][vc_row full_width=&#8221;stretch_row&#8221; gap=&#8221;35&#8243; equal_height=&#8221;yes&#8221; css=&#8221;.vc_custom_1501667515661{padding-bottom: 20px !important;background-color: #f5f5f5 !important;}&#8221; el_class=&#8221;center-text texto-cuerpo texto-cuerpo4&#8243;][vc_column width=&#8221;1\/2&#8243; offset=&#8221;vc_col-lg-offset-2 vc_col-lg-4 vc_col-md-offset-2 vc_col-md-4 vc_col-xs-12 vc_hidden-xs&#8221; css=&#8221;.vc_custom_1515427229760{padding-top: 0px !important;}&#8221;][vc_single_image image=&#8221;30010&#8243; alignment=&#8221;center&#8221; css=&#8221;.vc_custom_1528705595850{margin-bottom: 15px !important;}&#8221;][vc_column_text css=&#8221;.vc_custom_1614883906569{margin-bottom: 0px !important;}&#8221;]<span class=\"texto-cuerpo5 texto-cuerpo8\">M\u00e9s segur<\/span><br \/>\nNom\u00e9s tu pots rebre les teves dades personals i de consum al teu correu electr\u00f2nic.[\/vc_column_text][\/vc_column][vc_column width=&#8221;1\/2&#8243; offset=&#8221;vc_col-lg-offset-0 vc_col-lg-4 vc_col-md-offset-0 vc_col-md-4 vc_col-xs-12 vc_hidden-xs&#8221; css=&#8221;.vc_custom_1515427235156{padding-top: 0px !important;}&#8221;][vc_single_image image=&#8221;30013&#8243; alignment=&#8221;center&#8221; css=&#8221;.vc_custom_1528705606131{margin-bottom: 15px !important;}&#8221;][vc_column_text css=&#8221;.vc_custom_1614883927872{margin-bottom: 0px !important;}&#8221;]<span class=\"texto-cuerpo5 texto-cuerpo8\">Igual de v\u00e0lid<\/span><br \/>\nLa mateixa validesa legal que en paper.[\/vc_column_text][\/vc_column][\/vc_row][vc_row full_width=&#8221;stretch_row&#8221; equal_height=&#8221;yes&#8221; content_placement=&#8221;middle&#8221; css=&#8221;.vc_custom_1515426579712{padding-top: 0px !important;padding-right: 15px !important;padding-bottom: 30px !important;padding-left: 15px !important;background-color: #f5f5f5 !important;}&#8221; el_class=&#8221;texto-cuerpo&#8221; el_id=&#8221;ventajas-mobile&#8221;][vc_column offset=&#8221;vc_col-lg-12 vc_hidden-lg vc_col-md-12 vc_hidden-md vc_hidden-sm vc_col-xs-12&#8243;][vc_row_inner equal_height=&#8221;yes&#8221; content_placement=&#8221;middle&#8221; gap=&#8221;2&#8243;][vc_column_inner width=&#8221;1\/6&#8243; offset=&#8221;vc_col-xs-3&#8243; css=&#8221;.vc_custom_1515425570278{margin-top: 20px !important;margin-bottom: 20px !important;}&#8221;][vc_single_image source=&#8221;external_link&#8221; external_img_size=&#8221;75&#215;75&#8243; custom_src=&#8221;\/wp-content\/themes\/autopistas\/img\/icons\/sofa-icon.png&#8221; css=&#8221;.vc_custom_1515425492081{margin-bottom: 0px !important;}&#8221;][\/vc_column_inner][vc_column_inner width=&#8221;5\/6&#8243; offset=&#8221;vc_col-xs-9&#8243; css=&#8221;.vc_custom_1515425582326{margin-top: 20px !important;margin-bottom: 20px !important;}&#8221;][vc_column_text css=&#8221;.vc_custom_1527762139713{margin-bottom: 0px !important;}&#8221;]<span class=\"texto-cuerpo5 texto-cuerpo6\">M\u00e1s c\u00f3modo<\/span><br \/>\nPuedes consultar tus facturas en el momento que quieras y desde cualquier sitio.[\/vc_column_text][\/vc_column_inner][\/vc_row_inner][vc_row_inner equal_height=&#8221;yes&#8221; content_placement=&#8221;middle&#8221; gap=&#8221;2&#8243;][vc_column_inner width=&#8221;1\/6&#8243; offset=&#8221;vc_col-xs-3&#8243; css=&#8221;.vc_custom_1515425570278{margin-top: 20px !important;margin-bottom: 20px !important;}&#8221;][vc_single_image source=&#8221;external_link&#8221; external_img_size=&#8221;75&#215;75&#8243; custom_src=&#8221;\/wp-content\/themes\/autopistas\/img\/icons\/reloj-arena-icon.png&#8221; css=&#8221;.vc_custom_1515425811913{margin-bottom: 0px !important;}&#8221;][\/vc_column_inner][vc_column_inner width=&#8221;5\/6&#8243; offset=&#8221;vc_col-xs-9&#8243; css=&#8221;.vc_custom_1515425582326{margin-top: 20px !important;margin-bottom: 20px !important;}&#8221;][vc_column_text css=&#8221;.vc_custom_1527762146100{margin-bottom: 0px !important;}&#8221;]<span class=\"texto-cuerpo5 texto-cuerpo6\">M\u00e1s r\u00e1pido<\/span><br \/>\nTe informaremos en el momento de\u00a0emitir la factura.[\/vc_column_text][\/vc_column_inner][\/vc_row_inner][vc_row_inner equal_height=&#8221;yes&#8221; content_placement=&#8221;middle&#8221; gap=&#8221;2&#8243;][vc_column_inner width=&#8221;1\/6&#8243; offset=&#8221;vc_col-xs-3&#8243; css=&#8221;.vc_custom_1515425570278{margin-top: 20px !important;margin-bottom: 20px !important;}&#8221;][vc_single_image source=&#8221;external_link&#8221; external_img_size=&#8221;75&#215;75&#8243; custom_src=&#8221;\/wp-content\/themes\/autopistas\/img\/icons\/compartir-razones-eco.png&#8221; css=&#8221;.vc_custom_1515425840070{margin-bottom: 0px !important;}&#8221;][\/vc_column_inner][vc_column_inner width=&#8221;5\/6&#8243; offset=&#8221;vc_col-xs-9&#8243; css=&#8221;.vc_custom_1515425582326{margin-top: 20px !important;margin-bottom: 20px !important;}&#8221;][vc_column_text css=&#8221;.vc_custom_1527762153217{margin-bottom: 0px !important;}&#8221;]<span class=\"texto-cuerpo5 texto-cuerpo6\">M\u00e1s ecol\u00f3gico<\/span><br \/>\nReduce el uso de papel ahorr\u00e1ndote el env\u00edo postal.[\/vc_column_text][\/vc_column_inner][\/vc_row_inner][vc_row_inner equal_height=&#8221;yes&#8221; content_placement=&#8221;middle&#8221; gap=&#8221;2&#8243;][vc_column_inner width=&#8221;1\/6&#8243; offset=&#8221;vc_col-xs-3&#8243; css=&#8221;.vc_custom_1515425570278{margin-top: 20px !important;margin-bottom: 20px !important;}&#8221;][vc_single_image source=&#8221;external_link&#8221; external_img_size=&#8221;75&#215;75&#8243; custom_src=&#8221;\/wp-content\/themes\/autopistas\/img\/icons\/candado-icon.png&#8221; css=&#8221;.vc_custom_1515425859299{margin-bottom: 0px !important;}&#8221;][\/vc_column_inner][vc_column_inner width=&#8221;5\/6&#8243; offset=&#8221;vc_col-xs-9&#8243; css=&#8221;.vc_custom_1515425582326{margin-top: 20px !important;margin-bottom: 20px !important;}&#8221;][vc_column_text css=&#8221;.vc_custom_1527762166478{margin-bottom: 0px !important;}&#8221;]<span class=\"texto-cuerpo5 texto-cuerpo6\">M\u00e1s seguro<\/span><br \/>\nS\u00f3lo t\u00fa puedes recibir tus datos personales y de consumo en tu correo electr\u00f3nico.[\/vc_column_text][\/vc_column_inner][\/vc_row_inner][vc_row_inner equal_height=&#8221;yes&#8221; content_placement=&#8221;middle&#8221; gap=&#8221;2&#8243;][vc_column_inner width=&#8221;1\/6&#8243; offset=&#8221;vc_col-xs-3&#8243; css=&#8221;.vc_custom_1515425570278{margin-top: 20px !important;margin-bottom: 20px !important;}&#8221;][vc_single_image source=&#8221;external_link&#8221; external_img_size=&#8221;75&#215;75&#8243; custom_src=&#8221;\/wp-content\/themes\/autopistas\/img\/icons\/dedo-ok-icon.png&#8221; css=&#8221;.vc_custom_1515425868321{margin-bottom: 0px !important;}&#8221;][\/vc_column_inner][vc_column_inner width=&#8221;5\/6&#8243; offset=&#8221;vc_col-xs-9&#8243; css=&#8221;.vc_custom_1515425582326{margin-top: 20px !important;margin-bottom: 20px !important;}&#8221;][vc_column_text css=&#8221;.vc_custom_1527762173028{margin-bottom: 0px !important;}&#8221;]<span class=\"texto-cuerpo5 texto-cuerpo6\">Igual de v\u00e1lido<\/span><br \/>\nMisma validez legal que en papel.[\/vc_column_text][\/vc_column_inner][\/vc_row_inner][\/vc_column][\/vc_row][vc_row disable_element=&#8221;yes&#8221; css=&#8221;.vc_custom_1581499313015{padding-top: 20px !important;padding-bottom: 20px !important;}&#8221; el_class=&#8221;texto-cuerpo8&#8243;][vc_column][vc_column_text]<\/p>\n<p style=\"text-align: center;\">\u00bfTe quedan dudas sobre E-factura?<br \/>\n<a href=\"https:\/\/www.autopistas.com\/contactanos\/informacion-util\/e-factura\/\">Haz click aqu\u00ed<\/a><\/p>\n<p>[\/vc_column_text][\/vc_column][\/vc_row][vc_row css=&#8221;.vc_custom_1527085568027{padding-top: 20px !important;padding-bottom: 20px !important;}&#8221; el_class=&#8221;texto-cuerpo8&#8243;][vc_column][vc_column_text]<\/p>\n<p style=\"text-align: center;\">\u00bfCom sol\u00b7licitar la factura de pagaments en efectiu?<br \/>\n<a href=\"https:\/\/www.autopistas.com\/servicios\/e-factura\/solicitud-de-facturas\/\">Fes clic aqu\u00ed<\/a><\/p>\n<p>[\/vc_column_text][\/vc_column][\/vc_row][vc_row content_placement=&#8221;top&#8221; el_class=&#8221;banner-footer&#8221;][vc_column][atpbanners banner_id=&#8221;random&#8221; full_width=&#8221;true&#8221; columns_number=&#8221;12&#8243;][\/vc_column][\/vc_row]<\/p>\n<\/div>","protected":false},"excerpt":{"rendered":"<p>[vc_row full_width=&#8221;stretch_row&#8221; content_placement=&#8221;middle&#8221; css=&#8221;.vc_custom_1614869157808{background-image: url(https:\/\/www.autopistas.com\/wp-content\/uploads\/2021\/03\/E-FACTURA_OK.jpg?id=59104) !important;background-position: center !important;background-repeat: no-repeat !important;background-size: cover !important;}&#8221; el_class=&#8221;texto-blanco banner-principal&#8221;][vc_column width=&#8221;7\/12&#8243; css=&#8221;.vc_custom_1499094512168{padding-top: 0px !important;}&#8221;][vc_custom_heading text=&#8221;E-factura&#8221; font_container=&#8221;tag:h1|text_align:left|color:%23ffffff&#8221; use_theme_fonts=&#8221;yes&#8221; el_class=&#8221;titulo6 sombra-titulo&#8221; css=&#8221;.vc_custom_1527761910162{margin-top: 0px !important;margin-bottom: 0px !important;}&#8221;][vc_column_text css=&#8221;.vc_custom_1526470302364{margin-bottom: 0px !important;}&#8221; el_class=&#8221;sombra-titulo titulo8 linea-estrecha&#8221;]Passa\u2019t a la E-factura i oblida\u2019t del paper[\/vc_column_text][\/vc_column][\/vc_row][vc_row content_placement=&#8221;top&#8221; el_class=&#8221;migadepan hidden-xs&#8221;][vc_column css=&#8221;.vc_custom_1499096001229{padding-top: 18px !important;}&#8221;][vc_column_text css=&#8221;.vc_custom_1499095990112{margin-top: 0px !important;margin-bottom: 0px !important;}&#8221;][\/vc_column_text][\/vc_column][\/vc_row][vc_row full_width=&#8221;stretch_row&#8221; content_placement=&#8221;middle&#8221; disable_element=&#8221;yes&#8221; &#8230;<\/p>\n","protected":false},"author":1,"featured_media":0,"parent":26407,"menu_order":0,"comment_status":"closed","ping_status":"closed","template":"","meta":{"footnotes":""},"yoast_head":"<!-- This site is optimized with the Yoast SEO Premium plugin v19.5 (Yoast SEO v19.10) - https:\/\/yoast.com\/wordpress\/plugins\/seo\/ -->\n<title>E-factura | Espai Autopistas<\/title>\n<meta name=\"description\" content=\"Encara no fas servir l&#039;E-factura? En aquesta p\u00e0gina trobar\u00e0s tot el que necessites saber sobre aquesta, des de qu\u00e8 \u00e9s fins quant triga a activar-la teva alta.\" \/>\n<meta name=\"robots\" content=\"index, follow, max-snippet:-1, max-image-preview:large, max-video-preview:-1\" \/>\n<link rel=\"canonical\" href=\"https:\/\/www.autopistas.com\/ca\/serveis\/e-factura\/\" \/>\n<meta property=\"og:locale\" content=\"ca_ES\" \/>\n<meta property=\"og:type\" content=\"article\" \/>\n<meta property=\"og:title\" content=\"E-factura\" \/>\n<meta property=\"og:description\" content=\"Encara no fas servir l&#039;E-factura? En aquesta p\u00e0gina trobar\u00e0s tot el que necessites saber sobre aquesta, des de qu\u00e8 \u00e9s fins quant triga a activar-la teva alta.\" \/>\n<meta property=\"og:url\" content=\"https:\/\/www.autopistas.com\/ca\/serveis\/e-factura\/\" \/>\n<meta property=\"og:site_name\" content=\"Autopistas\" \/>\n<meta property=\"article:modified_time\" content=\"2021-03-04T18:52:56+00:00\" \/>\n<meta name=\"twitter:card\" content=\"summary_large_image\" \/>\n<meta name=\"twitter:label1\" content=\"Temps estimat de lectura\" \/>\n\t<meta name=\"twitter:data1\" content=\"7 minuts\" \/>\n<script type=\"application\/ld+json\" class=\"yoast-schema-graph\">{\"@context\":\"https:\/\/schema.org\",\"@graph\":[{\"@type\":\"WebPage\",\"@id\":\"https:\/\/www.autopistas.com\/ca\/serveis\/e-factura\/\",\"url\":\"https:\/\/www.autopistas.com\/ca\/serveis\/e-factura\/\",\"name\":\"E-factura | Espai Autopistas\",\"isPartOf\":{\"@id\":\"https:\/\/www.autopistas.com\/ca\/#website\"},\"datePublished\":\"2017-08-03T10:44:24+00:00\",\"dateModified\":\"2021-03-04T18:52:56+00:00\",\"description\":\"Encara no fas servir l'E-factura? En aquesta p\u00e0gina trobar\u00e0s tot el que necessites saber sobre aquesta, des de qu\u00e8 \u00e9s fins quant triga a activar-la teva alta.\",\"breadcrumb\":{\"@id\":\"https:\/\/www.autopistas.com\/ca\/serveis\/e-factura\/#breadcrumb\"},\"inLanguage\":\"ca\",\"potentialAction\":[{\"@type\":\"ReadAction\",\"target\":[\"https:\/\/www.autopistas.com\/ca\/serveis\/e-factura\/\"]}]},{\"@type\":\"BreadcrumbList\",\"@id\":\"https:\/\/www.autopistas.com\/ca\/serveis\/e-factura\/#breadcrumb\",\"itemListElement\":[{\"@type\":\"ListItem\",\"position\":1,\"name\":\"Portada\",\"item\":\"https:\/\/www.autopistas.com\/ca\/\"},{\"@type\":\"ListItem\",\"position\":2,\"name\":\"Serveis\",\"item\":\"https:\/\/www.autopistas.com\/ca\/serveis\/\"},{\"@type\":\"ListItem\",\"position\":3,\"name\":\"E-factura\"}]},{\"@type\":\"WebSite\",\"@id\":\"https:\/\/www.autopistas.com\/ca\/#website\",\"url\":\"https:\/\/www.autopistas.com\/ca\/\",\"name\":\"Autopistas\",\"description\":\"Autopistas, Contigo Hasta Donde Quieras Llegar\",\"potentialAction\":[{\"@type\":\"SearchAction\",\"target\":{\"@type\":\"EntryPoint\",\"urlTemplate\":\"https:\/\/www.autopistas.com\/ca\/?s={search_term_string}\"},\"query-input\":\"required name=search_term_string\"}],\"inLanguage\":\"ca\"}]}<\/script>\n<!-- \/ Yoast SEO Premium plugin. -->","yoast_head_json":{"title":"E-factura | Espai Autopistas","description":"Encara no fas servir l'E-factura? En aquesta p\u00e0gina trobar\u00e0s tot el que necessites saber sobre aquesta, des de qu\u00e8 \u00e9s fins quant triga a activar-la teva alta.","robots":{"index":"index","follow":"follow","max-snippet":"max-snippet:-1","max-image-preview":"max-image-preview:large","max-video-preview":"max-video-preview:-1"},"canonical":"https:\/\/www.autopistas.com\/ca\/serveis\/e-factura\/","og_locale":"ca_ES","og_type":"article","og_title":"E-factura","og_description":"Encara no fas servir l'E-factura? En aquesta p\u00e0gina trobar\u00e0s tot el que necessites saber sobre aquesta, des de qu\u00e8 \u00e9s fins quant triga a activar-la teva alta.","og_url":"https:\/\/www.autopistas.com\/ca\/serveis\/e-factura\/","og_site_name":"Autopistas","article_modified_time":"2021-03-04T18:52:56+00:00","twitter_card":"summary_large_image","twitter_misc":{"Temps estimat de lectura":"7 minuts"},"schema":{"@context":"https:\/\/schema.org","@graph":[{"@type":"WebPage","@id":"https:\/\/www.autopistas.com\/ca\/serveis\/e-factura\/","url":"https:\/\/www.autopistas.com\/ca\/serveis\/e-factura\/","name":"E-factura | Espai Autopistas","isPartOf":{"@id":"https:\/\/www.autopistas.com\/ca\/#website"},"datePublished":"2017-08-03T10:44:24+00:00","dateModified":"2021-03-04T18:52:56+00:00","description":"Encara no fas servir l'E-factura? En aquesta p\u00e0gina trobar\u00e0s tot el que necessites saber sobre aquesta, des de qu\u00e8 \u00e9s fins quant triga a activar-la teva alta.","breadcrumb":{"@id":"https:\/\/www.autopistas.com\/ca\/serveis\/e-factura\/#breadcrumb"},"inLanguage":"ca","potentialAction":[{"@type":"ReadAction","target":["https:\/\/www.autopistas.com\/ca\/serveis\/e-factura\/"]}]},{"@type":"BreadcrumbList","@id":"https:\/\/www.autopistas.com\/ca\/serveis\/e-factura\/#breadcrumb","itemListElement":[{"@type":"ListItem","position":1,"name":"Portada","item":"https:\/\/www.autopistas.com\/ca\/"},{"@type":"ListItem","position":2,"name":"Serveis","item":"https:\/\/www.autopistas.com\/ca\/serveis\/"},{"@type":"ListItem","position":3,"name":"E-factura"}]},{"@type":"WebSite","@id":"https:\/\/www.autopistas.com\/ca\/#website","url":"https:\/\/www.autopistas.com\/ca\/","name":"Autopistas","description":"Autopistas, Contigo Hasta Donde Quieras Llegar","potentialAction":[{"@type":"SearchAction","target":{"@type":"EntryPoint","urlTemplate":"https:\/\/www.autopistas.com\/ca\/?s={search_term_string}"},"query-input":"required name=search_term_string"}],"inLanguage":"ca"}]}},"_links":{"self":[{"href":"https:\/\/www.autopistas.com\/ca\/wp-json\/wp\/v2\/pages\/25625"}],"collection":[{"href":"https:\/\/www.autopistas.com\/ca\/wp-json\/wp\/v2\/pages"}],"about":[{"href":"https:\/\/www.autopistas.com\/ca\/wp-json\/wp\/v2\/types\/page"}],"author":[{"embeddable":true,"href":"https:\/\/www.autopistas.com\/ca\/wp-json\/wp\/v2\/users\/1"}],"replies":[{"embeddable":true,"href":"https:\/\/www.autopistas.com\/ca\/wp-json\/wp\/v2\/comments?post=25625"}],"version-history":[{"count":79,"href":"https:\/\/www.autopistas.com\/ca\/wp-json\/wp\/v2\/pages\/25625\/revisions"}],"predecessor-version":[{"id":59260,"href":"https:\/\/www.autopistas.com\/ca\/wp-json\/wp\/v2\/pages\/25625\/revisions\/59260"}],"up":[{"embeddable":true,"href":"https:\/\/www.autopistas.com\/ca\/wp-json\/wp\/v2\/pages\/26407"}],"wp:attachment":[{"href":"https:\/\/www.autopistas.com\/ca\/wp-json\/wp\/v2\/media?parent=25625"}],"curies":[{"name":"wp","href":"https:\/\/api.w.org\/{rel}","templated":true}]}}