{"id":25656,"date":"2017-08-24T10:30:52","date_gmt":"2017-08-24T08:30:52","guid":{"rendered":"https:\/\/www.autopistas.com\/el-meu-espai\/sol%c2%b7licitud-de-factures\/"},"modified":"2022-09-08T15:14:40","modified_gmt":"2022-09-08T13:14:40","slug":"sol%c2%b7licitud-de-factures","status":"publish","type":"page","link":"https:\/\/www.autopistas.com\/ca\/serveis\/e-factura\/sol%c2%b7licitud-de-factures\/","title":{"rendered":"Sol\u00b7licitud de factures"},"content":{"rendered":"<div class=\"wpb-content-wrapper\"><p>[vc_row full_width=&#8221;stretch_row&#8221; content_placement=&#8221;middle&#8221; css=&#8221;.vc_custom_1504016731907{background-image: url(https:\/\/www.autopistas.com\/wp-content\/uploads\/2017\/08\/solicitud-de-facturas-header-def-1.jpg?id=14564) !important;background-position: center !important;background-repeat: no-repeat !important;background-size: cover !important;}&#8221; el_class=&#8221;texto-blanco banner-principal&#8221;][vc_column width=&#8221;7\/12&#8243; css=&#8221;.vc_custom_1499094512168{padding-top: 0px !important;}&#8221;][vc_custom_heading text=&#8221;Sol\u00b7licitud de factures&#8221; font_container=&#8221;tag:h1|text_align:left|color:%23ffffff&#8221; use_theme_fonts=&#8221;yes&#8221; el_class=&#8221;titulo6 sombra-titulo&#8221; css=&#8221;.vc_custom_1503569793850{margin-top: 0px !important;margin-bottom: 0px !important;}&#8221;][vc_column_text css=&#8221;.vc_custom_1503569856034{margin-bottom: 0px !important;}&#8221; el_class=&#8221;sombra-titulo titulo8 linea-estrecha&#8221;]Demana les teves factures de manera r\u00e0pida i senzilla[\/vc_column_text][\/vc_column][\/vc_row][vc_row content_placement=&#8221;top&#8221; el_class=&#8221;migadepan hidden-xs&#8221;][vc_column css=&#8221;.vc_custom_1499096001229{padding-top: 18px !important;}&#8221;][vc_column_text css=&#8221;.vc_custom_1499095990112{margin-top: 0px !important;margin-bottom: 0px !important;}&#8221;]<ul id=\"migadepan\" class=\"migadepan\"><li class=\"item-home\"><a class=\"bread-link bread-home\" href=\"https:\/\/www.autopistas.com\/ca\/\" title=\"Home\">Home<\/a><\/li><li class=\"separator separator-home\"> <span class=\"glyphicon glyphicon-menu-right\"><\/span> <\/li><\/ul>[\/vc_column_text][\/vc_column][\/vc_row][vc_row el_class=&#8221;texto-cuerpo&#8221; css=&#8221;.vc_custom_1527164167367{margin-top: 35px !important;}&#8221;][vc_column offset=&#8221;vc_col-lg-12 vc_col-md-12 vc_col-xs-12&#8243;][vc_custom_heading text=&#8221;Com pots sol\u00b7licitar les factures?&#8221; font_container=&#8221;tag:h2|text_align:center|color:%23f58220&#8243; use_theme_fonts=&#8221;yes&#8221; el_class=&#8221;titulo5 tesxto-naranja&#8221; css=&#8221;.vc_custom_1526475846448{margin-bottom: 20px !important;}&#8221;][\/vc_column][\/vc_row][vc_row full_width=&#8221;stretch_row&#8221; gap=&#8221;35&#8243; equal_height=&#8221;yes&#8221; disable_element=&#8221;yes&#8221; el_class=&#8221;center-text texto-cuerpo texto-cuerpo4 compartir-coche&#8221; css=&#8221;.vc_custom_1576746543368{padding-bottom: 50px !important;background-color: #f5f5f5 !important;}&#8221;][vc_column width=&#8221;1\/3&#8243;][vc_column_text el_class=&#8221;paso linea-s-estrecha&#8221; css=&#8221;.vc_custom_1506079515119{margin-bottom: 15px !important;padding-top: 35px !important;padding-right: 35px !important;padding-bottom: 35px !important;padding-left: 35px !important;background-image: url(https:\/\/www.autopistas.com\/wp-content\/uploads\/2017\/08\/compartir-como-circulo-fondo.png?id=15608) !important;background-position: center !important;background-repeat: no-repeat !important;background-size: contain !important;}&#8221;]1[\/vc_column_text][vc_column_text css=&#8221;.vc_custom_1576577442506{margin-bottom: 0px !important;}&#8221;]Descarrega&#8217;t el formulari en l&#8217;idioma que prefereixis i omple&#8217;l. (Sol\u00b7licituds en <a href=\"\/wp-content\/uploads\/2019\/12\/CP16_084_Solicitud_Factura_Efectivo_Cast_A4.pdf\" target=\"_blank\" rel=\"noopener noreferrer\">cast<\/a>\/<a href=\"\/wp-content\/uploads\/2019\/12\/CP16_085_Solicitud_Factura_Efectivo_Cat_A4.pdf\" target=\"_blank\" rel=\"noopener noreferrer\">cat<\/a>\/<a href=\"\/wp-content\/uploads\/2019\/12\/CP16_086_Solicitud_Factura_Efectivo_Eusk_A4.pdf\" target=\"_blank\" rel=\"noopener noreferrer\">eusk<\/a>\/<a href=\"\/wp-content\/uploads\/2019\/12\/CP16_087_Solicitud_Factura_Efectivo_Eng_A4.pdf\" target=\"_blank\" rel=\"noopener noreferrer\">angl<\/a>)[\/vc_column_text][\/vc_column][vc_column width=&#8221;1\/3&#8243;][vc_column_text el_class=&#8221;paso linea-s-estrecha&#8221; css=&#8221;.vc_custom_1506079557205{margin-bottom: 15px !important;padding-top: 35px !important;padding-right: 35px !important;padding-bottom: 35px !important;padding-left: 35px !important;background-image: url(https:\/\/www.autopistas.com\/wp-content\/uploads\/2017\/08\/compartir-como-circulo-fondo.png?id=15608) !important;background-position: center !important;background-repeat: no-repeat !important;background-size: contain !important;}&#8221;]2[\/vc_column_text][vc_column_text css=&#8221;.vc_custom_1527762335208{margin-bottom: 0px !important;}&#8221;]Adjunta els rebuts originals*.[\/vc_column_text][\/vc_column][vc_column width=&#8221;1\/3&#8243;][vc_column_text el_class=&#8221;paso linea-s-estrecha&#8221; css=&#8221;.vc_custom_1506079597255{margin-bottom: 15px !important;padding-top: 35px !important;padding-right: 35px !important;padding-bottom: 35px !important;padding-left: 35px !important;background-image: url(https:\/\/www.autopistas.com\/wp-content\/uploads\/2017\/08\/compartir-como-circulo-fondo.png?id=15608) !important;background-position: center !important;background-repeat: no-repeat !important;background-size: contain !important;}&#8221;]3[\/vc_column_text][vc_column_text css=&#8221;.vc_custom_1526471603584{margin-bottom: 0px !important;}&#8221;]Envia-ho a l\u2019adre\u00e7a seg\u00fcent:<\/p>\n<p>A\/ FACTURACI\u00d3 Av. Parc Log\u00edstic 12-20 08040 Barcelona.[\/vc_column_text][\/vc_column][\/vc_row][vc_row full_width=&#8221;stretch_row&#8221; gap=&#8221;35&#8243; equal_height=&#8221;yes&#8221; el_class=&#8221;center-text texto-cuerpo texto-cuerpo4 compartir-coche&#8221; css=&#8221;.vc_custom_1526475916704{padding-bottom: 50px !important;background-color: #f5f5f5 !important;}&#8221;][vc_column width=&#8221;1\/3&#8243;][vc_column_text el_class=&#8221;paso linea-s-estrecha&#8221; css=&#8221;.vc_custom_1506079515119{margin-bottom: 15px !important;padding-top: 35px !important;padding-right: 35px !important;padding-bottom: 35px !important;padding-left: 35px !important;background-image: url(https:\/\/www.autopistas.com\/wp-content\/uploads\/2017\/08\/compartir-como-circulo-fondo.png?id=15608) !important;background-position: center !important;background-repeat: no-repeat !important;background-size: contain !important;}&#8221;]1[\/vc_column_text][vc_column_text css=&#8221;.vc_custom_1662642868426{margin-bottom: 0px !important;}&#8221;]Descarrega&#8217;t el formulari en l&#8217;idioma que prefereixis i omple&#8217;l. (Sol\u00b7licituds en <a href=\"\/wp-content\/uploads\/2022\/09\/CP21_009-Solicitud-Factura-Efectivo-Cast-A4.pdf\" target=\"_blank\" rel=\"noopener noreferrer\">cast<\/a>\/<a href=\"\/wp-content\/uploads\/2022\/09\/CP21_010-Solicitud-Factura-Efectivo-Cat-A4.pdf\" target=\"_blank\" rel=\"noopener noreferrer\">cat<\/a>\/<a href=\"\/wp-content\/uploads\/2022\/09\/CP21_012-Solicitud-Factura-Efectivo-Eng-A4.pdf\" target=\"_blank\" rel=\"noopener noreferrer\">angl<\/a>)[\/vc_column_text][\/vc_column][vc_column width=&#8221;1\/3&#8243;][vc_column_text el_class=&#8221;paso linea-s-estrecha&#8221; css=&#8221;.vc_custom_1506079557205{margin-bottom: 15px !important;padding-top: 35px !important;padding-right: 35px !important;padding-bottom: 35px !important;padding-left: 35px !important;background-image: url(https:\/\/www.autopistas.com\/wp-content\/uploads\/2017\/08\/compartir-como-circulo-fondo.png?id=15608) !important;background-position: center !important;background-repeat: no-repeat !important;background-size: contain !important;}&#8221;]2[\/vc_column_text][vc_column_text css=&#8221;.vc_custom_1527762335208{margin-bottom: 0px !important;}&#8221;]Adjunta els rebuts originals*.[\/vc_column_text][\/vc_column][vc_column width=&#8221;1\/3&#8243;][vc_column_text el_class=&#8221;paso linea-s-estrecha&#8221; css=&#8221;.vc_custom_1506079597255{margin-bottom: 15px !important;padding-top: 35px !important;padding-right: 35px !important;padding-bottom: 35px !important;padding-left: 35px !important;background-image: url(https:\/\/www.autopistas.com\/wp-content\/uploads\/2017\/08\/compartir-como-circulo-fondo.png?id=15608) !important;background-position: center !important;background-repeat: no-repeat !important;background-size: contain !important;}&#8221;]3[\/vc_column_text][vc_column_text css=&#8221;.vc_custom_1637069193312{margin-bottom: 0px !important;}&#8221;]Envia-ho a l\u2019adre\u00e7a seg\u00fcent:<\/p>\n<p>A\/ FACTURACI\u00d3 Avda. de Pedralbes, 17 08034 Barcelona.[\/vc_column_text][\/vc_column][\/vc_row][vc_row el_class=&#8221;solicitud-facturas texto-cuerpo&#8221;][vc_column][vc_column_text css=&#8221;.vc_custom_1527762377621{margin-bottom: 10px !important;}&#8221; el_class=&#8221;texto-cuerpo2&#8243;]Et recordem que, per a qualsevol dubte o consulta, pots contactar amb el nostre Centre d&#8217;Atenci\u00f3 al Client 902 200 320.<\/p>\n<p>* S&#8217;accepten rebuts amb car\u00e0cter retroactiu fins a un mes, segons el Reial decret 1496\/2003, de 28 de novembre.[\/vc_column_text][vc_column_text css=&#8221;.vc_custom_1527762398253{margin-bottom: 10px !important;}&#8221; el_class=&#8221;texto-cuerpo2&#8243;]*Per a consultar les teves factures haur\u00e0s d&#8217;estar registrat a l&#8217;<a href=\"https:\/\/www.autopistas.com\/login\/\">\u00c0rea Clients<\/a>.[\/vc_column_text][\/vc_column][\/vc_row][vc_row content_placement=&#8221;top&#8221; el_class=&#8221;banner-footer&#8221;][vc_column][atpbanners banner_id=&#8221;random&#8221; full_width=&#8221;true&#8221; columns_number=&#8221;12&#8243;][\/vc_column][\/vc_row]<\/p>\n<\/div>","protected":false},"excerpt":{"rendered":"<p>[vc_row full_width=&#8221;stretch_row&#8221; content_placement=&#8221;middle&#8221; css=&#8221;.vc_custom_1504016731907{background-image: url(https:\/\/www.autopistas.com\/wp-content\/uploads\/2017\/08\/solicitud-de-facturas-header-def-1.jpg?id=14564) !important;background-position: center !important;background-repeat: no-repeat !important;background-size: cover !important;}&#8221; el_class=&#8221;texto-blanco banner-principal&#8221;][vc_column width=&#8221;7\/12&#8243; css=&#8221;.vc_custom_1499094512168{padding-top: 0px !important;}&#8221;][vc_custom_heading text=&#8221;Sol\u00b7licitud de factures&#8221; font_container=&#8221;tag:h1|text_align:left|color:%23ffffff&#8221; use_theme_fonts=&#8221;yes&#8221; el_class=&#8221;titulo6 sombra-titulo&#8221; css=&#8221;.vc_custom_1503569793850{margin-top: 0px !important;margin-bottom: 0px !important;}&#8221;][vc_column_text css=&#8221;.vc_custom_1503569856034{margin-bottom: 0px !important;}&#8221; el_class=&#8221;sombra-titulo titulo8 linea-estrecha&#8221;]Demana les teves factures de manera r\u00e0pida i senzilla[\/vc_column_text][\/vc_column][\/vc_row][vc_row content_placement=&#8221;top&#8221; el_class=&#8221;migadepan hidden-xs&#8221;][vc_column css=&#8221;.vc_custom_1499096001229{padding-top: 18px !important;}&#8221;][vc_column_text css=&#8221;.vc_custom_1499095990112{margin-top: 0px !important;margin-bottom: 0px !important;}&#8221;][\/vc_column_text][\/vc_column][\/vc_row][vc_row &#8230;<\/p>\n","protected":false},"author":1,"featured_media":0,"parent":25625,"menu_order":0,"comment_status":"closed","ping_status":"closed","template":"","meta":{"footnotes":""},"yoast_head":"<!-- This site is optimized with the Yoast SEO Premium plugin v19.5 (Yoast SEO v19.10) - https:\/\/yoast.com\/wordpress\/plugins\/seo\/ -->\n<title>Sol\u00b7licitud de Factures | espai Autopistes<\/title>\n<meta name=\"description\" content=\"Sol\u00b7licita la factura dels peatges pagats en efectiu. Per a aix\u00f2, necessitar\u00e0s imprimir i omplir un formulari que trobar\u00e0s en aquesta p\u00e0gina.\" \/>\n<meta name=\"robots\" content=\"index, follow, max-snippet:-1, max-image-preview:large, max-video-preview:-1\" \/>\n<link rel=\"canonical\" href=\"https:\/\/www.autopistas.com\/ca\/serveis\/e-factura\/sol%c2%b7licitud-de-factures\/\" \/>\n<meta property=\"og:locale\" content=\"ca_ES\" \/>\n<meta property=\"og:type\" content=\"article\" \/>\n<meta property=\"og:title\" content=\"Sol\u00b7licitud de factures\" \/>\n<meta property=\"og:description\" content=\"Sol\u00b7licita la factura dels peatges pagats en efectiu. Per a aix\u00f2, necessitar\u00e0s imprimir i omplir un formulari que trobar\u00e0s en aquesta p\u00e0gina.\" \/>\n<meta property=\"og:url\" content=\"https:\/\/www.autopistas.com\/ca\/serveis\/e-factura\/sol%c2%b7licitud-de-factures\/\" \/>\n<meta property=\"og:site_name\" content=\"Autopistas\" \/>\n<meta property=\"article:modified_time\" content=\"2022-09-08T13:14:40+00:00\" \/>\n<meta name=\"twitter:card\" content=\"summary_large_image\" \/>\n<meta name=\"twitter:label1\" content=\"Temps estimat de lectura\" \/>\n\t<meta name=\"twitter:data1\" content=\"4 minuts\" \/>\n<script type=\"application\/ld+json\" class=\"yoast-schema-graph\">{\"@context\":\"https:\/\/schema.org\",\"@graph\":[{\"@type\":\"WebPage\",\"@id\":\"https:\/\/www.autopistas.com\/ca\/serveis\/e-factura\/sol%c2%b7licitud-de-factures\/\",\"url\":\"https:\/\/www.autopistas.com\/ca\/serveis\/e-factura\/sol%c2%b7licitud-de-factures\/\",\"name\":\"Sol\u00b7licitud de Factures | espai Autopistes\",\"isPartOf\":{\"@id\":\"https:\/\/www.autopistas.com\/ca\/#website\"},\"datePublished\":\"2017-08-24T08:30:52+00:00\",\"dateModified\":\"2022-09-08T13:14:40+00:00\",\"description\":\"Sol\u00b7licita la factura dels peatges pagats en efectiu. Per a aix\u00f2, necessitar\u00e0s imprimir i omplir un formulari que trobar\u00e0s en aquesta p\u00e0gina.\",\"breadcrumb\":{\"@id\":\"https:\/\/www.autopistas.com\/ca\/serveis\/e-factura\/sol%c2%b7licitud-de-factures\/#breadcrumb\"},\"inLanguage\":\"ca\",\"potentialAction\":[{\"@type\":\"ReadAction\",\"target\":[\"https:\/\/www.autopistas.com\/ca\/serveis\/e-factura\/sol%c2%b7licitud-de-factures\/\"]}]},{\"@type\":\"BreadcrumbList\",\"@id\":\"https:\/\/www.autopistas.com\/ca\/serveis\/e-factura\/sol%c2%b7licitud-de-factures\/#breadcrumb\",\"itemListElement\":[{\"@type\":\"ListItem\",\"position\":1,\"name\":\"Portada\",\"item\":\"https:\/\/www.autopistas.com\/ca\/\"},{\"@type\":\"ListItem\",\"position\":2,\"name\":\"Serveis\",\"item\":\"https:\/\/www.autopistas.com\/ca\/serveis\/\"},{\"@type\":\"ListItem\",\"position\":3,\"name\":\"E-factura\",\"item\":\"https:\/\/www.autopistas.com\/ca\/serveis\/e-factura\/\"},{\"@type\":\"ListItem\",\"position\":4,\"name\":\"Sol\u00b7licitud de factures\"}]},{\"@type\":\"WebSite\",\"@id\":\"https:\/\/www.autopistas.com\/ca\/#website\",\"url\":\"https:\/\/www.autopistas.com\/ca\/\",\"name\":\"Autopistas\",\"description\":\"Autopistas, Contigo Hasta Donde Quieras Llegar\",\"potentialAction\":[{\"@type\":\"SearchAction\",\"target\":{\"@type\":\"EntryPoint\",\"urlTemplate\":\"https:\/\/www.autopistas.com\/ca\/?s={search_term_string}\"},\"query-input\":\"required name=search_term_string\"}],\"inLanguage\":\"ca\"}]}<\/script>\n<!-- \/ Yoast SEO Premium plugin. -->","yoast_head_json":{"title":"Sol\u00b7licitud de Factures | espai Autopistes","description":"Sol\u00b7licita la factura dels peatges pagats en efectiu. Per a aix\u00f2, necessitar\u00e0s imprimir i omplir un formulari que trobar\u00e0s en aquesta p\u00e0gina.","robots":{"index":"index","follow":"follow","max-snippet":"max-snippet:-1","max-image-preview":"max-image-preview:large","max-video-preview":"max-video-preview:-1"},"canonical":"https:\/\/www.autopistas.com\/ca\/serveis\/e-factura\/sol%c2%b7licitud-de-factures\/","og_locale":"ca_ES","og_type":"article","og_title":"Sol\u00b7licitud de factures","og_description":"Sol\u00b7licita la factura dels peatges pagats en efectiu. Per a aix\u00f2, necessitar\u00e0s imprimir i omplir un formulari que trobar\u00e0s en aquesta p\u00e0gina.","og_url":"https:\/\/www.autopistas.com\/ca\/serveis\/e-factura\/sol%c2%b7licitud-de-factures\/","og_site_name":"Autopistas","article_modified_time":"2022-09-08T13:14:40+00:00","twitter_card":"summary_large_image","twitter_misc":{"Temps estimat de lectura":"4 minuts"},"schema":{"@context":"https:\/\/schema.org","@graph":[{"@type":"WebPage","@id":"https:\/\/www.autopistas.com\/ca\/serveis\/e-factura\/sol%c2%b7licitud-de-factures\/","url":"https:\/\/www.autopistas.com\/ca\/serveis\/e-factura\/sol%c2%b7licitud-de-factures\/","name":"Sol\u00b7licitud de Factures | espai Autopistes","isPartOf":{"@id":"https:\/\/www.autopistas.com\/ca\/#website"},"datePublished":"2017-08-24T08:30:52+00:00","dateModified":"2022-09-08T13:14:40+00:00","description":"Sol\u00b7licita la factura dels peatges pagats en efectiu. Per a aix\u00f2, necessitar\u00e0s imprimir i omplir un formulari que trobar\u00e0s en aquesta p\u00e0gina.","breadcrumb":{"@id":"https:\/\/www.autopistas.com\/ca\/serveis\/e-factura\/sol%c2%b7licitud-de-factures\/#breadcrumb"},"inLanguage":"ca","potentialAction":[{"@type":"ReadAction","target":["https:\/\/www.autopistas.com\/ca\/serveis\/e-factura\/sol%c2%b7licitud-de-factures\/"]}]},{"@type":"BreadcrumbList","@id":"https:\/\/www.autopistas.com\/ca\/serveis\/e-factura\/sol%c2%b7licitud-de-factures\/#breadcrumb","itemListElement":[{"@type":"ListItem","position":1,"name":"Portada","item":"https:\/\/www.autopistas.com\/ca\/"},{"@type":"ListItem","position":2,"name":"Serveis","item":"https:\/\/www.autopistas.com\/ca\/serveis\/"},{"@type":"ListItem","position":3,"name":"E-factura","item":"https:\/\/www.autopistas.com\/ca\/serveis\/e-factura\/"},{"@type":"ListItem","position":4,"name":"Sol\u00b7licitud de factures"}]},{"@type":"WebSite","@id":"https:\/\/www.autopistas.com\/ca\/#website","url":"https:\/\/www.autopistas.com\/ca\/","name":"Autopistas","description":"Autopistas, Contigo Hasta Donde Quieras Llegar","potentialAction":[{"@type":"SearchAction","target":{"@type":"EntryPoint","urlTemplate":"https:\/\/www.autopistas.com\/ca\/?s={search_term_string}"},"query-input":"required name=search_term_string"}],"inLanguage":"ca"}]}},"_links":{"self":[{"href":"https:\/\/www.autopistas.com\/ca\/wp-json\/wp\/v2\/pages\/25656"}],"collection":[{"href":"https:\/\/www.autopistas.com\/ca\/wp-json\/wp\/v2\/pages"}],"about":[{"href":"https:\/\/www.autopistas.com\/ca\/wp-json\/wp\/v2\/types\/page"}],"author":[{"embeddable":true,"href":"https:\/\/www.autopistas.com\/ca\/wp-json\/wp\/v2\/users\/1"}],"replies":[{"embeddable":true,"href":"https:\/\/www.autopistas.com\/ca\/wp-json\/wp\/v2\/comments?post=25656"}],"version-history":[{"count":32,"href":"https:\/\/www.autopistas.com\/ca\/wp-json\/wp\/v2\/pages\/25656\/revisions"}],"predecessor-version":[{"id":60504,"href":"https:\/\/www.autopistas.com\/ca\/wp-json\/wp\/v2\/pages\/25656\/revisions\/60504"}],"up":[{"embeddable":true,"href":"https:\/\/www.autopistas.com\/ca\/wp-json\/wp\/v2\/pages\/25625"}],"wp:attachment":[{"href":"https:\/\/www.autopistas.com\/ca\/wp-json\/wp\/v2\/media?parent=25656"}],"curies":[{"name":"wp","href":"https:\/\/api.w.org\/{rel}","templated":true}]}}