{"id":25729,"date":"2017-08-24T18:45:37","date_gmt":"2017-08-24T16:45:37","guid":{"rendered":"https:\/\/www.autopistas.com\/politica-de-cookies\/"},"modified":"2020-02-20T13:06:43","modified_gmt":"2020-02-20T12:06:43","slug":"politica-de-cookies","status":"publish","type":"page","link":"https:\/\/www.autopistas.com\/ca\/politica-de-cookies\/","title":{"rendered":"Pol\u00edtica de cookies"},"content":{"rendered":"<div class=\"wpb-content-wrapper\"><p>[vc_row full_width=&#8221;stretch_row&#8221; content_placement=&#8221;middle&#8221; css=&#8221;.vc_custom_1508408449153{padding-top: 20px !important;padding-bottom: 20px !important;background-image: url(https:\/\/www.autopistas.com\/wp-content\/uploads\/2017\/08\/cookies-header-def.jpg?id=24481) !important;background-position: center !important;background-repeat: no-repeat !important;background-size: cover !important;}&#8221; el_class=&#8221;texto-blanco banner-principal&#8221;][vc_column width=&#8221;7\/12&#8243; css=&#8221;.vc_custom_1501672502501{padding-top: 0px !important;}&#8221;][vc_custom_heading text=&#8221;Pol\u00edtica de cookies&#8221; font_container=&#8221;tag:h1|text_align:left|color:%23ffffff&#8221; use_theme_fonts=&#8221;yes&#8221; el_class=&#8221;titulo6 sombra-titulo&#8221; css=&#8221;.vc_custom_1508408341629{margin-top: 0px !important;margin-bottom: 0px !important;}&#8221;][vc_column_text css=&#8221;.vc_custom_1503923860984{margin-bottom: 0px !important;}&#8221; el_class=&#8221;sombra-titulo titulo8 linea-estrecha&#8221;][\/vc_column_text][\/vc_column][\/vc_row][vc_row content_placement=&#8221;top&#8221; el_class=&#8221;migadepan hidden-xs&#8221; css=&#8221;.vc_custom_1499096013909{margin-bottom: 35px !important;}&#8221;][vc_column css=&#8221;.vc_custom_1499096001229{padding-top: 18px !important;}&#8221;][vc_column_text css=&#8221;.vc_custom_1499095990112{margin-top: 0px !important;margin-bottom: 0px !important;}&#8221;]<ul id=\"migadepan\" class=\"migadepan\"><li class=\"item-home\"><a class=\"bread-link bread-home\" href=\"https:\/\/www.autopistas.com\/ca\/\" title=\"Home\">Home<\/a><\/li><li class=\"separator separator-home\"> <span class=\"glyphicon glyphicon-menu-right\"><\/span> <\/li><\/ul>[\/vc_column_text][\/vc_column][\/vc_row][vc_row css=&#8221;.vc_custom_1508408585895{margin-top: 35px !important;}&#8221;][vc_column][vc_custom_heading text=&#8221;Pol\u00edtica de cookies&#8221; font_container=&#8221;tag:h2|text_align:center|color:%23f58220&#8243; use_theme_fonts=&#8221;yes&#8221; el_class=&#8221;titulo5 tesxto-naranja&#8221; css=&#8221;.vc_custom_1503600596027{margin-top: 0px !important;margin-bottom: 40px !important;}&#8221;][\/vc_column][\/vc_row][vc_row content_placement=&#8221;top&#8221; el_class=&#8221;compartir-coche texto-cuerpo texto-politica-de-cookies&#8221; css=&#8221;.vc_custom_1580140273188{margin-top: 15px !important;}&#8221;][vc_column offset=&#8221;vc_col-lg-12 vc_col-md-12 vc_col-xs-12&#8243;][vc_column_text css=&#8221;.vc_custom_1582200329612{margin-bottom: 10px !important;}&#8221; el_class=&#8221;texto-cuerpo2&#8243;]<\/p>\n<h1><a name=\"_Toc24452858\"><\/a>POL\u00cdTICA DE COOKIES D\u2019ABERTIS AUTOPISTAS ESPA\u00d1A, S.A.<\/h1>\n<p>ABERTIS AUTOPISTAS ESPA\u00d1A, S.A. (en endavant, el \u201c<strong><em>TITULAR<\/em><\/strong>\u201d) informa, mitjan\u00e7ant aquesta pol\u00edtica de <em>cookies<\/em> (galetes) sobre la utilitzaci\u00f3 de dispositius d\u2019emmagatzematge i recuperaci\u00f3 de dades en equips terminals dels usuaris.<\/p>\n<p>&nbsp;<\/p>\n<h2><a name=\"_Toc24452859\"><\/a>1.- Qu\u00e8 s\u00f3n les <em>cookies<\/em> o galetes?<\/h2>\n<p>Les <em>cookies<\/em> s\u00f3n arxius o fitxers que es descarreguen a l\u2019ordinador\/<em>smartphone<\/em>\/<em>tauleta<\/em> de l\u2019usuari quan accedeix a determinades p\u00e0gines web i aplicacions que permeten emmagatzemar prefer\u00e8ncies de la navegaci\u00f3 de l\u2019usuari, fent que la interacci\u00f3 entre l\u2019usuari i el lloc web sigui m\u00e9s r\u00e0pida i f\u00e0cil.<\/p>\n<p>La informaci\u00f3 recollida per les <em>cookies<\/em> \u00e9s an\u00f2nima i no cont\u00e9 cap informaci\u00f3 sensible, ja que no \u00a0recullen dades que puguin identificar personalment l\u2019usuari. En qualsevol cas, l\u2019usuari podr\u00e0 accedir a la configuraci\u00f3 del seu navegador per modificar i\/o bloquejar la instal\u00b7laci\u00f3 de les <em>cookies<\/em> enviades des del lloc web, sense que aix\u00f2 l\u2019impedeixi accedir als continguts.<\/p>\n<p>&nbsp;<\/p>\n<h2><a name=\"_Toc24452860\"><\/a>2.- Per a qu\u00e8 utilitza el TITULAR les cookies?<\/h2>\n<p>Aquest lloc web fa servir les <em>cookies<\/em> per fer un seguiment de les interaccions dels usuaris amb els serveis que ofereix el lloc web, permetent recon\u00e8ixer el navegador d\u2019un usuari, i tamb\u00e9 el tipus de dispositiu des del qual s\u2019accedeix al lloc web, i es fan servir per facilitar la propera visita de l\u2019usuari i fer que el lloc web sigui m\u00e9s \u00fatil.<\/p>\n<p>El TITULAR utilitza les <em>cookies<\/em> per:<\/p>\n<ul>\n<li>Optimitzar la navegaci\u00f3 de l\u2019usuari mitjan\u00e7ant el seguiment de la sessi\u00f3.<\/li>\n<li>Recopilar informaci\u00f3 per optimitzar la navegaci\u00f3 i millorar el lloc web.<a name=\"_Toc24452861\"><\/a><\/li>\n<\/ul>\n<p>&nbsp;<\/p>\n<h2>3.- Tipus de <em>cookies<\/em> emprades al lloc web<\/h2>\n<p>El lloc web fa servir els tipus de <em>cookies<\/em> seg\u00fcents:<\/p>\n<ul>\n<li><strong>Obligat\u00f2ries<\/strong>: <em>Cookies<\/em> estrictament necess\u00e0ries para prestar un servei o contingut sol\u00b7licitat per l\u2019usuari. Aquestes s\u2019encarreguen d\u2019aspectes t\u00e8cnics, com ara identificar registres i gestionar prefer\u00e8ncies d\u2019eines en l\u2019\u00fas, interacci\u00f3 i localitzaci\u00f3 de l\u2019acc\u00e9s als continguts.<\/li>\n<\/ul>\n<table width=\"0\">\n<tbody>\n<tr>\n<td width=\"158\"><strong>Nom<\/strong><\/td>\n<td width=\"184\"><strong>\u00a0<\/strong><strong>Finalitat<\/strong><\/td>\n<td width=\"102\"><strong>Caducitat<\/strong><\/td>\n<td width=\"85\"><strong>Prove\u00efdor<\/strong><\/td>\n<\/tr>\n<tr>\n<td width=\"158\"><strong>PHPSESSID<\/strong><\/td>\n<td width=\"184\">Identifica la sessi\u00f3 de l\u2019usuari dins del motor de PHP<\/td>\n<td width=\"102\">En finalitzar la sessi\u00f3 de navegaci\u00f3<\/td>\n<td width=\"85\">PHP<\/td>\n<\/tr>\n<tr>\n<td width=\"158\"><strong>wordpress_test_cookie<\/strong><\/td>\n<td width=\"184\">Aquesta <em>cookie<\/em> s\u2019usa perqu\u00e8 el gestor de continguts WordPress comprovi si el navegador t\u00e9 les <em>cookies<\/em> activades<\/td>\n<td width=\"102\">Al finalizar la sesi\u00f3n de navegaci\u00f3n<\/td>\n<td width=\"85\">WordPress<\/td>\n<\/tr>\n<tr>\n<td width=\"158\"><strong>_icl_current_language<\/strong><\/td>\n<td width=\"184\">Permet al sistema con\u00e8ixer l\u2019idioma seleccionat actualment a la web<\/td>\n<td width=\"102\">1 dia<\/td>\n<td width=\"85\">WordPress<\/td>\n<\/tr>\n<tr>\n<td width=\"158\"><strong>wordpress_logged_in_*<\/strong><\/td>\n<td width=\"184\">Registra la informaci\u00f3 de <em>login<\/em> de l\u2019usuari a la web<\/td>\n<td width=\"102\">En finalitzar la sessi\u00f3 de navegaci\u00f3<\/td>\n<td width=\"85\">WordPress<\/td>\n<\/tr>\n<tr>\n<td width=\"158\"><strong>wordpress_sec_*<\/strong><\/td>\n<td width=\"184\">Registra la informaci\u00f3 de <em>login<\/em> de l\u2019usuari a la web nom\u00e9s per a connexions segures<\/td>\n<td width=\"102\">En finalitzar la sessi\u00f3 de navegaci\u00f3<\/td>\n<td width=\"85\">WordPress<\/td>\n<\/tr>\n<tr>\n<td width=\"158\"><strong>has_js<\/strong><\/td>\n<td width=\"184\">Usada per Drupal per comprovar que JavaScript est\u00e0 activat<\/td>\n<td width=\"102\">En finalitzar la sessi\u00f3 de navegaci\u00f3<\/td>\n<td width=\"85\">Drupal<\/td>\n<\/tr>\n<tr>\n<td width=\"158\"><strong>DRUPAL_UID<\/strong><\/td>\n<td width=\"184\">Emmagatzema l\u2019identificador de l\u2019usuari de Drupal per a l\u2019OV<\/td>\n<td width=\"102\">1 setmana<\/td>\n<td width=\"85\">Drupal<\/td>\n<\/tr>\n<tr>\n<td width=\"158\"><strong>SSESS*<\/strong><\/td>\n<td width=\"184\">Identifica la sessi\u00f3 de l\u2019usuari a Drupal per a l\u2019OV<\/td>\n<td width=\"102\">En finalitzar la sessi\u00f3 de navegaci\u00f3<\/td>\n<td width=\"85\">Drupal<\/td>\n<\/tr>\n<\/tbody>\n<\/table>\n<p>&nbsp;<\/p>\n<ul>\n<li><a name=\"_Toc24452862\"><\/a> <strong>Funcionals<\/strong>: Les <em>cookies<\/em> funcionals donen a l\u2019usuari informaci\u00f3 que enriqueix l\u2019experi\u00e8ncia de navegaci\u00f3, com, per exemple, mostrar-li el pron\u00f2stic del temps basant-se en la seva ubicaci\u00f3.<\/li>\n<\/ul>\n<table width=\"0\">\n<tbody>\n<tr>\n<td width=\"134\"><strong>Nom<\/strong><\/td>\n<td width=\"225\"><strong>Finalitat<\/strong><\/td>\n<td width=\"82\"><strong>Caducitat<\/strong><\/td>\n<td width=\"82\"><strong>Prove\u00efdor<\/strong><\/td>\n<\/tr>\n<tr>\n<td width=\"134\"><strong>ff_news_session<\/strong><\/td>\n<td width=\"225\">Permet a l\u2019usuari visualitzar els darrers posts de les xarxes socials d\u2019Autopistas dins de la web<\/td>\n<td width=\"82\">En finalitzar la sessi\u00f3 de navegaci\u00f3<\/td>\n<td width=\"82\">Flow-Flow<\/td>\n<\/tr>\n<tr>\n<td width=\"134\"><strong>fs_abertis<\/strong><\/td>\n<td width=\"225\">Permet amagar el missatge d\u2019informaci\u00f3 de <em>cookies<\/em> a l\u2019OV<\/td>\n<td width=\"82\">Mai<\/td>\n<td width=\"82\">Autopistas<\/td>\n<\/tr>\n<\/tbody>\n<\/table>\n<p><strong>\u00a0<\/strong><\/p>\n<ul>\n<li><a name=\"_Toc24452863\"><\/a> <strong>Estad\u00edstiques\/anal\u00edtiques<\/strong>: Aquestes <em>cookies<\/em> recullen informaci\u00f3 relativa a l\u2019\u00fas de la p\u00e0gina, com la perman\u00e8ncia en p\u00e0gina i els continguts visitats pels lectors per mesurar el seu rendiment i millorar la navegaci\u00f3.<\/li>\n<\/ul>\n<p>&nbsp;<\/p>\n<p>Els objectius principals que es persegueixen amb aquest tipus de <em>cookies<\/em> s\u00f3n:<\/p>\n<ul>\n<li>Permetre la identificaci\u00f3 an\u00f2nima dels usuaris que hi naveguen i, per tant, la comptabilitzaci\u00f3 aproximada del nombre de visitants.<\/li>\n<li>Identificar de manera an\u00f2nima els continguts m\u00e9s visitats.<\/li>\n<li>Saber si l\u2019usuari que hi est\u00e0 accedint \u00e9s nou o repeteix visita.<\/li>\n<\/ul>\n<p>A continuaci\u00f3, es detallen les <em>cookies<\/em> anal\u00edtiques que es fan servir al lloc web:<\/p>\n<table width=\"0\">\n<tbody>\n<tr>\n<td width=\"124\"><strong>Nom<\/strong><\/td>\n<td width=\"225\"><strong>Finalitat<\/strong><\/td>\n<td width=\"82\"><strong>Caducitat<\/strong><\/td>\n<td width=\"82\"><strong>Prove\u00efdor<\/strong><\/td>\n<\/tr>\n<tr>\n<td width=\"124\"><strong>_ga<\/strong><\/td>\n<td width=\"225\">Usada per Google Analytics per identificar l\u2019usuari de manera \u00fanica<\/td>\n<td width=\"82\">2\u00a0anys<\/td>\n<td width=\"82\">Google<\/td>\n<\/tr>\n<tr>\n<td width=\"124\"><strong>_gid<\/strong><\/td>\n<td width=\"225\">Usada per Google Analytics per rastrejar la navegaci\u00f3 de l\u2019usuari<\/td>\n<td width=\"82\">1 dia<\/td>\n<td width=\"82\">Google<\/td>\n<\/tr>\n<tr>\n<td width=\"124\"><strong>_gat_UA-*<\/strong><\/td>\n<td width=\"225\">Usada per Google Analytics per rastrejar la taxa de peticions<\/td>\n<td width=\"82\">10 minuts<\/td>\n<td width=\"82\">Google<\/td>\n<\/tr>\n<\/tbody>\n<\/table>\n<p>&nbsp;<\/p>\n<h2><a name=\"_Toc24452865\"><\/a>4.- Com es poden deshabilitar les <em>cookies<\/em>?<\/h2>\n<p>Les <em>cookies<\/em> que no siguin obligat\u00f2ries per a la navegaci\u00f3 en aquest lloc web podran deshabilitar-se en la configuraci\u00f3 del lloc web.<\/p>\n<p>Aquests ajustos es troben al peu de p\u00e0gina del lloc web. A m\u00e9s, tots els navegadors permeten fer canvis per desactivar la configuraci\u00f3 de les <em>cookies<\/em>.<\/p>\n<p>Aquest \u00e9s el motiu pel qual la majoria de navegadors ofereixen la possibilitat d&#8217;administrar les <em>cookies<\/em>, per obtenir un control m\u00e9s prec\u00eds sobre la privadesa.<\/p>\n<p>Aquests ajustos es troben ubicats a les &#8220;Opcions&#8221; o &#8220;Prefer\u00e8ncies&#8221; del men\u00fa del seu navegador.<\/p>\n<p>A continuaci\u00f3, podr\u00e0 trobar els links de cada navegador per desactivar les <em>cookies<\/em> seguint les instruccions:<\/p>\n<ul>\n<li><a name=\"_Toc24452866\"><\/a> <strong>Internet Explorer<\/strong> (<a href=\"https:\/\/goo.gl\/iU2wh2\">https:\/\/goo.gl\/iU2wh2<\/a> )\n<ul>\n<li>Al men\u00fa eines, seleccioni \u201cOpcions d\u2019Internet\u201d.<\/li>\n<li>Faci clic a la pestanya de \u201cPrivadesa\u201d.<\/li>\n<li>Podr\u00e0 configurar la privadesa amb un cursor amb sis posicions que li permet controlar la quantitat de <em>cookies<\/em> que s\u2019hi instal\u00b7laran: bloquejar totes les <em>cookies<\/em>, alta, mitjana alta, mitjana (nivell per defecte), baixar i acceptar totes les <em>cookies<\/em>.<\/li>\n<\/ul>\n<\/li>\n<li><a name=\"_Toc24452867\"><\/a> <strong>Mozilla Firefox<\/strong> (<a href=\"http:\/\/goo.gl\/QXWYmv\">http:\/\/goo.gl\/QXWYmv<\/a>)<\/li>\n<\/ul>\n<ul>\n<li style=\"list-style-type: none;\">\n<ul>\n<li>A la part superior de la finestra de Firefox, fer clic al men\u00fa \u201cEines\u201d.<\/li>\n<li>Seleccionar \u201cOpcions\u201d.<\/li>\n<li>Seleccionar el tauler \u201cPrivadesa i seguretat\u201d.<\/li>\n<li>A l\u2019opci\u00f3 \u201cFirefox\u201d, podr\u00e0 triar \u201cUsar una configuraci\u00f3 personalitzada\u201d del seu historial, com tamb\u00e9 altres q\u00fcestions relacionades amb la seva privadesa.<\/li>\n<\/ul>\n<\/li>\n<li><a name=\"_Toc24452868\"><\/a> <strong>Google Chrome<\/strong> (<a href=\"http:\/\/goo.gl\/fQnkSB\">http:\/\/goo.gl\/fQnkSB<\/a>)\n<ul>\n<li>Fer clic al men\u00fa situat a la barra d\u2019eines.<\/li>\n<li>Seleccionar \u201cConfiguraci\u00f3\u201d.<\/li>\n<li>Fer clic a \u201cMostar opcions avan\u00e7ades\u201d.<\/li>\n<li>A la selecci\u00f3 \u201cPrivadesa\u201d fer clic al bot\u00f3 \u201cConfiguraci\u00f3 de contingut\u201d.<\/li>\n<li>A la selecci\u00f3 de \u201cCookies<em>\u201d<\/em>, es poden configurar les opcions.<\/li>\n<\/ul>\n<\/li>\n<li><a name=\"_Toc24452869\"><\/a> <strong>Safari<\/strong> (<a href=\"https:\/\/goo.gl\/PCjEm3\">https:\/\/goo.gl\/PcjEm3<\/a>; <a href=\"https:\/\/goo.gl\/dQywEo)\">https:\/\/goo.gl\/dQywEo)<\/a>\n<ul>\n<li>Al men\u00fa de configuraci\u00f3 seleccioni l\u2019opci\u00f3 \u201cPrefer\u00e8ncies\u201d.<\/li>\n<li>Obri la pestanya \u201cPrivadesa\u201d.<\/li>\n<li>Seleccioni l\u2019opci\u00f3 que vulgui de la secci\u00f3 \u201cBloquejar <em>cookies<\/em>\u201d.<\/li>\n<li>Recordi que algunes funcions i la funcionalitat plena del lloc web poden no estar disponibles un cop deshabilitades les <em>cookies<\/em>.<\/li>\n<\/ul>\n<\/li>\n<\/ul>\n<p>Si no vol ser rastrejat per les <em>cookies<\/em>, Google ha desenvolupat un complement perqu\u00e8 l\u2019instal\u00b7li al seu navegador al qual pot accedir amb l\u2019enlla\u00e7 seg\u00fcent: \u00a0<a href=\"http:\/\/goo.gl\/up4ND\">http:\/\/goo.gl\/up4ND<\/a>.<\/p>\n<p>&nbsp;<\/p>\n<h2><a name=\"_Toc24452870\"><\/a>5.- <em>Cookies<\/em> als dispositius m\u00f2bils<\/h2>\n<p>El titular del lloc web tamb\u00e9 fa servir <em>cookies<\/em> o altres dispositius d\u2019emmagatzematge en dispositius m\u00f2bils.<\/p>\n<p>Les <em>cookies<\/em> que no siguin obligat\u00f2ries per navegar d\u2019aquest lloc web poden deshabilitar-se en la configuraci\u00f3 del lloc web.<\/p>\n<p>Aquests ajustos es troben al peu de p\u00e0gina del lloc web. A m\u00e9s, com succeeix als navegadors d\u2019ordinadors, els navegadors dels dispositius m\u00f2bils permeten fer canvis en les opcions o ajustos de privadesa per desactivar o eliminar les <em>cookies<\/em>.<\/p>\n<p>Si vol modificar les opcions de privadesa, segueixi les instruccions especificades pel desenvolupador del seu navegador per a dispositiu m\u00f2bil.<\/p>\n<p>A continuaci\u00f3, trobar\u00e0 alguns exemples dels enlla\u00e7os (<em>links<\/em>) que el guiaran per modificar les opcions de privadesa al seu dispositiu m\u00f2bil:<\/p>\n<ul>\n<li><a name=\"_Toc24452871\"><\/a> IOS: (<a href=\"http:\/\/goo.gl\/61xevS\">http:\/\/goo.gl\/61xevS<\/a>)<\/li>\n<li><a name=\"_Toc24452872\"><\/a> Windows Phone: (<a href=\"https:\/\/goo.gl\/tKyb0y\">https:\/\/goo.gl\/tKyb0y<\/a>)<\/li>\n<li><a name=\"_Toc24452873\"><\/a> Chrome Mobile: (<a href=\"http:\/\/goo.gl\/XJp7N\">http:\/\/goo.gl\/XJp7N<\/a>)<\/li>\n<li><a name=\"_Toc24452874\"><\/a> Opera Mobile: (<a href=\"http:\/\/goo.gl\/Nzr8s7)\">http:\/\/goo.gl\/Nzr8s7)<\/a><\/li>\n<\/ul>\n<p>&nbsp;<\/p>\n<h2><a name=\"_Toc24452875\"><\/a>6.- Acceptaci\u00f3 de <em>cookies<\/em><\/h2>\n<p>Aquest lloc web no instal\u00b7la les nostres <em>cookies<\/em> als dispositius dels usuaris fins que aquests hagin acceptar que es faci.<\/p>\n<p>L\u2019informem que en el cas que no accepti la instal\u00b7laci\u00f3 de <em>cookies<\/em> o si en deshabilita alguna en la configuraci\u00f3, pot ser que hi hagi serveis que no estiguin disponibles o que no pugui accedir a alguns serveis, com tampoc aprofitar del tot el que aquest lloc web li ofereix.[\/vc_column_text][\/vc_column][\/vc_row][vc_row content_placement=&#8221;top&#8221; el_class=&#8221;banner-footer&#8221;][vc_column][atpbanners banner_id=&#8221;random&#8221; full_width=&#8221;true&#8221; columns_number=&#8221;12&#8243;][\/vc_column][\/vc_row]<\/p>\n<\/div>","protected":false},"excerpt":{"rendered":"<p>[vc_row full_width=&#8221;stretch_row&#8221; content_placement=&#8221;middle&#8221; css=&#8221;.vc_custom_1508408449153{padding-top: 20px !important;padding-bottom: 20px !important;background-image: url(https:\/\/www.autopistas.com\/wp-content\/uploads\/2017\/08\/cookies-header-def.jpg?id=24481) !important;background-position: center !important;background-repeat: no-repeat !important;background-size: cover !important;}&#8221; el_class=&#8221;texto-blanco banner-principal&#8221;][vc_column width=&#8221;7\/12&#8243; css=&#8221;.vc_custom_1501672502501{padding-top: 0px !important;}&#8221;][vc_custom_heading text=&#8221;Pol\u00edtica de cookies&#8221; font_container=&#8221;tag:h1|text_align:left|color:%23ffffff&#8221; use_theme_fonts=&#8221;yes&#8221; el_class=&#8221;titulo6 sombra-titulo&#8221; css=&#8221;.vc_custom_1508408341629{margin-top: 0px !important;margin-bottom: 0px !important;}&#8221;][vc_column_text css=&#8221;.vc_custom_1503923860984{margin-bottom: 0px !important;}&#8221; el_class=&#8221;sombra-titulo titulo8 linea-estrecha&#8221;][\/vc_column_text][\/vc_column][\/vc_row][vc_row content_placement=&#8221;top&#8221; el_class=&#8221;migadepan hidden-xs&#8221; css=&#8221;.vc_custom_1499096013909{margin-bottom: 35px !important;}&#8221;][vc_column css=&#8221;.vc_custom_1499096001229{padding-top: 18px !important;}&#8221;][vc_column_text css=&#8221;.vc_custom_1499095990112{margin-top: 0px !important;margin-bottom: 0px !important;}&#8221;][\/vc_column_text][\/vc_column][\/vc_row][vc_row css=&#8221;.vc_custom_1508408585895{margin-top: &#8230;<\/p>\n","protected":false},"author":1,"featured_media":0,"parent":0,"menu_order":0,"comment_status":"closed","ping_status":"closed","template":"","meta":{"footnotes":""},"yoast_head":"<!-- This site is optimized with the Yoast SEO Premium plugin v19.5 (Yoast SEO v19.10) - https:\/\/yoast.com\/wordpress\/plugins\/seo\/ -->\n<title>Pol\u00edtica de cookies | Autopistas<\/title>\n<meta name=\"robots\" content=\"index, follow, max-snippet:-1, max-image-preview:large, max-video-preview:-1\" \/>\n<link rel=\"canonical\" href=\"https:\/\/www.autopistas.com\/ca\/politica-de-cookies\/\" \/>\n<meta property=\"og:locale\" content=\"ca_ES\" \/>\n<meta property=\"og:type\" content=\"article\" \/>\n<meta property=\"og:title\" content=\"Pol\u00edtica de cookies\" \/>\n<meta property=\"og:description\" content=\"[vc_row full_width=&#8221;stretch_row&#8221; content_placement=&#8221;middle&#8221; css=&#8221;.vc_custom_1508408449153{padding-top: 20px !important;padding-bottom: 20px !important;background-image: url(https:\/\/www.autopistas.com\/wp-content\/uploads\/2017\/08\/cookies-header-def.jpg?id=24481) !important;background-position: center !important;background-repeat: no-repeat !important;background-size: cover !important;}&#8221; el_class=&#8221;texto-blanco banner-principal&#8221;][vc_column width=&#8221;7\/12&#8243; css=&#8221;.vc_custom_1501672502501{padding-top: 0px !important;}&#8221;][vc_custom_heading text=&#8221;Pol\u00edtica de cookies&#8221; font_container=&#8221;tag:h1|text_align:left|color:%23ffffff&#8221; use_theme_fonts=&#8221;yes&#8221; el_class=&#8221;titulo6 sombra-titulo&#8221; css=&#8221;.vc_custom_1508408341629{margin-top: 0px !important;margin-bottom: 0px !important;}&#8221;][vc_column_text css=&#8221;.vc_custom_1503923860984{margin-bottom: 0px !important;}&#8221; el_class=&#8221;sombra-titulo titulo8 linea-estrecha&#8221;][\/vc_column_text][\/vc_column][\/vc_row][vc_row content_placement=&#8221;top&#8221; el_class=&#8221;migadepan hidden-xs&#8221; css=&#8221;.vc_custom_1499096013909{margin-bottom: 35px !important;}&#8221;][vc_column css=&#8221;.vc_custom_1499096001229{padding-top: 18px !important;}&#8221;][vc_column_text css=&#8221;.vc_custom_1499095990112{margin-top: 0px !important;margin-bottom: 0px !important;}&#8221;][\/vc_column_text][\/vc_column][\/vc_row][vc_row css=&#8221;.vc_custom_1508408585895{margin-top: ...\" \/>\n<meta property=\"og:url\" content=\"https:\/\/www.autopistas.com\/ca\/politica-de-cookies\/\" \/>\n<meta property=\"og:site_name\" content=\"Autopistas\" \/>\n<meta property=\"article:modified_time\" content=\"2020-02-20T12:06:43+00:00\" \/>\n<meta name=\"twitter:card\" content=\"summary_large_image\" \/>\n<meta name=\"twitter:label1\" content=\"Temps estimat de lectura\" \/>\n\t<meta name=\"twitter:data1\" content=\"8 minuts\" \/>\n<script type=\"application\/ld+json\" class=\"yoast-schema-graph\">{\"@context\":\"https:\/\/schema.org\",\"@graph\":[{\"@type\":\"WebPage\",\"@id\":\"https:\/\/www.autopistas.com\/ca\/politica-de-cookies\/\",\"url\":\"https:\/\/www.autopistas.com\/ca\/politica-de-cookies\/\",\"name\":\"Pol\u00edtica de cookies | Autopistas\",\"isPartOf\":{\"@id\":\"https:\/\/www.autopistas.com\/ca\/#website\"},\"datePublished\":\"2017-08-24T16:45:37+00:00\",\"dateModified\":\"2020-02-20T12:06:43+00:00\",\"breadcrumb\":{\"@id\":\"https:\/\/www.autopistas.com\/ca\/politica-de-cookies\/#breadcrumb\"},\"inLanguage\":\"ca\",\"potentialAction\":[{\"@type\":\"ReadAction\",\"target\":[\"https:\/\/www.autopistas.com\/ca\/politica-de-cookies\/\"]}]},{\"@type\":\"BreadcrumbList\",\"@id\":\"https:\/\/www.autopistas.com\/ca\/politica-de-cookies\/#breadcrumb\",\"itemListElement\":[{\"@type\":\"ListItem\",\"position\":1,\"name\":\"Portada\",\"item\":\"https:\/\/www.autopistas.com\/ca\/\"},{\"@type\":\"ListItem\",\"position\":2,\"name\":\"Pol\u00edtica de cookies\"}]},{\"@type\":\"WebSite\",\"@id\":\"https:\/\/www.autopistas.com\/ca\/#website\",\"url\":\"https:\/\/www.autopistas.com\/ca\/\",\"name\":\"Autopistas\",\"description\":\"Autopistas, Contigo Hasta Donde Quieras Llegar\",\"potentialAction\":[{\"@type\":\"SearchAction\",\"target\":{\"@type\":\"EntryPoint\",\"urlTemplate\":\"https:\/\/www.autopistas.com\/ca\/?s={search_term_string}\"},\"query-input\":\"required name=search_term_string\"}],\"inLanguage\":\"ca\"}]}<\/script>\n<!-- \/ Yoast SEO Premium plugin. -->","yoast_head_json":{"title":"Pol\u00edtica de cookies | Autopistas","robots":{"index":"index","follow":"follow","max-snippet":"max-snippet:-1","max-image-preview":"max-image-preview:large","max-video-preview":"max-video-preview:-1"},"canonical":"https:\/\/www.autopistas.com\/ca\/politica-de-cookies\/","og_locale":"ca_ES","og_type":"article","og_title":"Pol\u00edtica de cookies","og_description":"[vc_row full_width=&#8221;stretch_row&#8221; content_placement=&#8221;middle&#8221; css=&#8221;.vc_custom_1508408449153{padding-top: 20px !important;padding-bottom: 20px !important;background-image: url(https:\/\/www.autopistas.com\/wp-content\/uploads\/2017\/08\/cookies-header-def.jpg?id=24481) !important;background-position: center !important;background-repeat: no-repeat !important;background-size: cover !important;}&#8221; el_class=&#8221;texto-blanco banner-principal&#8221;][vc_column width=&#8221;7\/12&#8243; css=&#8221;.vc_custom_1501672502501{padding-top: 0px !important;}&#8221;][vc_custom_heading text=&#8221;Pol\u00edtica de cookies&#8221; font_container=&#8221;tag:h1|text_align:left|color:%23ffffff&#8221; use_theme_fonts=&#8221;yes&#8221; el_class=&#8221;titulo6 sombra-titulo&#8221; css=&#8221;.vc_custom_1508408341629{margin-top: 0px !important;margin-bottom: 0px !important;}&#8221;][vc_column_text css=&#8221;.vc_custom_1503923860984{margin-bottom: 0px !important;}&#8221; el_class=&#8221;sombra-titulo titulo8 linea-estrecha&#8221;][\/vc_column_text][\/vc_column][\/vc_row][vc_row content_placement=&#8221;top&#8221; el_class=&#8221;migadepan hidden-xs&#8221; css=&#8221;.vc_custom_1499096013909{margin-bottom: 35px !important;}&#8221;][vc_column css=&#8221;.vc_custom_1499096001229{padding-top: 18px !important;}&#8221;][vc_column_text css=&#8221;.vc_custom_1499095990112{margin-top: 0px !important;margin-bottom: 0px !important;}&#8221;][\/vc_column_text][\/vc_column][\/vc_row][vc_row css=&#8221;.vc_custom_1508408585895{margin-top: ...","og_url":"https:\/\/www.autopistas.com\/ca\/politica-de-cookies\/","og_site_name":"Autopistas","article_modified_time":"2020-02-20T12:06:43+00:00","twitter_card":"summary_large_image","twitter_misc":{"Temps estimat de lectura":"8 minuts"},"schema":{"@context":"https:\/\/schema.org","@graph":[{"@type":"WebPage","@id":"https:\/\/www.autopistas.com\/ca\/politica-de-cookies\/","url":"https:\/\/www.autopistas.com\/ca\/politica-de-cookies\/","name":"Pol\u00edtica de cookies | Autopistas","isPartOf":{"@id":"https:\/\/www.autopistas.com\/ca\/#website"},"datePublished":"2017-08-24T16:45:37+00:00","dateModified":"2020-02-20T12:06:43+00:00","breadcrumb":{"@id":"https:\/\/www.autopistas.com\/ca\/politica-de-cookies\/#breadcrumb"},"inLanguage":"ca","potentialAction":[{"@type":"ReadAction","target":["https:\/\/www.autopistas.com\/ca\/politica-de-cookies\/"]}]},{"@type":"BreadcrumbList","@id":"https:\/\/www.autopistas.com\/ca\/politica-de-cookies\/#breadcrumb","itemListElement":[{"@type":"ListItem","position":1,"name":"Portada","item":"https:\/\/www.autopistas.com\/ca\/"},{"@type":"ListItem","position":2,"name":"Pol\u00edtica de cookies"}]},{"@type":"WebSite","@id":"https:\/\/www.autopistas.com\/ca\/#website","url":"https:\/\/www.autopistas.com\/ca\/","name":"Autopistas","description":"Autopistas, Contigo Hasta Donde Quieras Llegar","potentialAction":[{"@type":"SearchAction","target":{"@type":"EntryPoint","urlTemplate":"https:\/\/www.autopistas.com\/ca\/?s={search_term_string}"},"query-input":"required name=search_term_string"}],"inLanguage":"ca"}]}},"_links":{"self":[{"href":"https:\/\/www.autopistas.com\/ca\/wp-json\/wp\/v2\/pages\/25729"}],"collection":[{"href":"https:\/\/www.autopistas.com\/ca\/wp-json\/wp\/v2\/pages"}],"about":[{"href":"https:\/\/www.autopistas.com\/ca\/wp-json\/wp\/v2\/types\/page"}],"author":[{"embeddable":true,"href":"https:\/\/www.autopistas.com\/ca\/wp-json\/wp\/v2\/users\/1"}],"replies":[{"embeddable":true,"href":"https:\/\/www.autopistas.com\/ca\/wp-json\/wp\/v2\/comments?post=25729"}],"version-history":[{"count":10,"href":"https:\/\/www.autopistas.com\/ca\/wp-json\/wp\/v2\/pages\/25729\/revisions"}],"predecessor-version":[{"id":57707,"href":"https:\/\/www.autopistas.com\/ca\/wp-json\/wp\/v2\/pages\/25729\/revisions\/57707"}],"wp:attachment":[{"href":"https:\/\/www.autopistas.com\/ca\/wp-json\/wp\/v2\/media?parent=25729"}],"curies":[{"name":"wp","href":"https:\/\/api.w.org\/{rel}","templated":true}]}}