{"id":25740,"date":"2017-08-24T18:51:24","date_gmt":"2017-08-24T16:51:24","guid":{"rendered":"https:\/\/www.autopistas.com\/avis-legal\/"},"modified":"2023-06-23T09:54:06","modified_gmt":"2023-06-23T07:54:06","slug":"avis-legal","status":"publish","type":"page","link":"https:\/\/www.autopistas.com\/ca\/avis-legal\/","title":{"rendered":"Av\u00eds Legal"},"content":{"rendered":"<div class=\"wpb-content-wrapper\"><p>[vc_row full_width=&#8221;stretch_row&#8221; content_placement=&#8221;middle&#8221; css=&#8221;.vc_custom_1503600362198{background-image: url(https:\/\/www.autopistas.com\/wp-content\/uploads\/2017\/08\/politica-cookies-header.png?id=12986) !important;background-position: center !important;background-repeat: no-repeat !important;background-size: cover !important;}&#8221; el_class=&#8221;texto-blanco banner-principal hidden&#8221;][vc_column width=&#8221;7\/12&#8243; css=&#8221;.vc_custom_1499094512168{padding-top: 0px !important;}&#8221;][vc_custom_heading text=&#8221;Av\u00eds Legal&#8221; font_container=&#8221;tag:h1|text_align:left|color:%23ffffff&#8221; use_theme_fonts=&#8221;yes&#8221; el_class=&#8221;titulo6 sombra-titulo&#8221; css=&#8221;.vc_custom_1503600702802{margin-top: 0px !important;margin-bottom: 0px !important;}&#8221;][\/vc_column][\/vc_row][vc_row content_placement=&#8221;top&#8221; el_class=&#8221;migadepan hidden-xs&#8221; css=&#8221;.vc_custom_1499096013909{margin-bottom: 35px !important;}&#8221;][vc_column css=&#8221;.vc_custom_1499096001229{padding-top: 18px !important;}&#8221;][vc_column_text css=&#8221;.vc_custom_1499095990112{margin-top: 0px !important;margin-bottom: 0px !important;}&#8221;]<ul id=\"migadepan\" class=\"migadepan\"><li class=\"item-home\"><a class=\"bread-link bread-home\" href=\"https:\/\/www.autopistas.com\/ca\/\" title=\"Home\">Home<\/a><\/li><li class=\"separator separator-home\"> <span class=\"glyphicon glyphicon-menu-right\"><\/span> <\/li><\/ul>[\/vc_column_text][\/vc_column][\/vc_row][vc_row][vc_column][vc_custom_heading text=&#8221;Av\u00eds Legal&#8221; font_container=&#8221;tag:h2|text_align:center|color:%23f58220&#8243; use_theme_fonts=&#8221;yes&#8221; el_class=&#8221;titulo5 texto-naranja&#8221; css=&#8221;.vc_custom_1505833566139{margin-top: 0px !important;margin-bottom: 40px !important;}&#8221;][\/vc_column][\/vc_row][vc_row content_placement=&#8221;top&#8221; el_class=&#8221;aviso-legal texto-cuerpo&#8221;][vc_column offset=&#8221;vc_col-lg-12 vc_col-md-12 vc_col-xs-12&#8243;][vc_column_text css=&#8221;.vc_custom_1529332929379{margin-bottom: 10px !important;}&#8221; el_class=&#8221;texto-cuerpo2&#8243;]L\u2019acc\u00e9s al web d\u2019<strong>Abertis A<\/strong><strong>utopistas Espa\u00f1a<\/strong>\u00a0SA Unipersonal (d\u2019ara endavant\u00a0<strong>Autopistas<\/strong>) i la informaci\u00f3 relativa a qualsevol dels productes i serveis continguts en aquesta comporta la submissi\u00f3 i l\u2019acceptaci\u00f3 de les condicions previstes en aquest Av\u00eds Legal. Per aix\u00f2, et recomanem que et llegeixis atentament el contingut si vols accedir i fer \u00fas de la informaci\u00f3 i els serveis oferts al web d\u2019<strong>Autopistas<\/strong>.<\/p>\n<p>Les condicions recollides a continuaci\u00f3 s\u00f3n les vigents des de la data de la seva \u00faltima actualitzaci\u00f3. No obstant aix\u00f2,\u00a0<strong>Autopistas\u00a0<\/strong>es reserva el dret d\u2019actualitzar, modificar, o eliminar en qualsevol moment la informaci\u00f3 continguda en el seu web, i fins i tot pot limitar o no permetre l\u2019acc\u00e9s a aquesta informaci\u00f3 sense av\u00eds previ, especialment quan sorgeixin dificultats t\u00e8cniques que a criteri d\u2019autopistas Espa\u00f1a disminueixin o anul\u00b7lin els nivells de seguretat est\u00e0ndards adoptats per al funcionament adequat.[\/vc_column_text][\/vc_column][\/vc_row][vc_row equal_height=&#8221;yes&#8221; content_placement=&#8221;top&#8221; el_class=&#8221;detalles texto-cuerpo canal-etico&#8221; css=&#8221;.vc_custom_1505830764933{padding-top: 40px !important;padding-bottom: 40px !important;}&#8221;][vc_column width=&#8221;1\/4&#8243; el_class=&#8221;titulo linea-media&#8221; css=&#8221;.vc_custom_1501761105008{padding-right: 25px !important;}&#8221;][vc_column_text]1.- Titularitat del web[\/vc_column_text][\/vc_column][vc_column width=&#8221;3\/4&#8243;][vc_column_text]Aquest web \u00e9s titularitat d\u2019<strong>Abertis Autopistas Espa\u00f1a<\/strong>\u00a0SA Unipersonal, empresa espanyola amb domicili a Paseo de la Castellana, n\u00ba 89, 9\u00aa (28046) Madrid, amb n\u00famero d\u2019identificaci\u00f3 fiscal A-81545790 i inscrita al Registre Mercantil de Madrid, volum 36600, foli 146, full M-179523, inscripci\u00f3 14a, en data 14 de Novembre\u00a0de 2017.<\/p>\n<p>L\u2019adre\u00e7a de correu electr\u00f2nic per a aquest lloc a Internet \u00e9s<br \/>\n<a href=\"mailto:autopistas@autopistas.com\">autopistas@autopistas.com<\/a>.[\/vc_column_text][\/vc_column][\/vc_row][vc_row equal_height=&#8221;yes&#8221; content_placement=&#8221;top&#8221; el_class=&#8221;detalles texto-cuerpo canal-etico&#8221;][vc_column width=&#8221;1\/4&#8243; el_class=&#8221;titulo linea-media&#8221; css=&#8221;.vc_custom_1501761116992{padding-right: 25px !important;}&#8221;][vc_column_text]2.- Propietat industrial i intel\u00b7lectual[\/vc_column_text][\/vc_column][vc_column width=&#8221;3\/4&#8243;][vc_column_text]Tots els continguts del web d\u2019<strong>Autopistas,<\/strong>\u00a0entenent-se a t\u00edtol merament enunciatiu els textos, documents, fotografies, dibuixos, imatges, icones, representacions gr\u00e0fiques, continguts audiovisuals o sonors, aix\u00ed com el seu disseny gr\u00e0fic i codi font, les marques, noms comercials o altres signes distintius, s\u00f3n titularitat exclusiva d\u2019<strong>Autopistas\u00a0<\/strong>o de tercers i estan protegits per les lleis de propietat industrial i intel\u00b7lectual, excepte que s\u2019especifiqui el contrari.<\/p>\n<p>Conseq\u00fcentment l\u2019usuari haur\u00e0 de respectar en tot moment tots els drets de propietat intel\u00b7lectual i industrial sobre el web d\u2019<strong>Autopistas\u00a0<\/strong>que siguin titularitat exclusiva d\u2019<strong>Autopistas\u00a0<\/strong>o de tercers.<\/p>\n<p>Queda estrictament prohibida qualsevol modalitat d\u2019explotaci\u00f3, reproducci\u00f3, distribuci\u00f3, modificaci\u00f3, comunicaci\u00f3 p\u00fablica, cessi\u00f3 o transformaci\u00f3 o qualsevol altra forma de difusi\u00f3 de la informaci\u00f3 o elements continguts al web d\u2019<strong>Autopistas\u00a0<\/strong>mencionats en aquest apartat, per mitj\u00e0 de qualsevol suport i mitj\u00e0, no autoritzat expressament i pr\u00e8viament pels seus respectius titulars. El contingut d\u2019aquest web nom\u00e9s es podr\u00e0 descarregar al terminal de l\u2019usuari sempre que sigui per al seu \u00fas privat i sense cap fi comercial.<\/p>\n<p>La infracci\u00f3 de qualsevol dels drets citats pot constituir una vulneraci\u00f3 d\u2019aquestes condicions, de les lleis de propietat industrial i intel\u00b7lectual, aix\u00ed com un delicte castigat d\u2019acord amb els articles 270 i seg\u00fcents del Codi Penal.[\/vc_column_text][\/vc_column][\/vc_row][vc_row equal_height=&#8221;yes&#8221; content_placement=&#8221;top&#8221; el_class=&#8221;detalles texto-cuerpo canal-etico&#8221;][vc_column width=&#8221;1\/4&#8243; el_class=&#8221;titulo linea-media&#8221; css=&#8221;.vc_custom_1501761116992{padding-right: 25px !important;}&#8221;][vc_column_text]3.- Responsabilitats[\/vc_column_text][\/vc_column][vc_column width=&#8221;3\/4&#8243;][vc_column_text]<strong>Autopistas\u00a0<\/strong>no garanteix l\u2019acc\u00e9s continuat, ni la correcta visualitzaci\u00f3, desc\u00e0rrega o utilitat dels elements i la informaci\u00f3 continguts al web d\u2019<strong>Autopistas<\/strong>, que poden veure\u2019s impedits, dificultats o interromputs per factors o circumst\u00e0ncies fora del seu control.<\/p>\n<p><strong>Autopistas\u00a0<\/strong>no \u00e9s responsable de la informaci\u00f3 i la resta de continguts integrats en espais o p\u00e0gines web de tercers accessibles des del web d\u2019<strong>Autopistas\u00a0<\/strong>per mitj\u00e0 d\u2019enlla\u00e7os, hipervincles o links, ni de la informaci\u00f3 i els continguts de qualsevol p\u00e0gina web de tercers que es presenti sota l\u2019aparen\u00e7a o signes distintius d\u2019<strong>Autopistas<\/strong>.<\/p>\n<p><strong>Autopistas\u00a0<\/strong>no assumeix cap responsabilitat amb relaci\u00f3 a la informaci\u00f3, els continguts de qualsevol tipus, productes i serveis oferts o prestats a trav\u00e9s del web d\u2019<strong>Autopistas\u00a0<\/strong>per terceres persones o entitats, encara que pertanyin al seu mateix grup econ\u00f2mic, i en especial pels danys i el perjudici de qualsevol tipus que, vinculats a l\u2019anterior, es puguin produir per: (i) abs\u00e8ncia o defici\u00e8ncies en la informaci\u00f3 facilitada als usuaris o en la seva veracitat, exactitud i sufici\u00e8ncia; (ii) incompliment o compliment defectu\u00f3s o impuntual dels contractes o relacions precontractuals; (iii) incompliment de les obligacions que incumbeixin als prestadors de serveis de la societat de la informaci\u00f3; (iv) infracci\u00f3 dels drets dels consumidors i usuaris; (v) infracci\u00f3 dels drets de propietat intel\u00b7lectual i industrial; realitzaci\u00f3 d\u2019actes de compet\u00e8ncia deslleial o de publicitat il\u00b7l\u00edcita; (vi) infracci\u00f3 del dret de protecci\u00f3 de dades; del secret professional i dels drets a l\u2019honor, a la intimitat personal i familiar i a la imatge de les persones; i (vii) en general l\u2019incompliment de qualssevol lleis, costums o codis de conducta que siguin aplicables.<\/p>\n<p><strong>Autopistas\u00a0<\/strong>no assumeix cap responsabilitat ja sigui per danys, perjudicis, p\u00e8rdues, reclamacions o despeses produ\u00efts per: (i) interfer\u00e8ncies, interrupcions, fallades, omissions, avaries telef\u00f2niques, retards, bloquejos o desconnexions en el funcionament del sistema electr\u00f2nic, motivats per defici\u00e8ncies, sobrec\u00e0rregues i errors en les l\u00ednies i xarxes de telecomunicacions, o per qualsevol altra causa aliena al control d\u2019<strong>Autopistas<\/strong>; (ii) intromissions il\u00b7leg\u00edtimes per mitj\u00e0 de l\u2019\u00fas de programes malignes de qualsevol tipus i a trav\u00e9s de qualsevol mitj\u00e0 de comunicaci\u00f3, com ara virus inform\u00e0tics o qualssevol altres; (iii) \u00fas indegut o inadequat del web d\u2019autopistas Espa\u00f1a; (iv) errors de seguretat o navegaci\u00f3 produ\u00efts per un mal funcionament del navegador o per l\u2019\u00fas de versions no actualitzades d\u2019aquest.<\/p>\n<p>En tot cas, l\u2019usuari del web d\u2019<strong>Autopistas\u00a0<\/strong>ser\u00e0 responsable dels danys i perjudicis de tota naturalesa que\u00a0<strong>Autopistas\u00a0<\/strong>pugui patir com a conseq\u00fc\u00e8ncia de l\u2019incompliment per part de l\u2019usuari de les obligacions a qu\u00e8 queda sotm\u00e8s per aquest Av\u00eds Legal, o per les condicions particulars que se li apliquin.[\/vc_column_text][\/vc_column][\/vc_row][vc_row equal_height=&#8221;yes&#8221; content_placement=&#8221;top&#8221; el_class=&#8221;detalles texto-cuerpo canal-etico&#8221;][vc_column width=&#8221;1\/4&#8243; el_class=&#8221;titulo linea-media&#8221; css=&#8221;.vc_custom_1501761116992{padding-right: 25px !important;}&#8221;][vc_column_text]4.- Pol\u00edtica de seguretat[\/vc_column_text][\/vc_column][vc_column width=&#8221;3\/4&#8243;][vc_column_text]\u00c9s totalment prohibit crear enlla\u00e7os a la p\u00e0gina web d\u2019<strong>Autopistas\u00a0<\/strong>des de terceres p\u00e0gines web sense l\u2019autoritzaci\u00f3 expressa i per escrit d\u2019<strong>Autopistas.<\/strong><\/p>\n<p>L\u2019acc\u00e9s al web no implica l\u2019obligaci\u00f3 per part d\u2019<strong>Autopistas\u00a0<\/strong>de controlar l\u2019abs\u00e8ncia de virus o de qualsevol altre element inform\u00e0tic dany\u00f3s. En tot cas, correspon a l\u2019usuari disposar de les eines adequades per a la detenci\u00f3 i la desinfecci\u00f3 de programes inform\u00e0tics danyosos.<\/p>\n<p><strong>Autopistas\u00a0<\/strong>no es responsabilitza dels danys produ\u00efts en els equips inform\u00e0tics dels usuaris o de tercers durant la prestaci\u00f3 del servei del portal.[\/vc_column_text][\/vc_column][\/vc_row][vc_row equal_height=&#8221;yes&#8221; content_placement=&#8221;top&#8221; el_class=&#8221;detalles texto-cuerpo canal-etico&#8221;][vc_column width=&#8221;1\/4&#8243; el_class=&#8221;titulo linea-media&#8221; css=&#8221;.vc_custom_1501761116992{padding-right: 25px !important;}&#8221;][vc_column_text]5.- Legislaci\u00f3 i jurisdicci\u00f3 aplicable[\/vc_column_text][\/vc_column][vc_column width=&#8221;3\/4&#8243;][vc_column_text]<\/p>\n<p>Aquestes condicions queden subjectes a l&#8217;ordenaci\u00f3 jur\u00eddica espanyola.<\/p>\n<p><strong>Autopistas<\/strong> i l&#8217;usuari, amb ren\u00fancia expressa a qualsevol altre fur que els pogu\u00e9s correspondre, se sotmeten a la Jurisdicci\u00f3 dels Jutjats i Tribunals del domicili de l&#8217;usuari per a totes les q\u00fcestions que es puguin suscitar o accions exercitar derivades de la prestaci\u00f3 del servei del Web i dels seus serveis i continguts i sobre la interpretaci\u00f3, aplicaci\u00f3, compliment o incompliment del que s&#8217;estableix aqu\u00ed. En cas que l&#8217;Usuari tingui el domicili fora d&#8217;Espanya, <strong>Autopistas<\/strong> i l&#8217;Usuari, amb ren\u00fancia expressa a qualsevol altre fur que els pugui correspondre, se sotmeten a la Jurisdicci\u00f3 dels Jutjats i Tribunals de Barcelona.<\/p>\n<p>[\/vc_column_text][\/vc_column][\/vc_row][vc_row equal_height=&#8221;yes&#8221; content_placement=&#8221;top&#8221; el_class=&#8221;detalles texto-cuerpo canal-etico&#8221;][vc_column width=&#8221;1\/4&#8243; el_class=&#8221;titulo linea-media&#8221; css=&#8221;.vc_custom_1501761116992{padding-right: 25px !important;}&#8221;][vc_column_text]6.- Declaraci\u00f3 del domini set[\/vc_column_text][\/vc_column][vc_column width=&#8221;3\/4&#8243;][vc_column_text]Declaraci\u00f3 del domini del SET per a cada concession\u00e0ria:<\/p>\n<p><a href=\"\/wp-content\/uploads\/2022\/04\/declaracion_de_domino_set_aucat.pdf\" target=\"_blank&quot;\" rel=\"noopener noreferrer\">aucat<\/a> | <a href=\"\/wp-content\/uploads\/2022\/04\/declaracion_de_domino_set_aulesa.pdf\" target=\"_blank&quot;\" rel=\"noopener noreferrer\">aulesa<\/a> | <a href=\"\/wp-content\/uploads\/2022\/04\/declaracion_de_domino_set_castellana.pdf\" target=\"_blank\" rel=\"noopener noreferrer\">castellana<\/a> | <a href=\"\/wp-content\/uploads\/2022\/04\/declaracion_de_domino_set_avasa.pdf\" target=\"_blank&quot;\" rel=\"noopener noreferrer\">avasa<\/a>[\/vc_column_text][\/vc_column][\/vc_row][vc_row content_placement=&#8221;top&#8221; el_class=&#8221;banner-footer&#8221;][vc_column][atpbanners banner_id=&#8221;random&#8221; full_width=&#8221;true&#8221; columns_number=&#8221;12&#8243;][\/vc_column][\/vc_row]<\/p>\n<\/div>","protected":false},"excerpt":{"rendered":"<p>[vc_row full_width=&#8221;stretch_row&#8221; content_placement=&#8221;middle&#8221; css=&#8221;.vc_custom_1503600362198{background-image: url(https:\/\/www.autopistas.com\/wp-content\/uploads\/2017\/08\/politica-cookies-header.png?id=12986) !important;background-position: center !important;background-repeat: no-repeat !important;background-size: cover !important;}&#8221; el_class=&#8221;texto-blanco banner-principal hidden&#8221;][vc_column width=&#8221;7\/12&#8243; css=&#8221;.vc_custom_1499094512168{padding-top: 0px !important;}&#8221;][vc_custom_heading text=&#8221;Av\u00eds Legal&#8221; font_container=&#8221;tag:h1|text_align:left|color:%23ffffff&#8221; use_theme_fonts=&#8221;yes&#8221; el_class=&#8221;titulo6 sombra-titulo&#8221; css=&#8221;.vc_custom_1503600702802{margin-top: 0px !important;margin-bottom: 0px !important;}&#8221;][\/vc_column][\/vc_row][vc_row content_placement=&#8221;top&#8221; el_class=&#8221;migadepan hidden-xs&#8221; css=&#8221;.vc_custom_1499096013909{margin-bottom: 35px !important;}&#8221;][vc_column css=&#8221;.vc_custom_1499096001229{padding-top: 18px !important;}&#8221;][vc_column_text css=&#8221;.vc_custom_1499095990112{margin-top: 0px !important;margin-bottom: 0px !important;}&#8221;][\/vc_column_text][\/vc_column][\/vc_row][vc_row][vc_column][vc_custom_heading text=&#8221;Av\u00eds Legal&#8221; font_container=&#8221;tag:h2|text_align:center|color:%23f58220&#8243; use_theme_fonts=&#8221;yes&#8221; el_class=&#8221;titulo5 texto-naranja&#8221; css=&#8221;.vc_custom_1505833566139{margin-top: 0px !important;margin-bottom: 40px !important;}&#8221;][\/vc_column][\/vc_row][vc_row &#8230;<\/p>\n","protected":false},"author":1,"featured_media":0,"parent":0,"menu_order":0,"comment_status":"closed","ping_status":"closed","template":"","meta":{"footnotes":""},"yoast_head":"<!-- This site is optimized with the Yoast SEO Premium plugin v19.5 (Yoast SEO v19.10) - https:\/\/yoast.com\/wordpress\/plugins\/seo\/ -->\n<title>Av\u00eds Legal | Autopistas<\/title>\n<meta name=\"robots\" content=\"index, follow, max-snippet:-1, max-image-preview:large, max-video-preview:-1\" \/>\n<link rel=\"canonical\" href=\"https:\/\/www.autopistas.com\/ca\/avis-legal\/\" \/>\n<meta property=\"og:locale\" content=\"ca_ES\" \/>\n<meta property=\"og:type\" content=\"article\" \/>\n<meta property=\"og:title\" content=\"Av\u00eds Legal\" \/>\n<meta property=\"og:description\" content=\"[vc_row full_width=&#8221;stretch_row&#8221; content_placement=&#8221;middle&#8221; css=&#8221;.vc_custom_1503600362198{background-image: url(https:\/\/www.autopistas.com\/wp-content\/uploads\/2017\/08\/politica-cookies-header.png?id=12986) !important;background-position: center !important;background-repeat: no-repeat !important;background-size: cover !important;}&#8221; el_class=&#8221;texto-blanco banner-principal hidden&#8221;][vc_column width=&#8221;7\/12&#8243; css=&#8221;.vc_custom_1499094512168{padding-top: 0px !important;}&#8221;][vc_custom_heading text=&#8221;Av\u00eds Legal&#8221; font_container=&#8221;tag:h1|text_align:left|color:%23ffffff&#8221; use_theme_fonts=&#8221;yes&#8221; el_class=&#8221;titulo6 sombra-titulo&#8221; css=&#8221;.vc_custom_1503600702802{margin-top: 0px !important;margin-bottom: 0px !important;}&#8221;][\/vc_column][\/vc_row][vc_row content_placement=&#8221;top&#8221; el_class=&#8221;migadepan hidden-xs&#8221; css=&#8221;.vc_custom_1499096013909{margin-bottom: 35px !important;}&#8221;][vc_column css=&#8221;.vc_custom_1499096001229{padding-top: 18px !important;}&#8221;][vc_column_text css=&#8221;.vc_custom_1499095990112{margin-top: 0px !important;margin-bottom: 0px !important;}&#8221;][\/vc_column_text][\/vc_column][\/vc_row][vc_row][vc_column][vc_custom_heading text=&#8221;Av\u00eds Legal&#8221; font_container=&#8221;tag:h2|text_align:center|color:%23f58220&#8243; use_theme_fonts=&#8221;yes&#8221; el_class=&#8221;titulo5 texto-naranja&#8221; css=&#8221;.vc_custom_1505833566139{margin-top: 0px !important;margin-bottom: 40px !important;}&#8221;][\/vc_column][\/vc_row][vc_row ...\" \/>\n<meta property=\"og:url\" content=\"https:\/\/www.autopistas.com\/ca\/avis-legal\/\" \/>\n<meta property=\"og:site_name\" content=\"Autopistas\" \/>\n<meta property=\"article:modified_time\" content=\"2023-06-23T07:54:06+00:00\" \/>\n<meta name=\"twitter:card\" content=\"summary_large_image\" \/>\n<meta name=\"twitter:label1\" content=\"Temps estimat de lectura\" \/>\n\t<meta name=\"twitter:data1\" content=\"6 minuts\" \/>\n<script type=\"application\/ld+json\" class=\"yoast-schema-graph\">{\"@context\":\"https:\/\/schema.org\",\"@graph\":[{\"@type\":\"WebPage\",\"@id\":\"https:\/\/www.autopistas.com\/ca\/avis-legal\/\",\"url\":\"https:\/\/www.autopistas.com\/ca\/avis-legal\/\",\"name\":\"Av\u00eds Legal | Autopistas\",\"isPartOf\":{\"@id\":\"https:\/\/www.autopistas.com\/ca\/#website\"},\"datePublished\":\"2017-08-24T16:51:24+00:00\",\"dateModified\":\"2023-06-23T07:54:06+00:00\",\"breadcrumb\":{\"@id\":\"https:\/\/www.autopistas.com\/ca\/avis-legal\/#breadcrumb\"},\"inLanguage\":\"ca\",\"potentialAction\":[{\"@type\":\"ReadAction\",\"target\":[\"https:\/\/www.autopistas.com\/ca\/avis-legal\/\"]}]},{\"@type\":\"BreadcrumbList\",\"@id\":\"https:\/\/www.autopistas.com\/ca\/avis-legal\/#breadcrumb\",\"itemListElement\":[{\"@type\":\"ListItem\",\"position\":1,\"name\":\"Portada\",\"item\":\"https:\/\/www.autopistas.com\/ca\/\"},{\"@type\":\"ListItem\",\"position\":2,\"name\":\"Av\u00eds Legal\"}]},{\"@type\":\"WebSite\",\"@id\":\"https:\/\/www.autopistas.com\/ca\/#website\",\"url\":\"https:\/\/www.autopistas.com\/ca\/\",\"name\":\"Autopistas\",\"description\":\"Autopistas, Contigo Hasta Donde Quieras Llegar\",\"potentialAction\":[{\"@type\":\"SearchAction\",\"target\":{\"@type\":\"EntryPoint\",\"urlTemplate\":\"https:\/\/www.autopistas.com\/ca\/?s={search_term_string}\"},\"query-input\":\"required name=search_term_string\"}],\"inLanguage\":\"ca\"}]}<\/script>\n<!-- \/ Yoast SEO Premium plugin. -->","yoast_head_json":{"title":"Av\u00eds Legal | Autopistas","robots":{"index":"index","follow":"follow","max-snippet":"max-snippet:-1","max-image-preview":"max-image-preview:large","max-video-preview":"max-video-preview:-1"},"canonical":"https:\/\/www.autopistas.com\/ca\/avis-legal\/","og_locale":"ca_ES","og_type":"article","og_title":"Av\u00eds Legal","og_description":"[vc_row full_width=&#8221;stretch_row&#8221; content_placement=&#8221;middle&#8221; css=&#8221;.vc_custom_1503600362198{background-image: url(https:\/\/www.autopistas.com\/wp-content\/uploads\/2017\/08\/politica-cookies-header.png?id=12986) !important;background-position: center !important;background-repeat: no-repeat !important;background-size: cover !important;}&#8221; el_class=&#8221;texto-blanco banner-principal hidden&#8221;][vc_column width=&#8221;7\/12&#8243; css=&#8221;.vc_custom_1499094512168{padding-top: 0px !important;}&#8221;][vc_custom_heading text=&#8221;Av\u00eds Legal&#8221; font_container=&#8221;tag:h1|text_align:left|color:%23ffffff&#8221; use_theme_fonts=&#8221;yes&#8221; el_class=&#8221;titulo6 sombra-titulo&#8221; css=&#8221;.vc_custom_1503600702802{margin-top: 0px !important;margin-bottom: 0px !important;}&#8221;][\/vc_column][\/vc_row][vc_row content_placement=&#8221;top&#8221; el_class=&#8221;migadepan hidden-xs&#8221; css=&#8221;.vc_custom_1499096013909{margin-bottom: 35px !important;}&#8221;][vc_column css=&#8221;.vc_custom_1499096001229{padding-top: 18px !important;}&#8221;][vc_column_text css=&#8221;.vc_custom_1499095990112{margin-top: 0px !important;margin-bottom: 0px !important;}&#8221;][\/vc_column_text][\/vc_column][\/vc_row][vc_row][vc_column][vc_custom_heading text=&#8221;Av\u00eds Legal&#8221; font_container=&#8221;tag:h2|text_align:center|color:%23f58220&#8243; use_theme_fonts=&#8221;yes&#8221; el_class=&#8221;titulo5 texto-naranja&#8221; css=&#8221;.vc_custom_1505833566139{margin-top: 0px !important;margin-bottom: 40px !important;}&#8221;][\/vc_column][\/vc_row][vc_row ...","og_url":"https:\/\/www.autopistas.com\/ca\/avis-legal\/","og_site_name":"Autopistas","article_modified_time":"2023-06-23T07:54:06+00:00","twitter_card":"summary_large_image","twitter_misc":{"Temps estimat de lectura":"6 minuts"},"schema":{"@context":"https:\/\/schema.org","@graph":[{"@type":"WebPage","@id":"https:\/\/www.autopistas.com\/ca\/avis-legal\/","url":"https:\/\/www.autopistas.com\/ca\/avis-legal\/","name":"Av\u00eds Legal | Autopistas","isPartOf":{"@id":"https:\/\/www.autopistas.com\/ca\/#website"},"datePublished":"2017-08-24T16:51:24+00:00","dateModified":"2023-06-23T07:54:06+00:00","breadcrumb":{"@id":"https:\/\/www.autopistas.com\/ca\/avis-legal\/#breadcrumb"},"inLanguage":"ca","potentialAction":[{"@type":"ReadAction","target":["https:\/\/www.autopistas.com\/ca\/avis-legal\/"]}]},{"@type":"BreadcrumbList","@id":"https:\/\/www.autopistas.com\/ca\/avis-legal\/#breadcrumb","itemListElement":[{"@type":"ListItem","position":1,"name":"Portada","item":"https:\/\/www.autopistas.com\/ca\/"},{"@type":"ListItem","position":2,"name":"Av\u00eds Legal"}]},{"@type":"WebSite","@id":"https:\/\/www.autopistas.com\/ca\/#website","url":"https:\/\/www.autopistas.com\/ca\/","name":"Autopistas","description":"Autopistas, Contigo Hasta Donde Quieras Llegar","potentialAction":[{"@type":"SearchAction","target":{"@type":"EntryPoint","urlTemplate":"https:\/\/www.autopistas.com\/ca\/?s={search_term_string}"},"query-input":"required name=search_term_string"}],"inLanguage":"ca"}]}},"_links":{"self":[{"href":"https:\/\/www.autopistas.com\/ca\/wp-json\/wp\/v2\/pages\/25740"}],"collection":[{"href":"https:\/\/www.autopistas.com\/ca\/wp-json\/wp\/v2\/pages"}],"about":[{"href":"https:\/\/www.autopistas.com\/ca\/wp-json\/wp\/v2\/types\/page"}],"author":[{"embeddable":true,"href":"https:\/\/www.autopistas.com\/ca\/wp-json\/wp\/v2\/users\/1"}],"replies":[{"embeddable":true,"href":"https:\/\/www.autopistas.com\/ca\/wp-json\/wp\/v2\/comments?post=25740"}],"version-history":[{"count":41,"href":"https:\/\/www.autopistas.com\/ca\/wp-json\/wp\/v2\/pages\/25740\/revisions"}],"predecessor-version":[{"id":61142,"href":"https:\/\/www.autopistas.com\/ca\/wp-json\/wp\/v2\/pages\/25740\/revisions\/61142"}],"wp:attachment":[{"href":"https:\/\/www.autopistas.com\/ca\/wp-json\/wp\/v2\/media?parent=25740"}],"curies":[{"name":"wp","href":"https:\/\/api.w.org\/{rel}","templated":true}]}}