{"id":26922,"date":"2017-12-19T15:46:24","date_gmt":"2017-12-19T14:46:24","guid":{"rendered":"https:\/\/www.autopistas.com\/?page_id=26922"},"modified":"2025-09-01T11:14:49","modified_gmt":"2025-09-01T09:14:49","slug":"via-t","status":"publish","type":"page","link":"https:\/\/www.autopistas.com\/ca\/serveis\/via-t\/","title":{"rendered":"Via T"},"content":{"rendered":"<div class=\"wpb-content-wrapper\"><p>[vc_row full_width=&#8221;stretch_row&#8221; content_placement=&#8221;middle&#8221; css=&#8221;.vc_custom_1690206427900{background-image: url(https:\/\/www.autopistas.com\/wp-content\/uploads\/2023\/07\/VIAT_img_interna2.jpg?id=61196) !important;background-position: center !important;background-repeat: no-repeat !important;background-size: cover !important;}&#8221; el_class=&#8221;texto-blanco banner-principal&#8221;][vc_column css=&#8221;.vc_custom_1529064917905{padding-top: 0px !important;}&#8221; offset=&#8221;vc_col-lg-12 vc_col-md-12 vc_col-xs-12&#8243;][vc_custom_heading text=&#8221;Via T&#8221; font_container=&#8221;tag:h1|text_align:left|color:%23ffffff&#8221; use_theme_fonts=&#8221;yes&#8221; css=&#8221;.vc_custom_1503424004397{margin-top: 0px !important;margin-bottom: 0px !important;}&#8221; el_class=&#8221;titulo6 sombra-titulo&#8221;][vc_column_text css=&#8221;.vc_custom_1499094530812{margin-bottom: 0px !important;}&#8221; el_class=&#8221;sombra-titulo titulo8 linea-estrecha&#8221;]<span class=\"titulo7\">Viatja c\u00f2modament i sense interrupcions<\/span>[\/vc_column_text][\/vc_column][\/vc_row][vc_row content_placement=&#8221;top&#8221; el_class=&#8221;migadepan hidden-xs&#8221;][vc_column css=&#8221;.vc_custom_1499096001229{padding-top: 18px !important;}&#8221;][vc_column_text css=&#8221;.vc_custom_1499095990112{margin-top: 0px !important;margin-bottom: 0px !important;}&#8221;]<ul id=\"migadepan\" class=\"migadepan\"><li class=\"item-home\"><a class=\"bread-link bread-home\" href=\"https:\/\/www.autopistas.com\/ca\/\" title=\"Home\">Home<\/a><\/li><li class=\"separator separator-home\"> <span class=\"glyphicon glyphicon-menu-right\"><\/span> <\/li><\/ul>[\/vc_column_text][\/vc_column][\/vc_row][vc_row full_width=&#8221;stretch_row&#8221; content_placement=&#8221;middle&#8221; css=&#8221;.vc_custom_1527163994852{margin-top: 35px !important;margin-bottom: 20px !important;}&#8221;][vc_column offset=&#8221;vc_col-lg-12 vc_col-md-12 vc_col-xs-12&#8243;][vc_custom_heading text=&#8221;Via T \u00e9s el sistema de pagament per autopista m\u00e9s c\u00f2mode, r\u00e0pid, segur i sense interrupcions&#8221; font_container=&#8221;tag:h2|text_align:center|color:%23f58220&#8243; use_theme_fonts=&#8221;yes&#8221; css=&#8221;.vc_custom_1614882688919{margin-top: 0px !important;margin-bottom: 20px !important;}&#8221; el_class=&#8221;titulo5 tesxto-naranja&#8221;][\/vc_column][\/vc_row][vc_row full_width=&#8221;stretch_row_content_no_spaces&#8221; content_placement=&#8221;middle&#8221; css=&#8221;.vc_custom_1527083090396{margin-top: 50px !important;background-position: center !important;background-repeat: no-repeat !important;background-size: cover !important;}&#8221;][vc_column css=&#8221;.vc_custom_1501686834528{padding-top: 0px !important;}&#8221;][atpbanners banner_id=&#8221;2158&#8243; full_width=&#8221;true&#8221; columns_number=&#8221;12&#8243; css=&#8221;.vc_custom_1501584457736{padding-top: 40px !important;padding-right: 15px !important;padding-bottom: 40px !important;padding-left: 15px !important;}&#8221;][\/vc_column][\/vc_row][vc_row full_width=&#8221;stretch_row&#8221; el_class=&#8221;center-text texto-cuerpo&#8221; css=&#8221;.vc_custom_1527093648242{padding-top: 35px !important;background-color: #f5f5f5 !important;}&#8221;][vc_column css=&#8221;.vc_custom_1506678696909{padding-bottom: 35px !important;}&#8221;][vc_column_text css=&#8221;.vc_custom_1527093589340{margin-bottom: 0px !important;}&#8221; el_class=&#8221;titulo9&#8243;]<strong>AVANTATGES VIA T<\/strong>[\/vc_column_text][\/vc_column][\/vc_row][vc_row full_width=&#8221;stretch_row&#8221; gap=&#8221;35&#8243; equal_height=&#8221;yes&#8221; css=&#8221;.vc_custom_1527093642444{padding-top: 20px !important;background-color: #f5f5f5 !important;}&#8221; el_class=&#8221;center-text texto-cuerpo texto-cuerpo4&#8243;][vc_column width=&#8221;1\/2&#8243; offset=&#8221;vc_col-lg-4 vc_col-md-4 vc_col-xs-12&#8243; css=&#8221;.vc_custom_1527090556613{padding-top: 0px !important;}&#8221;][vc_single_image image=&#8221;29846&#8243; img_size=&#8221;&#8221; alignment=&#8221;center&#8221; css=&#8221;.vc_custom_1527079778938{margin-bottom: 15px !important;}&#8221;][vc_column_text css=&#8221;.vc_custom_1614882744684{margin-bottom: 0px !important;}&#8221;]<span class=\"texto-cuerpo5 texto-cuerpo8\">M\u00e9s segur<\/span><br \/>\n<strong>Via T<\/strong> es basa en una <strong>tecnologia avan\u00e7ada<\/strong> que garanteix la seguretat sense distraccions.<\/p>\n<p>[\/vc_column_text][\/vc_column][vc_column width=&#8221;1\/2&#8243; offset=&#8221;vc_col-lg-4 vc_col-md-4 vc_col-xs-12&#8243; css=&#8221;.vc_custom_1527090564885{padding-top: 0px !important;}&#8221;][vc_single_image image=&#8221;29671&#8243; img_size=&#8221;&#8221; alignment=&#8221;center&#8221; css=&#8221;.vc_custom_1527079784170{margin-bottom: 15px !important;}&#8221;][vc_column_text css=&#8221;.vc_custom_1614882840427{margin-bottom: 0px !important;}&#8221;]<span class=\"texto-cuerpo5 texto-cuerpo8\">Sense interrupcions<\/span><br \/>\n<strong>No necessitar\u00e0s buscar diners<\/strong> o targetes de cr\u00e8dit, baixar la finestreta, ni recollir el tiquet.[\/vc_column_text][\/vc_column][vc_column width=&#8221;1\/2&#8243; offset=&#8221;vc_col-lg-offset-0 vc_col-lg-4 vc_col-md-offset-0 vc_col-md-4 vc_col-sm-offset-3 vc_col-xs-12&#8243; css=&#8221;.vc_custom_1527090570487{padding-top: 0px !important;}&#8221;][vc_single_image image=&#8221;29593&#8243; img_size=&#8221;&#8221; alignment=&#8221;center&#8221; css=&#8221;.vc_custom_1527079798841{margin-bottom: 15px !important;}&#8221;][vc_column_text css=&#8221;.vc_custom_1527079578765{margin-bottom: 0px !important;}&#8221;]<span class=\"texto-cuerpo5 texto-cuerpo8\">M\u00e9s c\u00f2mode<\/span><br \/>\n<a href=\"https:\/\/www.autopistas.com\/ca\/serveis\/ticket-express\/\">Contracta Ticket eXpress<\/a> i rebr\u00e0s a l&#8217;instant els teus justificants de pas per correu electr\u00f2nic.[\/vc_column_text][\/vc_column][\/vc_row][vc_row full_width=&#8221;stretch_row&#8221; gap=&#8221;35&#8243; equal_height=&#8221;yes&#8221; css=&#8221;.vc_custom_1527081148344{padding-bottom: 35px !important;background-color: #f5f5f5 !important;}&#8221; el_class=&#8221;center-text texto-cuerpo texto-cuerpo4&#8243;][vc_column width=&#8221;1\/2&#8243; offset=&#8221;vc_col-lg-offset-2 vc_col-lg-4 vc_col-md-offset-2 vc_col-md-4 vc_col-xs-12&#8243; css=&#8221;.vc_custom_1527090574998{padding-top: 0px !important;}&#8221;][vc_single_image image=&#8221;29668&#8243; img_size=&#8221;&#8221; alignment=&#8221;center&#8221; css=&#8221;.vc_custom_1527079822026{margin-bottom: 15px !important;}&#8221;][vc_column_text css=&#8221;.vc_custom_1614882891266{margin-bottom: 0px !important;}&#8221;]<span class=\"texto-cuerpo5 texto-cuerpo8\">Millor per al medi ambient<\/span><br \/>\nSi no atures el vehicle, reduir\u00e0s l\u2019emissi\u00f3 de gasos contaminants i consumir\u00e0s <strong>menys combustible<\/strong>.[\/vc_column_text][\/vc_column][vc_column width=&#8221;1\/2&#8243; offset=&#8221;vc_col-lg-offset-0 vc_col-lg-4 vc_col-md-offset-0 vc_col-md-4 vc_col-xs-12&#8243; css=&#8221;.vc_custom_1527090579846{padding-top: 0px !important;}&#8221;][vc_single_image image=&#8221;29662&#8243; img_size=&#8221;&#8221; alignment=&#8221;center&#8221; css=&#8221;.vc_custom_1527079839889{margin-bottom: 15px !important;}&#8221;][vc_column_text css=&#8221;.vc_custom_1614882920091{margin-bottom: 0px !important;}&#8221;]<span class=\"texto-cuerpo5 texto-cuerpo8\">M\u00e9s r\u00e0pid<\/span><br \/>\n<strong>30 km\/h<\/strong> \u00e9s la velocitat adequada al telepeatge per a la lectura del Via T.[\/vc_column_text][\/vc_column][\/vc_row][vc_row][vc_column][vc_tta_accordion style=&#8221;flat&#8221; shape=&#8221;square&#8221; color=&#8221;white&#8221; c_position=&#8221;right&#8221; active_section=&#8221;0&#8243; collapsible_all=&#8221;true&#8221; el_class=&#8221;acordeon-vc&#8221;][vc_tta_section title=&#8221;Com funciona?&#8221; tab_id=&#8221;1513675966287-9ad9c86b-62b4&#8243;][vc_column_text]<img decoding=\"async\" class=\"aligncenter\" src=\"\/wp-content\/uploads\/2017\/06\/viat-info-comofunciona-cat.png\" alt=\"Viat C\u00f3mo funciona\" \/>[\/vc_column_text][\/vc_tta_section][vc_tta_section title=&#8221;On col\u00b7locar-lo?*&#8221; tab_id=&#8221;1513675966304-3154246e-a504&#8243;][vc_row_inner content_placement=&#8221;top&#8221; gap=&#8221;35&#8243; el_class=&#8221;center-text texto-cuerpo&#8221;][vc_column_inner width=&#8221;1\/3&#8243;][vc_single_image image=&#8221;29723&#8243; img_size=&#8221;&#8221; alignment=&#8221;center&#8221; css=&#8221;.vc_custom_1527089019279{margin-bottom: 15px !important;}&#8221;][vc_column_text css=&#8221;.vc_custom_1614882958045{margin-bottom: 0px !important;}&#8221;]<span class=\"texto-cuerpo5\">Als cotxes o vehicles lleugers:<\/span><br \/>\nA la part superior central, a uns 5 cent\u00edmetres del marc superior, darrere del mirall retrovisor. Si el parabrisa disposa de zona ombrejada amb punts, col\u00b7loca el Via T a la part m\u00e9s ampla de la zona per punts.<br \/>\n[\/vc_column_text][\/vc_column_inner][vc_column_inner width=&#8221;1\/3&#8243;][vc_single_image image=&#8221;29720&#8243; img_size=&#8221;&#8221; alignment=&#8221;center&#8221; css=&#8221;.vc_custom_1527089009759{margin-bottom: 15px !important;}&#8221;][vc_column_text css=&#8221;.vc_custom_1614882991048{margin-bottom: 0px !important;}&#8221;]<span class=\"texto-cuerpo5\">Als camions o vehicles pesants:<\/span><br \/>\nA la part inferior central, a uns 5 cent\u00edmetres del marc inferior.[\/vc_column_text][\/vc_column_inner][vc_column_inner width=&#8221;1\/3&#8243;][vc_single_image image=&#8221;29699&#8243; img_size=&#8221;&#8221; alignment=&#8221;center&#8221; css=&#8221;.vc_custom_1527087660327{margin-bottom: 15px !important;}&#8221;][vc_column_text css=&#8221;.vc_custom_1614883029704{margin-bottom: 0px !important;}&#8221;]<span class=\"texto-cuerpo5\">A les motocicletes:<\/span><br \/>\nL\u2019opci\u00f3 m\u00e9s c\u00f2moda i segura per a motoristes \u00e9s utilitzar el bra\u00e7alet de <strong>Bip&amp;Drive,<\/strong> el primer bra\u00e7alet homologat exclusiu per a motoristes, que garanteix l\u2019obertura de barrera i la lectura correcta del senyal Via T. Si no el tens, el Via T ha d\u2019anar al carenat, mai a la jaqueta.[\/vc_column_text][\/vc_column_inner][\/vc_row_inner][vc_row_inner][vc_column_inner][vc_column_text css=&#8221;.vc_custom_1756718030322{margin-bottom: 0px !important;}&#8221;]* Imprescindible portar el Via T ben col\u00b7locat per a una correcta aplicaci\u00f3 de la tarifa.[\/vc_column_text][\/vc_column_inner][\/vc_row_inner][\/vc_tta_section][vc_tta_section title=&#8221;On utilitzar-lo?&#8221; tab_id=&#8221;1513676116330-292ab06e-61df&#8221;][vc_row_inner content_placement=&#8221;bottom&#8221; gap=&#8221;35&#8243; disable_element=&#8221;yes&#8221; el_class=&#8221;center-text texto-cuerpo texto-cuerpo4&#8243;][vc_column_inner width=&#8221;1\/2&#8243;][vc_single_image image=&#8221;29687&#8243; img_size=&#8221;&#8221; alignment=&#8221;center&#8221; css=&#8221;.vc_custom_1527083731266{margin-bottom: 15px !important;}&#8221;][vc_column_text css=&#8221;.vc_custom_1614883114045{margin-bottom: 0px !important;}&#8221;]<span class=\"texto-cuerpo5 texto-cuerpo8\">Vies de peatge<\/span><br \/>\nPots utilitzar Via T en totes les vies de peatge senyalitzades amb el s\u00edmbol \u00abT\u00bb.<br \/>\n<a href=\"https:\/\/www.bipdrive.com\/dispositivo-viat\/donde-utilizarlo\/\" target=\"_blank\" rel=\"noopener noreferrer\">M\u00e9s informaci\u00f3<\/a>[\/vc_column_text][\/vc_column_inner][vc_column_inner width=&#8221;1\/2&#8243;][vc_single_image image=&#8221;29702&#8243; img_size=&#8221;&#8221; alignment=&#8221;center&#8221; css=&#8221;.vc_custom_1527083892103{margin-bottom: 15px !important;}&#8221;][vc_column_text css=&#8221;.vc_custom_1614883143275{margin-bottom: 0px !important;}&#8221;]<span class=\"texto-cuerpo5 texto-cuerpo8\">Aparcaments Saba<\/span><br \/>\nEstalvia\u2019t recollir el tiquet o passar pel caixer.<br \/>\n<a href=\"https:\/\/www.saba.es\/sites\/particulares\" target=\"_blank\" rel=\"noopener noreferrer\">M\u00e9s informaci\u00f3<\/a>[\/vc_column_text][\/vc_column_inner][\/vc_row_inner][vc_row_inner content_placement=&#8221;bottom&#8221; gap=&#8221;35&#8243; el_class=&#8221;center-text texto-cuerpo texto-cuerpo4&#8243;][vc_column_inner][vc_single_image image=&#8221;29687&#8243; img_size=&#8221;&#8221; alignment=&#8221;center&#8221; css=&#8221;.vc_custom_1527083731266{margin-bottom: 15px !important;}&#8221;][vc_column_text css=&#8221;.vc_custom_1614883114045{margin-bottom: 0px !important;}&#8221;]<span class=\"texto-cuerpo5 texto-cuerpo8\">Vies de peatge<\/span><br \/>\nPots utilitzar Via T en totes les vies de peatge senyalitzades amb el s\u00edmbol \u00abT\u00bb.<br \/>\n<a href=\"https:\/\/www.bipdrive.com\/dispositivo-viat\/donde-utilizarlo\/\" target=\"_blank\" rel=\"noopener noreferrer\">M\u00e9s informaci\u00f3<\/a>[\/vc_column_text][\/vc_column_inner][\/vc_row_inner][\/vc_tta_section][\/vc_tta_accordion][\/vc_column][\/vc_row][vc_row css=&#8221;.vc_custom_1527085568027{padding-top: 20px !important;padding-bottom: 20px !important;}&#8221; el_class=&#8221;texto-cuerpo8&#8243;][vc_column][vc_column_text]<\/p>\n<p style=\"text-align: center;\">Encara tens algun dubte sobre Via T?<br \/>\n<a href=\"https:\/\/www.autopistas.com\/contactanos\/informacion-util\/via-t\/\">Fes clic aqu\u00ed<\/a><\/p>\n<p>[\/vc_column_text][\/vc_column][\/vc_row][vc_row content_placement=&#8221;top&#8221; el_class=&#8221;banner-footer&#8221;][vc_column][atpbanners banner_id=&#8221;random&#8221; full_width=&#8221;true&#8221; columns_number=&#8221;12&#8243;][\/vc_column][\/vc_row]<\/p>\n<\/div>","protected":false},"excerpt":{"rendered":"<p>[vc_row full_width=&#8221;stretch_row&#8221; content_placement=&#8221;middle&#8221; css=&#8221;.vc_custom_1690206427900{background-image: url(https:\/\/www.autopistas.com\/wp-content\/uploads\/2023\/07\/VIAT_img_interna2.jpg?id=61196) !important;background-position: center !important;background-repeat: no-repeat !important;background-size: cover !important;}&#8221; el_class=&#8221;texto-blanco banner-principal&#8221;][vc_column css=&#8221;.vc_custom_1529064917905{padding-top: 0px !important;}&#8221; offset=&#8221;vc_col-lg-12 vc_col-md-12 vc_col-xs-12&#8243;][vc_custom_heading text=&#8221;Via T&#8221; font_container=&#8221;tag:h1|text_align:left|color:%23ffffff&#8221; use_theme_fonts=&#8221;yes&#8221; css=&#8221;.vc_custom_1503424004397{margin-top: 0px !important;margin-bottom: 0px !important;}&#8221; el_class=&#8221;titulo6 sombra-titulo&#8221;][vc_column_text css=&#8221;.vc_custom_1499094530812{margin-bottom: 0px !important;}&#8221; el_class=&#8221;sombra-titulo titulo8 linea-estrecha&#8221;]Viatja c\u00f2modament i sense interrupcions[\/vc_column_text][\/vc_column][\/vc_row][vc_row content_placement=&#8221;top&#8221; el_class=&#8221;migadepan hidden-xs&#8221;][vc_column css=&#8221;.vc_custom_1499096001229{padding-top: 18px !important;}&#8221;][vc_column_text css=&#8221;.vc_custom_1499095990112{margin-top: 0px !important;margin-bottom: 0px !important;}&#8221;][\/vc_column_text][\/vc_column][\/vc_row][vc_row full_width=&#8221;stretch_row&#8221; content_placement=&#8221;middle&#8221; css=&#8221;.vc_custom_1527163994852{margin-top: &#8230;<\/p>\n","protected":false},"author":1,"featured_media":0,"parent":26407,"menu_order":0,"comment_status":"closed","ping_status":"closed","template":"","meta":{"footnotes":""},"yoast_head":"<!-- This site is optimized with the Yoast SEO Premium plugin v19.5 (Yoast SEO v19.10) - https:\/\/yoast.com\/wordpress\/plugins\/seo\/ -->\n<title>Via T | Avantatges Autopistas<\/title>\n<meta name=\"description\" content=\"Via T \u00e9s el sistema de pagament per autopista m\u00e9s c\u00f2mode, r\u00e0pid i segur. En aquest espai us mostrem des de com col\u00b7locar-fins a les seves funcions i avantatges.\" \/>\n<meta name=\"robots\" content=\"index, follow, max-snippet:-1, max-image-preview:large, max-video-preview:-1\" \/>\n<link rel=\"canonical\" href=\"https:\/\/www.autopistas.com\/ca\/serveis\/via-t\/\" \/>\n<meta property=\"og:locale\" content=\"ca_ES\" \/>\n<meta property=\"og:type\" content=\"article\" \/>\n<meta property=\"og:title\" content=\"Via T\" \/>\n<meta property=\"og:description\" content=\"Via T \u00e9s el sistema de pagament per autopista m\u00e9s c\u00f2mode, r\u00e0pid i segur. En aquest espai us mostrem des de com col\u00b7locar-fins a les seves funcions i avantatges.\" \/>\n<meta property=\"og:url\" content=\"https:\/\/www.autopistas.com\/ca\/serveis\/via-t\/\" \/>\n<meta property=\"og:site_name\" content=\"Autopistas\" \/>\n<meta property=\"article:modified_time\" content=\"2025-09-01T09:14:49+00:00\" \/>\n<meta name=\"twitter:card\" content=\"summary_large_image\" \/>\n<meta name=\"twitter:label1\" content=\"Temps estimat de lectura\" \/>\n\t<meta name=\"twitter:data1\" content=\"3 minuts\" \/>\n<script type=\"application\/ld+json\" class=\"yoast-schema-graph\">{\"@context\":\"https:\/\/schema.org\",\"@graph\":[{\"@type\":\"WebPage\",\"@id\":\"https:\/\/www.autopistas.com\/ca\/serveis\/via-t\/\",\"url\":\"https:\/\/www.autopistas.com\/ca\/serveis\/via-t\/\",\"name\":\"Via T | Avantatges Autopistas\",\"isPartOf\":{\"@id\":\"https:\/\/www.autopistas.com\/ca\/#website\"},\"datePublished\":\"2017-12-19T14:46:24+00:00\",\"dateModified\":\"2025-09-01T09:14:49+00:00\",\"description\":\"Via T \u00e9s el sistema de pagament per autopista m\u00e9s c\u00f2mode, r\u00e0pid i segur. En aquest espai us mostrem des de com col\u00b7locar-fins a les seves funcions i avantatges.\",\"breadcrumb\":{\"@id\":\"https:\/\/www.autopistas.com\/ca\/serveis\/via-t\/#breadcrumb\"},\"inLanguage\":\"ca\",\"potentialAction\":[{\"@type\":\"ReadAction\",\"target\":[\"https:\/\/www.autopistas.com\/ca\/serveis\/via-t\/\"]}]},{\"@type\":\"BreadcrumbList\",\"@id\":\"https:\/\/www.autopistas.com\/ca\/serveis\/via-t\/#breadcrumb\",\"itemListElement\":[{\"@type\":\"ListItem\",\"position\":1,\"name\":\"Portada\",\"item\":\"https:\/\/www.autopistas.com\/ca\/\"},{\"@type\":\"ListItem\",\"position\":2,\"name\":\"Serveis\",\"item\":\"https:\/\/www.autopistas.com\/ca\/serveis\/\"},{\"@type\":\"ListItem\",\"position\":3,\"name\":\"Via T\"}]},{\"@type\":\"WebSite\",\"@id\":\"https:\/\/www.autopistas.com\/ca\/#website\",\"url\":\"https:\/\/www.autopistas.com\/ca\/\",\"name\":\"Autopistas\",\"description\":\"Autopistas, Contigo Hasta Donde Quieras Llegar\",\"potentialAction\":[{\"@type\":\"SearchAction\",\"target\":{\"@type\":\"EntryPoint\",\"urlTemplate\":\"https:\/\/www.autopistas.com\/ca\/?s={search_term_string}\"},\"query-input\":\"required name=search_term_string\"}],\"inLanguage\":\"ca\"}]}<\/script>\n<!-- \/ Yoast SEO Premium plugin. -->","yoast_head_json":{"title":"Via T | Avantatges Autopistas","description":"Via T \u00e9s el sistema de pagament per autopista m\u00e9s c\u00f2mode, r\u00e0pid i segur. En aquest espai us mostrem des de com col\u00b7locar-fins a les seves funcions i avantatges.","robots":{"index":"index","follow":"follow","max-snippet":"max-snippet:-1","max-image-preview":"max-image-preview:large","max-video-preview":"max-video-preview:-1"},"canonical":"https:\/\/www.autopistas.com\/ca\/serveis\/via-t\/","og_locale":"ca_ES","og_type":"article","og_title":"Via T","og_description":"Via T \u00e9s el sistema de pagament per autopista m\u00e9s c\u00f2mode, r\u00e0pid i segur. En aquest espai us mostrem des de com col\u00b7locar-fins a les seves funcions i avantatges.","og_url":"https:\/\/www.autopistas.com\/ca\/serveis\/via-t\/","og_site_name":"Autopistas","article_modified_time":"2025-09-01T09:14:49+00:00","twitter_card":"summary_large_image","twitter_misc":{"Temps estimat de lectura":"3 minuts"},"schema":{"@context":"https:\/\/schema.org","@graph":[{"@type":"WebPage","@id":"https:\/\/www.autopistas.com\/ca\/serveis\/via-t\/","url":"https:\/\/www.autopistas.com\/ca\/serveis\/via-t\/","name":"Via T | Avantatges Autopistas","isPartOf":{"@id":"https:\/\/www.autopistas.com\/ca\/#website"},"datePublished":"2017-12-19T14:46:24+00:00","dateModified":"2025-09-01T09:14:49+00:00","description":"Via T \u00e9s el sistema de pagament per autopista m\u00e9s c\u00f2mode, r\u00e0pid i segur. En aquest espai us mostrem des de com col\u00b7locar-fins a les seves funcions i avantatges.","breadcrumb":{"@id":"https:\/\/www.autopistas.com\/ca\/serveis\/via-t\/#breadcrumb"},"inLanguage":"ca","potentialAction":[{"@type":"ReadAction","target":["https:\/\/www.autopistas.com\/ca\/serveis\/via-t\/"]}]},{"@type":"BreadcrumbList","@id":"https:\/\/www.autopistas.com\/ca\/serveis\/via-t\/#breadcrumb","itemListElement":[{"@type":"ListItem","position":1,"name":"Portada","item":"https:\/\/www.autopistas.com\/ca\/"},{"@type":"ListItem","position":2,"name":"Serveis","item":"https:\/\/www.autopistas.com\/ca\/serveis\/"},{"@type":"ListItem","position":3,"name":"Via T"}]},{"@type":"WebSite","@id":"https:\/\/www.autopistas.com\/ca\/#website","url":"https:\/\/www.autopistas.com\/ca\/","name":"Autopistas","description":"Autopistas, Contigo Hasta Donde Quieras Llegar","potentialAction":[{"@type":"SearchAction","target":{"@type":"EntryPoint","urlTemplate":"https:\/\/www.autopistas.com\/ca\/?s={search_term_string}"},"query-input":"required name=search_term_string"}],"inLanguage":"ca"}]}},"_links":{"self":[{"href":"https:\/\/www.autopistas.com\/ca\/wp-json\/wp\/v2\/pages\/26922"}],"collection":[{"href":"https:\/\/www.autopistas.com\/ca\/wp-json\/wp\/v2\/pages"}],"about":[{"href":"https:\/\/www.autopistas.com\/ca\/wp-json\/wp\/v2\/types\/page"}],"author":[{"embeddable":true,"href":"https:\/\/www.autopistas.com\/ca\/wp-json\/wp\/v2\/users\/1"}],"replies":[{"embeddable":true,"href":"https:\/\/www.autopistas.com\/ca\/wp-json\/wp\/v2\/comments?post=26922"}],"version-history":[{"count":86,"href":"https:\/\/www.autopistas.com\/ca\/wp-json\/wp\/v2\/pages\/26922\/revisions"}],"predecessor-version":[{"id":59225,"href":"https:\/\/www.autopistas.com\/ca\/wp-json\/wp\/v2\/pages\/26922\/revisions\/59225"}],"up":[{"embeddable":true,"href":"https:\/\/www.autopistas.com\/ca\/wp-json\/wp\/v2\/pages\/26407"}],"wp:attachment":[{"href":"https:\/\/www.autopistas.com\/ca\/wp-json\/wp\/v2\/media?parent=26922"}],"curies":[{"name":"wp","href":"https:\/\/api.w.org\/{rel}","templated":true}]}}