{"id":29574,"date":"2018-05-18T13:09:46","date_gmt":"2018-05-18T11:09:46","guid":{"rendered":"https:\/\/www.autopistas.com\/?page_id=29574"},"modified":"2026-03-24T11:34:02","modified_gmt":"2026-03-24T10:34:02","slug":"contacte-a-lautopista","status":"publish","type":"page","link":"https:\/\/www.autopistas.com\/ca\/planifica-teu-viatge\/contacte-a-lautopista\/","title":{"rendered":"Contacte a l&#8217;autopista"},"content":{"rendered":"<div class=\"wpb-content-wrapper\"><p>[vc_row full_width=&#8221;stretch_row&#8221; content_placement=&#8221;middle&#8221; css=&#8221;.vc_custom_1614868488743{background-image: url(https:\/\/www.autopistas.com\/wp-content\/uploads\/2021\/02\/contacto_autopistas-scaled.jpg?id=58923) !important;background-position: center !important;background-repeat: no-repeat !important;background-size: cover !important;}&#8221; el_class=&#8221;texto-blanco banner-principal&#8221;][vc_column css=&#8221;.vc_custom_1507046594947{padding-top: 0px !important;}&#8221; offset=&#8221;vc_col-lg-7 vc_col-md-7 vc_col-xs-12&#8243;][vc_custom_heading text=&#8221;Contacte a l&#8217;autopista&#8221; font_container=&#8221;tag:h1|text_align:left|color:%23ffffff&#8221; use_theme_fonts=&#8221;yes&#8221; css=&#8221;.vc_custom_1527161210301{margin-top: 0px !important;margin-bottom: 10px !important;}&#8221; el_class=&#8221;titulo6 sombra-titulo&#8221;][\/vc_column][\/vc_row][vc_row content_placement=&#8221;top&#8221; el_class=&#8221;migadepan hidden-xs&#8221;][vc_column css=&#8221;.vc_custom_1499096001229{padding-top: 18px !important;}&#8221;][vc_column_text css=&#8221;.vc_custom_1499095990112{margin-top: 0px !important;margin-bottom: 0px !important;}&#8221;]<ul id=\"migadepan\" class=\"migadepan\"><li class=\"item-home\"><a class=\"bread-link bread-home\" href=\"https:\/\/www.autopistas.com\/ca\/\" title=\"Home\">Home<\/a><\/li><li class=\"separator separator-home\"> <span class=\"glyphicon glyphicon-menu-right\"><\/span> <\/li><\/ul>[\/vc_column_text][\/vc_column][\/vc_row][vc_row full_width=&#8221;stretch_row&#8221; content_placement=&#8221;middle&#8221; css=&#8221;.vc_custom_1527164078415{margin-top: 35px !important;margin-bottom: 20px !important;}&#8221;][vc_column offset=&#8221;vc_col-lg-12 vc_col-md-12 vc_col-xs-12&#8243;][vc_custom_heading text=&#8221;Estem per ajudar-te&#8221; font_container=&#8221;tag:h2|text_align:center|color:%23f58220&#8243; use_theme_fonts=&#8221;yes&#8221; css=&#8221;.vc_custom_1527757565838{margin-top: 0px !important;margin-bottom: 20px !important;}&#8221; el_class=&#8221;titulo5 tesxto-naranja&#8221;][\/vc_column][\/vc_row][vc_row full_width=&#8221;stretch_row&#8221; el_class=&#8221;center-text texto-cuerpo&#8221; css=&#8221;.vc_custom_1503947077381{background-color: #f5f5f5 !important;}&#8221;][vc_column css=&#8221;.vc_custom_1499331127006{padding-top: 30px !important;}&#8221;][vc_column_text el_class=&#8221;titulo9&#8243;]T\u2019ATENDREM PER MITJ\u00c0 DELS NOSTRES CANALS D\u2019<strong>ATENCI\u00d3 AL CLIENT&#8230;<\/strong>[\/vc_column_text][\/vc_column][\/vc_row][vc_row full_width=&#8221;stretch_row&#8221; disable_element=&#8221;yes&#8221; css=&#8221;.vc_custom_1774348334474{background-color: #f5f5f5 !important;}&#8221; el_class=&#8221;center-text texto-cuerpo&#8221;][vc_column css=&#8221;.vc_custom_1503947137130{padding-top: 0px !important;}&#8221;][vc_row_inner equal_height=&#8221;yes&#8221; gap=&#8221;35&#8243; el_class=&#8221;texto-cuerpo&#8221;][vc_column_inner width=&#8221;1\/3&#8243; offset=&#8221;vc_col-lg-6 vc_col-md-6 vc_col-xs-12&#8243;][vc_single_image image=&#8221;29599&#8243; img_size=&#8221;&#8221; alignment=&#8221;center&#8221; css=&#8221;.vc_custom_1526642392180{margin-bottom: 15px !important;}&#8221;][vc_column_text css=&#8221;.vc_custom_1526643583997{margin-bottom: 45px !important;}&#8221; el_class=&#8221;texto-cuerpo5 texto-cuerpo2 visible-xs visible-sm&#8221;]<a href=\"tel:902 200 320\">902 200 320<\/a> &#8211; <a href=\"tel:934 927 827\">934 927 827<\/a>[\/vc_column_text][vc_column_text css=&#8221;.vc_custom_1527161302608{margin-bottom: 45px !important;}&#8221;]<span class=\"texto-cuerpo5 texto-cuerpo8\">902 200 320 &#8211; 934 927 827<\/span><\/p>\n<p>Feiners: de 8 h a 20 h<br \/>\nAtenci\u00f3 Clients (24h)[\/vc_column_text][\/vc_column_inner][vc_column_inner width=&#8221;1\/3&#8243; offset=&#8221;vc_col-lg-6 vc_col-md-6 vc_col-xs-12&#8243;][vc_single_image image=&#8221;29596&#8243; img_size=&#8221;&#8221; alignment=&#8221;center&#8221; css=&#8221;.vc_custom_1526642419731{margin-bottom: 15px !important;}&#8221;][vc_column_text]<span class=\"texto-cuerpo5 texto-cuerpo8\">Pals SOS<\/span><\/p>\n<p>En cas d&#8217;incid\u00e8ncia, et localitzem i et fem arribar ajuda.[\/vc_column_text][\/vc_column_inner][\/vc_row_inner][\/vc_column][\/vc_row][vc_row full_width=&#8221;stretch_row&#8221; css=&#8221;.vc_custom_1503947072311{background-color: #f5f5f5 !important;}&#8221; el_class=&#8221;center-text texto-cuerpo&#8221;][vc_column css=&#8221;.vc_custom_1503947137130{padding-top: 0px !important;}&#8221;][vc_row_inner equal_height=&#8221;yes&#8221; gap=&#8221;35&#8243; el_class=&#8221;texto-cuerpo&#8221;][vc_column_inner offset=&#8221;vc_col-lg-12 vc_col-md-12 vc_col-xs-12&#8243;][vc_btn title=&#8221;Formulari de contacte&#8221; style=&#8221;flat&#8221; shape=&#8221;square&#8221; color=&#8221;orange&#8221; align=&#8221;center&#8221; i_icon_fontawesome=&#8221;far fa-question-circle&#8221; css=&#8221;&#8221; add_icon=&#8221;true&#8221; link=&#8221;url:https%3A%2F%2Fwww.autopistas.com%2Fformulario-contacto%2F&#8221;][\/vc_column_inner][\/vc_row_inner][\/vc_column][\/vc_row][vc_row full_width=&#8221;stretch_row&#8221; css=&#8221;.vc_custom_1503947072311{background-color: #f5f5f5 !important;}&#8221; el_class=&#8221;center-text texto-cuerpo&#8221;][vc_column css=&#8221;.vc_custom_1503947137130{padding-top: 0px !important;}&#8221;][vc_row_inner][vc_column_inner][vc_single_image image=&#8221;29599&#8243; img_size=&#8221;&#8221; alignment=&#8221;center&#8221; css=&#8221;.vc_custom_1526642392180{margin-bottom: 15px !important;}&#8221;][vc_column_text css=&#8221;.vc_custom_1526643583997{margin-bottom: 45px !important;}&#8221; el_class=&#8221;texto-cuerpo5 texto-cuerpo2 visible-xs visible-sm&#8221;]<a href=\"tel:902 200 320\">902 200 320<\/a> &#8211; <a href=\"tel:934 927 827\">934 927 827<\/a>[\/vc_column_text][vc_column_text css=&#8221;.vc_custom_1774348428210{margin-bottom: 45px !important;}&#8221;]<span class=\"texto-cuerpo5\">902 200 320 &#8211; 934 927 827<\/span><\/p>\n<p>Feiners: de 8 h a 20 h<br \/>\nAtenci\u00f3 Clients (24h)[\/vc_column_text][\/vc_column_inner][\/vc_row_inner][vc_row_inner equal_height=&#8221;yes&#8221; gap=&#8221;35&#8243; disable_element=&#8221;yes&#8221; el_class=&#8221;texto-cuerpo&#8221;][vc_column_inner width=&#8221;1\/3&#8243; offset=&#8221;vc_col-lg-6 vc_col-md-6 vc_col-xs-12&#8243;][\/vc_column_inner][vc_column_inner width=&#8221;1\/3&#8243; offset=&#8221;vc_col-lg-6 vc_col-md-6 vc_col-xs-12&#8243;][vc_single_image image=&#8221;29596&#8243; img_size=&#8221;&#8221; alignment=&#8221;center&#8221; css=&#8221;.vc_custom_1526642419731{margin-bottom: 15px !important;}&#8221;][vc_column_text]<span class=\"texto-cuerpo5 texto-cuerpo8\">Pals SOS<\/span><\/p>\n<p>En cas d&#8217;incid\u00e8ncia, et localitzem i et fem arribar ajuda.[\/vc_column_text][\/vc_column_inner][\/vc_row_inner][\/vc_column][\/vc_row][vc_row el_class=&#8221;banner-footer&#8221;][vc_column][atpbanners banner_id=&#8221;random&#8221; full_width=&#8221;true&#8221; columns_number=&#8221;12&#8243;][\/vc_column][\/vc_row]<\/p>\n<\/div>","protected":false},"excerpt":{"rendered":"<p>[vc_row full_width=&#8221;stretch_row&#8221; content_placement=&#8221;middle&#8221; css=&#8221;.vc_custom_1614868488743{background-image: url(https:\/\/www.autopistas.com\/wp-content\/uploads\/2021\/02\/contacto_autopistas-scaled.jpg?id=58923) !important;background-position: center !important;background-repeat: no-repeat !important;background-size: cover !important;}&#8221; el_class=&#8221;texto-blanco banner-principal&#8221;][vc_column css=&#8221;.vc_custom_1507046594947{padding-top: 0px !important;}&#8221; offset=&#8221;vc_col-lg-7 vc_col-md-7 vc_col-xs-12&#8243;][vc_custom_heading text=&#8221;Contacte a l&#8217;autopista&#8221; font_container=&#8221;tag:h1|text_align:left|color:%23ffffff&#8221; use_theme_fonts=&#8221;yes&#8221; css=&#8221;.vc_custom_1527161210301{margin-top: 0px !important;margin-bottom: 10px !important;}&#8221; el_class=&#8221;titulo6 sombra-titulo&#8221;][\/vc_column][\/vc_row][vc_row content_placement=&#8221;top&#8221; el_class=&#8221;migadepan hidden-xs&#8221;][vc_column css=&#8221;.vc_custom_1499096001229{padding-top: 18px !important;}&#8221;][vc_column_text css=&#8221;.vc_custom_1499095990112{margin-top: 0px !important;margin-bottom: 0px !important;}&#8221;][\/vc_column_text][\/vc_column][\/vc_row][vc_row full_width=&#8221;stretch_row&#8221; content_placement=&#8221;middle&#8221; css=&#8221;.vc_custom_1527164078415{margin-top: 35px !important;margin-bottom: 20px !important;}&#8221;][vc_column offset=&#8221;vc_col-lg-12 vc_col-md-12 vc_col-xs-12&#8243;][vc_custom_heading text=&#8221;Estem per &#8230;<\/p>\n","protected":false},"author":1,"featured_media":0,"parent":26406,"menu_order":0,"comment_status":"closed","ping_status":"closed","template":"","meta":{"footnotes":""},"yoast_head":"<!-- This site is optimized with the Yoast SEO Premium plugin v19.5 (Yoast SEO v19.10) - https:\/\/yoast.com\/wordpress\/plugins\/seo\/ -->\n<title>Contacte a l&#039;autopista | Espai Autopistas<\/title>\n<meta name=\"description\" content=\"Creiem en la import\u00e0ncia de seguir una pol\u00edtica de transpar\u00e8ncia amb els nostres clients, per aix\u00f2 t&#039;informem de tots els serveis que t&#039;oferim.\" \/>\n<meta name=\"robots\" content=\"index, follow, max-snippet:-1, max-image-preview:large, max-video-preview:-1\" \/>\n<link rel=\"canonical\" href=\"https:\/\/www.autopistas.com\/ca\/planifica-teu-viatge\/contacte-a-lautopista\/\" \/>\n<meta property=\"og:locale\" content=\"ca_ES\" \/>\n<meta property=\"og:type\" content=\"article\" \/>\n<meta property=\"og:title\" content=\"Contacte a l&#039;autopista\" \/>\n<meta property=\"og:description\" content=\"Creiem en la import\u00e0ncia de seguir una pol\u00edtica de transpar\u00e8ncia amb els nostres clients, per aix\u00f2 t&#039;informem de tots els serveis que t&#039;oferim.\" \/>\n<meta property=\"og:url\" content=\"https:\/\/www.autopistas.com\/ca\/planifica-teu-viatge\/contacte-a-lautopista\/\" \/>\n<meta property=\"og:site_name\" content=\"Autopistas\" \/>\n<meta property=\"article:modified_time\" content=\"2026-03-24T10:34:02+00:00\" \/>\n<meta name=\"twitter:card\" content=\"summary_large_image\" \/>\n<meta name=\"twitter:label1\" content=\"Temps estimat de lectura\" \/>\n\t<meta name=\"twitter:data1\" content=\"3 minuts\" \/>\n<script type=\"application\/ld+json\" class=\"yoast-schema-graph\">{\"@context\":\"https:\/\/schema.org\",\"@graph\":[{\"@type\":\"WebPage\",\"@id\":\"https:\/\/www.autopistas.com\/ca\/planifica-teu-viatge\/contacte-a-lautopista\/\",\"url\":\"https:\/\/www.autopistas.com\/ca\/planifica-teu-viatge\/contacte-a-lautopista\/\",\"name\":\"Contacte a l'autopista | Espai Autopistas\",\"isPartOf\":{\"@id\":\"https:\/\/www.autopistas.com\/ca\/#website\"},\"datePublished\":\"2018-05-18T11:09:46+00:00\",\"dateModified\":\"2026-03-24T10:34:02+00:00\",\"description\":\"Creiem en la import\u00e0ncia de seguir una pol\u00edtica de transpar\u00e8ncia amb els nostres clients, per aix\u00f2 t'informem de tots els serveis que t'oferim.\",\"breadcrumb\":{\"@id\":\"https:\/\/www.autopistas.com\/ca\/planifica-teu-viatge\/contacte-a-lautopista\/#breadcrumb\"},\"inLanguage\":\"ca\",\"potentialAction\":[{\"@type\":\"ReadAction\",\"target\":[\"https:\/\/www.autopistas.com\/ca\/planifica-teu-viatge\/contacte-a-lautopista\/\"]}]},{\"@type\":\"BreadcrumbList\",\"@id\":\"https:\/\/www.autopistas.com\/ca\/planifica-teu-viatge\/contacte-a-lautopista\/#breadcrumb\",\"itemListElement\":[{\"@type\":\"ListItem\",\"position\":1,\"name\":\"Portada\",\"item\":\"https:\/\/www.autopistas.com\/ca\/\"},{\"@type\":\"ListItem\",\"position\":2,\"name\":\"Planifica el teu viatge\",\"item\":\"https:\/\/www.autopistas.com\/ca\/planifica-teu-viatge\/\"},{\"@type\":\"ListItem\",\"position\":3,\"name\":\"Contacte a l&#8217;autopista\"}]},{\"@type\":\"WebSite\",\"@id\":\"https:\/\/www.autopistas.com\/ca\/#website\",\"url\":\"https:\/\/www.autopistas.com\/ca\/\",\"name\":\"Autopistas\",\"description\":\"Autopistas, Contigo Hasta Donde Quieras Llegar\",\"potentialAction\":[{\"@type\":\"SearchAction\",\"target\":{\"@type\":\"EntryPoint\",\"urlTemplate\":\"https:\/\/www.autopistas.com\/ca\/?s={search_term_string}\"},\"query-input\":\"required name=search_term_string\"}],\"inLanguage\":\"ca\"}]}<\/script>\n<!-- \/ Yoast SEO Premium plugin. -->","yoast_head_json":{"title":"Contacte a l'autopista | Espai Autopistas","description":"Creiem en la import\u00e0ncia de seguir una pol\u00edtica de transpar\u00e8ncia amb els nostres clients, per aix\u00f2 t'informem de tots els serveis que t'oferim.","robots":{"index":"index","follow":"follow","max-snippet":"max-snippet:-1","max-image-preview":"max-image-preview:large","max-video-preview":"max-video-preview:-1"},"canonical":"https:\/\/www.autopistas.com\/ca\/planifica-teu-viatge\/contacte-a-lautopista\/","og_locale":"ca_ES","og_type":"article","og_title":"Contacte a l'autopista","og_description":"Creiem en la import\u00e0ncia de seguir una pol\u00edtica de transpar\u00e8ncia amb els nostres clients, per aix\u00f2 t'informem de tots els serveis que t'oferim.","og_url":"https:\/\/www.autopistas.com\/ca\/planifica-teu-viatge\/contacte-a-lautopista\/","og_site_name":"Autopistas","article_modified_time":"2026-03-24T10:34:02+00:00","twitter_card":"summary_large_image","twitter_misc":{"Temps estimat de lectura":"3 minuts"},"schema":{"@context":"https:\/\/schema.org","@graph":[{"@type":"WebPage","@id":"https:\/\/www.autopistas.com\/ca\/planifica-teu-viatge\/contacte-a-lautopista\/","url":"https:\/\/www.autopistas.com\/ca\/planifica-teu-viatge\/contacte-a-lautopista\/","name":"Contacte a l'autopista | Espai Autopistas","isPartOf":{"@id":"https:\/\/www.autopistas.com\/ca\/#website"},"datePublished":"2018-05-18T11:09:46+00:00","dateModified":"2026-03-24T10:34:02+00:00","description":"Creiem en la import\u00e0ncia de seguir una pol\u00edtica de transpar\u00e8ncia amb els nostres clients, per aix\u00f2 t'informem de tots els serveis que t'oferim.","breadcrumb":{"@id":"https:\/\/www.autopistas.com\/ca\/planifica-teu-viatge\/contacte-a-lautopista\/#breadcrumb"},"inLanguage":"ca","potentialAction":[{"@type":"ReadAction","target":["https:\/\/www.autopistas.com\/ca\/planifica-teu-viatge\/contacte-a-lautopista\/"]}]},{"@type":"BreadcrumbList","@id":"https:\/\/www.autopistas.com\/ca\/planifica-teu-viatge\/contacte-a-lautopista\/#breadcrumb","itemListElement":[{"@type":"ListItem","position":1,"name":"Portada","item":"https:\/\/www.autopistas.com\/ca\/"},{"@type":"ListItem","position":2,"name":"Planifica el teu viatge","item":"https:\/\/www.autopistas.com\/ca\/planifica-teu-viatge\/"},{"@type":"ListItem","position":3,"name":"Contacte a l&#8217;autopista"}]},{"@type":"WebSite","@id":"https:\/\/www.autopistas.com\/ca\/#website","url":"https:\/\/www.autopistas.com\/ca\/","name":"Autopistas","description":"Autopistas, Contigo Hasta Donde Quieras Llegar","potentialAction":[{"@type":"SearchAction","target":{"@type":"EntryPoint","urlTemplate":"https:\/\/www.autopistas.com\/ca\/?s={search_term_string}"},"query-input":"required name=search_term_string"}],"inLanguage":"ca"}]}},"_links":{"self":[{"href":"https:\/\/www.autopistas.com\/ca\/wp-json\/wp\/v2\/pages\/29574"}],"collection":[{"href":"https:\/\/www.autopistas.com\/ca\/wp-json\/wp\/v2\/pages"}],"about":[{"href":"https:\/\/www.autopistas.com\/ca\/wp-json\/wp\/v2\/types\/page"}],"author":[{"embeddable":true,"href":"https:\/\/www.autopistas.com\/ca\/wp-json\/wp\/v2\/users\/1"}],"replies":[{"embeddable":true,"href":"https:\/\/www.autopistas.com\/ca\/wp-json\/wp\/v2\/comments?post=29574"}],"version-history":[{"count":25,"href":"https:\/\/www.autopistas.com\/ca\/wp-json\/wp\/v2\/pages\/29574\/revisions"}],"predecessor-version":[{"id":62844,"href":"https:\/\/www.autopistas.com\/ca\/wp-json\/wp\/v2\/pages\/29574\/revisions\/62844"}],"up":[{"embeddable":true,"href":"https:\/\/www.autopistas.com\/ca\/wp-json\/wp\/v2\/pages\/26406"}],"wp:attachment":[{"href":"https:\/\/www.autopistas.com\/ca\/wp-json\/wp\/v2\/media?parent=29574"}],"curies":[{"name":"wp","href":"https:\/\/api.w.org\/{rel}","templated":true}]}}