{"id":29615,"date":"2018-05-18T14:03:29","date_gmt":"2018-05-18T12:03:29","guid":{"rendered":"https:\/\/www.autopistas.com\/?page_id=29615"},"modified":"2022-09-16T11:09:03","modified_gmt":"2022-09-16T09:09:03","slug":"informacio-del-transit","status":"publish","type":"page","link":"https:\/\/www.autopistas.com\/ca\/planifica-teu-viatge\/informacio-del-transit\/","title":{"rendered":"Informaci\u00f3 del tr\u00e0nsit"},"content":{"rendered":"<div class=\"wpb-content-wrapper\"><p>[vc_row full_width=&#8221;stretch_row&#8221; content_placement=&#8221;middle&#8221; css=&#8221;.vc_custom_1507032087252{background-image: url(https:\/\/www.autopistas.com\/wp-content\/uploads\/2018\/05\/informacion-trafico-header-def-1.jpg?id=29796) !important;background-position: center !important;background-repeat: no-repeat !important;background-size: cover !important;}&#8221; el_class=&#8221;texto-blanco banner-principal&#8221;][vc_column css=&#8221;.vc_custom_1507046594947{padding-top: 0px !important;}&#8221; offset=&#8221;vc_col-lg-7 vc_col-md-7 vc_col-xs-12&#8243;][vc_custom_heading text=&#8221;Informaci\u00f3 del tr\u00e0nsit&#8221; font_container=&#8221;tag:h1|text_align:left|color:%23ffffff&#8221; use_theme_fonts=&#8221;yes&#8221; el_class=&#8221;titulo6 sombra-titulo&#8221; css=&#8221;.vc_custom_1527161510264{margin-top: 0px !important;margin-bottom: 10px !important;}&#8221;][\/vc_column][\/vc_row][vc_row content_placement=&#8221;top&#8221; el_class=&#8221;migadepan hidden-xs&#8221; css=&#8221;.vc_custom_1526642092923{margin-bottom: 35px !important;}&#8221;][vc_column css=&#8221;.vc_custom_1499096001229{padding-top: 18px !important;}&#8221;][vc_column_text css=&#8221;.vc_custom_1499095990112{margin-top: 0px !important;margin-bottom: 0px !important;}&#8221;]<ul id=\"migadepan\" class=\"migadepan\"><li class=\"item-home\"><a class=\"bread-link bread-home\" href=\"https:\/\/www.autopistas.com\/ca\/\" title=\"Home\">Home<\/a><\/li><li class=\"separator separator-home\"> <span class=\"glyphicon glyphicon-menu-right\"><\/span> <\/li><\/ul>[\/vc_column_text][\/vc_column][\/vc_row][vc_row full_width=&#8221;stretch_row&#8221; content_placement=&#8221;middle&#8221; css=&#8221;.vc_custom_1526642243690{margin-bottom: 20px !important;}&#8221;][vc_column offset=&#8221;vc_col-lg-12 vc_col-md-12 vc_col-xs-12&#8243;][vc_custom_heading text=&#8221;La situaci\u00f3 del tr\u00e0nsit a l&#8217;abast de la teva m\u00e0&#8221; font_container=&#8221;tag:h2|text_align:center|color:%23f58220&#8243; use_theme_fonts=&#8221;yes&#8221; el_class=&#8221;titulo5 tesxto-naranja&#8221; css=&#8221;.vc_custom_1527757240621{margin-top: 0px !important;margin-bottom: 20px !important;}&#8221;][\/vc_column][\/vc_row][vc_row full_width=&#8221;stretch_row&#8221; el_class=&#8221;center-text texto-cuerpo&#8221; css=&#8221;.vc_custom_1503947077381{background-color: #f5f5f5 !important;}&#8221;][vc_column css=&#8221;.vc_custom_1499331127006{padding-top: 30px !important;}&#8221;][vc_column_text el_class=&#8221;titulo9&#8243;]CONEIX L&#8217;ESTAT DEL TR\u00c0NSIT EN TEMPS REAL DE QUALSEVOL LLOC MITJAN\u00c7ANT ELS NOSTRES CANALS:[\/vc_column_text][\/vc_column][\/vc_row][vc_row full_width=&#8221;stretch_row&#8221; css=&#8221;.vc_custom_1503947072311{background-color: #f5f5f5 !important;}&#8221; el_class=&#8221;center-text texto-cuerpo&#8221;][vc_column css=&#8221;.vc_custom_1503947137130{padding-top: 0px !important;}&#8221;][vc_row_inner equal_height=&#8221;yes&#8221; gap=&#8221;35&#8243; el_class=&#8221;texto-cuerpo&#8221;][vc_column_inner width=&#8221;1\/4&#8243; offset=&#8221;vc_col-lg-4 vc_col-md-4 vc_col-xs-12&#8243;][vc_single_image image=&#8221;29618&#8243; img_size=&#8221;&#8221; alignment=&#8221;center&#8221; css=&#8221;.vc_custom_1526644705844{margin-bottom: 15px !important;}&#8221;][vc_column_text el_class=&#8221;titulo9 texto-cuerpo5&#8243; css=&#8221;.vc_custom_1526645012046{margin-bottom: 25px !important;}&#8221;]Mapa web[\/vc_column_text][vc_empty_space][vc_column_text css=&#8221;.vc_custom_1529057319885{margin-bottom: 45px !important;}&#8221;]Fent clic al tram que tri\u00efs del <a href=\"https:\/\/www.autopistas.com\/ca\/planifica-teu-viatge\/mapa\/\">mapa web<\/a>, coneixer\u00e0s les incid\u00e8ncies que afectin la via per on vulguis circular.[\/vc_column_text][\/vc_column_inner][vc_column_inner width=&#8221;1\/4&#8243; offset=&#8221;vc_col-lg-4 vc_col-md-4 vc_col-xs-12&#8243;][vc_single_image image=&#8221;29584&#8243; img_size=&#8221;&#8221; alignment=&#8221;center&#8221; css=&#8221;.vc_custom_1526642928027{margin-bottom: 15px !important;}&#8221;][vc_column_text el_class=&#8221;titulo9 texto-cuerpo5&#8243; css=&#8221;.vc_custom_1526644858839{margin-bottom: 25px !important;}&#8221;]Twitter[\/vc_column_text][vc_empty_space][vc_column_text css=&#8221;.vc_custom_1527161589000{margin-bottom: 0px !important;}&#8221;]<a href=\"https:\/\/twitter.com\/infoautopista\" target=\"_blank\" rel=\"noopener noreferrer\">@infoautopista<\/a><br \/>\nMitjan\u00e7ant el nostre canal de Twitter,Tr\u00e1fico Autopistas , coneixer\u00e0s en temps real l&#8217;estat del tr\u00e0nsit i la seguretat vi\u00e0ria de totes les nostres autopistes.[\/vc_column_text][\/vc_column_inner][vc_column_inner width=&#8221;1\/4&#8243; offset=&#8221;vc_col-lg-4 vc_col-md-4 vc_col-xs-12&#8243;][vc_single_image image=&#8221;29621&#8243; img_size=&#8221;&#8221; alignment=&#8221;center&#8221; css=&#8221;.vc_custom_1526644655680{margin-bottom: 15px !important;}&#8221;][vc_column_text el_class=&#8221;titulo9 texto-cuerpo5&#8243; css=&#8221;.vc_custom_1663319106393{margin-bottom: 25px !important;}&#8221;]Panells de missatge variable[\/vc_column_text][vc_empty_space][vc_column_text]A Autopistas, mitjan\u00e7ant els panells de missatge variable, t&#8217;informem de l&#8217;estat del tr\u00e0nsit, les incid\u00e8ncies i el temps de recorregut.[\/vc_column_text][\/vc_column_inner][\/vc_row_inner][\/vc_column][\/vc_row][vc_row el_class=&#8221;banner-footer&#8221;][vc_column][atpbanners banner_id=&#8221;random&#8221; full_width=&#8221;true&#8221; columns_number=&#8221;12&#8243;][\/vc_column][\/vc_row]<\/p>\n<\/div>","protected":false},"excerpt":{"rendered":"<p>[vc_row full_width=&#8221;stretch_row&#8221; content_placement=&#8221;middle&#8221; css=&#8221;.vc_custom_1507032087252{background-image: url(https:\/\/www.autopistas.com\/wp-content\/uploads\/2018\/05\/informacion-trafico-header-def-1.jpg?id=29796) !important;background-position: center !important;background-repeat: no-repeat !important;background-size: cover !important;}&#8221; el_class=&#8221;texto-blanco banner-principal&#8221;][vc_column css=&#8221;.vc_custom_1507046594947{padding-top: 0px !important;}&#8221; offset=&#8221;vc_col-lg-7 vc_col-md-7 vc_col-xs-12&#8243;][vc_custom_heading text=&#8221;Informaci\u00f3 del tr\u00e0nsit&#8221; font_container=&#8221;tag:h1|text_align:left|color:%23ffffff&#8221; use_theme_fonts=&#8221;yes&#8221; el_class=&#8221;titulo6 sombra-titulo&#8221; css=&#8221;.vc_custom_1527161510264{margin-top: 0px !important;margin-bottom: 10px !important;}&#8221;][\/vc_column][\/vc_row][vc_row content_placement=&#8221;top&#8221; el_class=&#8221;migadepan hidden-xs&#8221; css=&#8221;.vc_custom_1526642092923{margin-bottom: 35px !important;}&#8221;][vc_column css=&#8221;.vc_custom_1499096001229{padding-top: 18px !important;}&#8221;][vc_column_text css=&#8221;.vc_custom_1499095990112{margin-top: 0px !important;margin-bottom: 0px !important;}&#8221;][\/vc_column_text][\/vc_column][\/vc_row][vc_row full_width=&#8221;stretch_row&#8221; content_placement=&#8221;middle&#8221; css=&#8221;.vc_custom_1526642243690{margin-bottom: 20px !important;}&#8221;][vc_column offset=&#8221;vc_col-lg-12 vc_col-md-12 vc_col-xs-12&#8243;][vc_custom_heading text=&#8221;La &#8230;<\/p>\n","protected":false},"author":1,"featured_media":0,"parent":26406,"menu_order":0,"comment_status":"closed","ping_status":"closed","template":"","meta":{"footnotes":""},"yoast_head":"<!-- This site is optimized with the Yoast SEO Premium plugin v19.5 (Yoast SEO v19.10) - https:\/\/yoast.com\/wordpress\/plugins\/seo\/ -->\n<title>Informaci\u00f3 tr\u00e0nsit | Espai Autopistas<\/title>\n<meta name=\"description\" content=\"Creiem en la import\u00e0ncia de seguir una pol\u00edtica de transpar\u00e8ncia amb els nostres clients, per aix\u00f2 t&#039;informem de tots els serveis que t&#039;oferim.\" \/>\n<meta name=\"robots\" content=\"index, follow, max-snippet:-1, max-image-preview:large, max-video-preview:-1\" \/>\n<link rel=\"canonical\" href=\"https:\/\/www.autopistas.com\/ca\/planifica-teu-viatge\/informacio-del-transit\/\" \/>\n<meta property=\"og:locale\" content=\"ca_ES\" \/>\n<meta property=\"og:type\" content=\"article\" \/>\n<meta property=\"og:title\" content=\"Informaci\u00f3 del tr\u00e0nsit\" \/>\n<meta property=\"og:description\" content=\"Creiem en la import\u00e0ncia de seguir una pol\u00edtica de transpar\u00e8ncia amb els nostres clients, per aix\u00f2 t&#039;informem de tots els serveis que t&#039;oferim.\" \/>\n<meta property=\"og:url\" content=\"https:\/\/www.autopistas.com\/ca\/planifica-teu-viatge\/informacio-del-transit\/\" \/>\n<meta property=\"og:site_name\" content=\"Autopistas\" \/>\n<meta property=\"article:modified_time\" content=\"2022-09-16T09:09:03+00:00\" \/>\n<meta name=\"twitter:card\" content=\"summary_large_image\" \/>\n<meta name=\"twitter:label1\" content=\"Temps estimat de lectura\" \/>\n\t<meta name=\"twitter:data1\" content=\"3 minuts\" \/>\n<script type=\"application\/ld+json\" class=\"yoast-schema-graph\">{\"@context\":\"https:\/\/schema.org\",\"@graph\":[{\"@type\":\"WebPage\",\"@id\":\"https:\/\/www.autopistas.com\/ca\/planifica-teu-viatge\/informacio-del-transit\/\",\"url\":\"https:\/\/www.autopistas.com\/ca\/planifica-teu-viatge\/informacio-del-transit\/\",\"name\":\"Informaci\u00f3 tr\u00e0nsit | Espai Autopistas\",\"isPartOf\":{\"@id\":\"https:\/\/www.autopistas.com\/ca\/#website\"},\"datePublished\":\"2018-05-18T12:03:29+00:00\",\"dateModified\":\"2022-09-16T09:09:03+00:00\",\"description\":\"Creiem en la import\u00e0ncia de seguir una pol\u00edtica de transpar\u00e8ncia amb els nostres clients, per aix\u00f2 t'informem de tots els serveis que t'oferim.\",\"breadcrumb\":{\"@id\":\"https:\/\/www.autopistas.com\/ca\/planifica-teu-viatge\/informacio-del-transit\/#breadcrumb\"},\"inLanguage\":\"ca\",\"potentialAction\":[{\"@type\":\"ReadAction\",\"target\":[\"https:\/\/www.autopistas.com\/ca\/planifica-teu-viatge\/informacio-del-transit\/\"]}]},{\"@type\":\"BreadcrumbList\",\"@id\":\"https:\/\/www.autopistas.com\/ca\/planifica-teu-viatge\/informacio-del-transit\/#breadcrumb\",\"itemListElement\":[{\"@type\":\"ListItem\",\"position\":1,\"name\":\"Portada\",\"item\":\"https:\/\/www.autopistas.com\/ca\/\"},{\"@type\":\"ListItem\",\"position\":2,\"name\":\"Planifica el teu viatge\",\"item\":\"https:\/\/www.autopistas.com\/ca\/planifica-teu-viatge\/\"},{\"@type\":\"ListItem\",\"position\":3,\"name\":\"Informaci\u00f3 del tr\u00e0nsit\"}]},{\"@type\":\"WebSite\",\"@id\":\"https:\/\/www.autopistas.com\/ca\/#website\",\"url\":\"https:\/\/www.autopistas.com\/ca\/\",\"name\":\"Autopistas\",\"description\":\"Autopistas, Contigo Hasta Donde Quieras Llegar\",\"potentialAction\":[{\"@type\":\"SearchAction\",\"target\":{\"@type\":\"EntryPoint\",\"urlTemplate\":\"https:\/\/www.autopistas.com\/ca\/?s={search_term_string}\"},\"query-input\":\"required name=search_term_string\"}],\"inLanguage\":\"ca\"}]}<\/script>\n<!-- \/ Yoast SEO Premium plugin. -->","yoast_head_json":{"title":"Informaci\u00f3 tr\u00e0nsit | Espai Autopistas","description":"Creiem en la import\u00e0ncia de seguir una pol\u00edtica de transpar\u00e8ncia amb els nostres clients, per aix\u00f2 t'informem de tots els serveis que t'oferim.","robots":{"index":"index","follow":"follow","max-snippet":"max-snippet:-1","max-image-preview":"max-image-preview:large","max-video-preview":"max-video-preview:-1"},"canonical":"https:\/\/www.autopistas.com\/ca\/planifica-teu-viatge\/informacio-del-transit\/","og_locale":"ca_ES","og_type":"article","og_title":"Informaci\u00f3 del tr\u00e0nsit","og_description":"Creiem en la import\u00e0ncia de seguir una pol\u00edtica de transpar\u00e8ncia amb els nostres clients, per aix\u00f2 t'informem de tots els serveis que t'oferim.","og_url":"https:\/\/www.autopistas.com\/ca\/planifica-teu-viatge\/informacio-del-transit\/","og_site_name":"Autopistas","article_modified_time":"2022-09-16T09:09:03+00:00","twitter_card":"summary_large_image","twitter_misc":{"Temps estimat de lectura":"3 minuts"},"schema":{"@context":"https:\/\/schema.org","@graph":[{"@type":"WebPage","@id":"https:\/\/www.autopistas.com\/ca\/planifica-teu-viatge\/informacio-del-transit\/","url":"https:\/\/www.autopistas.com\/ca\/planifica-teu-viatge\/informacio-del-transit\/","name":"Informaci\u00f3 tr\u00e0nsit | Espai Autopistas","isPartOf":{"@id":"https:\/\/www.autopistas.com\/ca\/#website"},"datePublished":"2018-05-18T12:03:29+00:00","dateModified":"2022-09-16T09:09:03+00:00","description":"Creiem en la import\u00e0ncia de seguir una pol\u00edtica de transpar\u00e8ncia amb els nostres clients, per aix\u00f2 t'informem de tots els serveis que t'oferim.","breadcrumb":{"@id":"https:\/\/www.autopistas.com\/ca\/planifica-teu-viatge\/informacio-del-transit\/#breadcrumb"},"inLanguage":"ca","potentialAction":[{"@type":"ReadAction","target":["https:\/\/www.autopistas.com\/ca\/planifica-teu-viatge\/informacio-del-transit\/"]}]},{"@type":"BreadcrumbList","@id":"https:\/\/www.autopistas.com\/ca\/planifica-teu-viatge\/informacio-del-transit\/#breadcrumb","itemListElement":[{"@type":"ListItem","position":1,"name":"Portada","item":"https:\/\/www.autopistas.com\/ca\/"},{"@type":"ListItem","position":2,"name":"Planifica el teu viatge","item":"https:\/\/www.autopistas.com\/ca\/planifica-teu-viatge\/"},{"@type":"ListItem","position":3,"name":"Informaci\u00f3 del tr\u00e0nsit"}]},{"@type":"WebSite","@id":"https:\/\/www.autopistas.com\/ca\/#website","url":"https:\/\/www.autopistas.com\/ca\/","name":"Autopistas","description":"Autopistas, Contigo Hasta Donde Quieras Llegar","potentialAction":[{"@type":"SearchAction","target":{"@type":"EntryPoint","urlTemplate":"https:\/\/www.autopistas.com\/ca\/?s={search_term_string}"},"query-input":"required name=search_term_string"}],"inLanguage":"ca"}]}},"_links":{"self":[{"href":"https:\/\/www.autopistas.com\/ca\/wp-json\/wp\/v2\/pages\/29615"}],"collection":[{"href":"https:\/\/www.autopistas.com\/ca\/wp-json\/wp\/v2\/pages"}],"about":[{"href":"https:\/\/www.autopistas.com\/ca\/wp-json\/wp\/v2\/types\/page"}],"author":[{"embeddable":true,"href":"https:\/\/www.autopistas.com\/ca\/wp-json\/wp\/v2\/users\/1"}],"replies":[{"embeddable":true,"href":"https:\/\/www.autopistas.com\/ca\/wp-json\/wp\/v2\/comments?post=29615"}],"version-history":[{"count":18,"href":"https:\/\/www.autopistas.com\/ca\/wp-json\/wp\/v2\/pages\/29615\/revisions"}],"predecessor-version":[{"id":60544,"href":"https:\/\/www.autopistas.com\/ca\/wp-json\/wp\/v2\/pages\/29615\/revisions\/60544"}],"up":[{"embeddable":true,"href":"https:\/\/www.autopistas.com\/ca\/wp-json\/wp\/v2\/pages\/26406"}],"wp:attachment":[{"href":"https:\/\/www.autopistas.com\/ca\/wp-json\/wp\/v2\/media?parent=29615"}],"curies":[{"name":"wp","href":"https:\/\/api.w.org\/{rel}","templated":true}]}}